{"id":764937,"date":"2025-08-28T11:26:21","date_gmt":"2025-08-28T08:26:21","guid":{"rendered":"https:\/\/roveyayinevi.com.tr\/index.php\/urun\/albert-einstein-4\/"},"modified":"2026-04-15T03:30:49","modified_gmt":"2026-04-15T00:30:49","slug":"albert-einstein-4","status":"publish","type":"product","link":"https:\/\/roveyayinevi.com.tr\/index.php\/urun\/albert-einstein-4\/","title":{"rendered":"Albert Einstein"},"content":{"rendered":"<p>\u201cAlbert Einstein bug\u00fcn ya\u015fasayd\u0131, g\u00fcn\u00fcm\u00fczdeki imk\u00e2nlarla kim bilir daha neler ba\u015far\u0131rd\u0131?\u201d Profes\u00f6r Fatin, olu\u015fturdu\u011fu hologramlarla bir yapay zek\u00e2 meydana getirmi\u015ftir. Profes\u00f6r, bilim insanlar\u0131n\u0131n ke\u015fiflerini inceleyerek, bu \u00e7al\u0131\u015fmalar\u0131 ve bu \u00e7al\u0131\u015fmalar\u0131n sonu\u00e7lar\u0131na dayal\u0131 t\u00fcm verileri yapay zek\u00e2ya uyarlam\u0131\u015ft\u0131r Yeni D\u00fcnya Tak\u0131m\u0131 ise bilim insanlar\u0131n\u0131n hayatlar\u0131n\u0131 ara\u015ft\u0131racak ve ara\u015ft\u0131rma verilerini sabitleyerek yapay zek\u00e2ya uyarlayacakt\u0131r. Bu sayede ge\u00e7mi\u015fin b\u00fcy\u00fck zihinleri, yar\u0131m kalan i\u015flerini tamamlayabilecekler. Yeni D\u00fcnya Tak\u0131m\u0131, bilim insanlar\u0131n\u0131n zihinlerini yapay zek\u00e2ya aktar\u0131yor. Yapay zek\u00e2n\u0131n olu\u015fturdu\u011fu hologram arac\u0131l\u0131\u011f\u0131yla bilim insanlar\u0131yla konu\u015fabiliyor, onlar\u0131n ke\u015fiflerini \u00f6\u011frenip, ilham verici hayat hik\u00e2yelerine ortak oluyor. Bu kitapta, ismi \u201cd\u00e2hi\u201d kelimesiyle e\u015f anlaml\u0131 olarak kullan\u0131lan Albert Einstein\u2019\u0131n s\u0131ra d\u0131\u015f\u0131 hayat hik\u00e2yesi yer al\u0131yor. Me\u015fhur \u201cE=mc\u00b2\u201d form\u00fcl\u00fcn\u00fcn anlam\u0131, g\u00f6relilik teorileri ve Einstein\u2019\u0131n di\u011fer ke\u015fifleri \u00f6rneklerle anlat\u0131l\u0131yor. Einstein\u2019\u0131n bilinmeyen y\u00f6nlerini ke\u015ffeden Yeni D\u00fcnya Tak\u0131m\u0131, bu s\u00fcre\u00e7te \u00f6n yarg\u0131larla da y\u00fczle\u015fecektir. <\/p>\n","protected":false},"excerpt":{"rendered":"<p>\u201cAlbert Einstein bug\u00fcn ya\u015fasayd\u0131, g\u00fcn\u00fcm\u00fczdeki imk\u00e2nlarla kim bilir daha neler ba\u015far\u0131rd\u0131?\u201d Profes\u00f6r Fatin, olu\u015fturdu\u011fu hologramlarla bir yapay zek\u00e2 meydana getirmi\u015ftir. Profes\u00f6r, bilim insanlar\u0131n\u0131n ke\u015fiflerini inceleyerek, bu<span class=\"excerpt-hellip\"> [\u2026]<\/span><\/p>\n","protected":false},"featured_media":0,"template":"","meta":{"_monsterinsights_skip_tracking":false,"_monsterinsights_sitenote_active":false,"_monsterinsights_sitenote_note":"","_monsterinsights_sitenote_category":0},"product_brand":[],"product_cat":[13829,12274],"product_tag":[],"class_list":{"0":"post-764937","1":"product","2":"type-product","3":"status-publish","5":"product_cat-bilimsel-kitaplar","6":"product_cat-cocuk-ve-genclik-kitaplari","7":"pa_cilt-ciltsiz","8":"pa_tur-kitap","9":"pa_yayinevi-genc-hayat","10":"pa_yazar-oznur-cokcanli","12":"first","13":"instock","14":"sale","15":"shipping-taxable","16":"purchasable","17":"product-type-simple"},"_links":{"self":[{"href":"https:\/\/roveyayinevi.com.tr\/index.php\/wp-json\/wp\/v2\/product\/764937","targetHints":{"allow":["GET"]}}],"collection":[{"href":"https:\/\/roveyayinevi.com.tr\/index.php\/wp-json\/wp\/v2\/product"}],"about":[{"href":"https:\/\/roveyayinevi.com.tr\/index.php\/wp-json\/wp\/v2\/types\/product"}],"wp:attachment":[{"href":"https:\/\/roveyayinevi.com.tr\/index.php\/wp-json\/wp\/v2\/media?parent=764937"}],"wp:term":[{"taxonomy":"product_brand","embeddable":true,"href":"https:\/\/roveyayinevi.com.tr\/index.php\/wp-json\/wp\/v2\/product_brand?post=764937"},{"taxonomy":"product_cat","embeddable":true,"href":"https:\/\/roveyayinevi.com.tr\/index.php\/wp-json\/wp\/v2\/product_cat?post=764937"},{"taxonomy":"product_tag","embeddable":true,"href":"https:\/\/roveyayinevi.com.tr\/index.php\/wp-json\/wp\/v2\/product_tag?post=764937"}],"curies":[{"name":"wp","href":"https:\/\/api.w.org\/{rel}","templated":true}]}}