{"id":764935,"date":"2025-08-28T11:26:18","date_gmt":"2025-08-28T08:26:18","guid":{"rendered":"https:\/\/roveyayinevi.com.tr\/index.php\/urun\/bireysel-psikoloji-2\/"},"modified":"2026-04-15T03:30:49","modified_gmt":"2026-04-15T00:30:49","slug":"bireysel-psikoloji-2","status":"publish","type":"product","link":"https:\/\/roveyayinevi.com.tr\/index.php\/urun\/bireysel-psikoloji-2\/","title":{"rendered":"Bireysel Psikoloji"},"content":{"rendered":"<p>Alfred Adler\u2019e g\u00f6re insan, daima bir amaca y\u00f6nelmi\u015f bir varl\u0131kt\u0131r; bu amaca ula\u015fma \u00e7abas\u0131 ise \u00fcst\u00fcnl\u00fck ve ereklilik aray\u0131\u015f\u0131yla \u015fekillenir. Adler, Bireysel Psikoloji \u00e7al\u0131\u015fmas\u0131nda bireyin d\u00fc\u015f\u00fcnce yap\u0131s\u0131n\u0131 anlamak ve hayat\u0131n zorluklar\u0131na kar\u015f\u0131 ald\u0131\u011f\u0131 tutumu \u00e7\u00f6z\u00fcmlemek i\u00e7in teorilerini sunuyor.   Bu \u00f6nemli eserde, Adler\u2019in insan davran\u0131\u015flar\u0131na y\u00f6nelik geli\u015ftirdi\u011fi temel kavramlar ve teoriler yer al\u0131yor. \u0130nsan\u0131 yaln\u0131zca biyolojik ya da psikoseks\u00fcel d\u00fcrt\u00fclerle de\u011fil, toplumsal ba\u011flamda de\u011ferlendiren Adler, bireyin \u00e7evresiyle olan ili\u015fkilerini ve sosyal hedeflerini \u00f6n plana \u00e7\u0131kar\u0131yor.   Erken \u00e7ocukluk deneyimlerinin gelecekteki ya\u015fant\u0131m\u0131z \u00fczerindeki etkilerini, Adler\u2019in keskin analizleriyle ke\u015ffedeceksiniz. Her bireyin, ge\u00e7mi\u015finden ald\u0131\u011f\u0131 deneyimlerle \u015fekillenen kendine \u00f6zg\u00fc bir ya\u015fam tarz\u0131 yaratma s\u00fcrecini Bireysel Psikoloji ile daha yak\u0131ndan anlayacaks\u0131n\u0131z. <\/p>\n","protected":false},"excerpt":{"rendered":"<p>Alfred Adler\u2019e g\u00f6re insan, daima bir amaca y\u00f6nelmi\u015f bir varl\u0131kt\u0131r; bu amaca ula\u015fma \u00e7abas\u0131 ise \u00fcst\u00fcnl\u00fck ve ereklilik aray\u0131\u015f\u0131yla \u015fekillenir. Adler, Bireysel Psikoloji \u00e7al\u0131\u015fmas\u0131nda bireyin d\u00fc\u015f\u00fcnce<span class=\"excerpt-hellip\"> [\u2026]<\/span><\/p>\n","protected":false},"featured_media":0,"template":"","meta":{"_monsterinsights_skip_tracking":false,"_monsterinsights_sitenote_active":false,"_monsterinsights_sitenote_note":"","_monsterinsights_sitenote_category":0},"product_brand":[],"product_cat":[12357],"product_tag":[],"class_list":{"0":"post-764935","1":"product","2":"type-product","3":"status-publish","5":"product_cat-psikoloji","6":"pa_cilt-ciltsiz","7":"pa_tur-kitap","8":"pa_yayinevi-hayat-yayinlari","9":"pa_yazar-alfred-adler","11":"first","12":"instock","13":"sale","14":"shipping-taxable","15":"purchasable","16":"product-type-simple"},"_links":{"self":[{"href":"https:\/\/roveyayinevi.com.tr\/index.php\/wp-json\/wp\/v2\/product\/764935","targetHints":{"allow":["GET"]}}],"collection":[{"href":"https:\/\/roveyayinevi.com.tr\/index.php\/wp-json\/wp\/v2\/product"}],"about":[{"href":"https:\/\/roveyayinevi.com.tr\/index.php\/wp-json\/wp\/v2\/types\/product"}],"wp:attachment":[{"href":"https:\/\/roveyayinevi.com.tr\/index.php\/wp-json\/wp\/v2\/media?parent=764935"}],"wp:term":[{"taxonomy":"product_brand","embeddable":true,"href":"https:\/\/roveyayinevi.com.tr\/index.php\/wp-json\/wp\/v2\/product_brand?post=764935"},{"taxonomy":"product_cat","embeddable":true,"href":"https:\/\/roveyayinevi.com.tr\/index.php\/wp-json\/wp\/v2\/product_cat?post=764935"},{"taxonomy":"product_tag","embeddable":true,"href":"https:\/\/roveyayinevi.com.tr\/index.php\/wp-json\/wp\/v2\/product_tag?post=764935"}],"curies":[{"name":"wp","href":"https:\/\/api.w.org\/{rel}","templated":true}]}}