{"id":764934,"date":"2025-08-28T11:26:17","date_gmt":"2025-08-28T08:26:17","guid":{"rendered":"https:\/\/roveyayinevi.com.tr\/index.php\/urun\/gitmenin-psikolojisi\/"},"modified":"2026-04-15T03:30:49","modified_gmt":"2026-04-15T00:30:49","slug":"gitmenin-psikolojisi","status":"publish","type":"product","link":"https:\/\/roveyayinevi.com.tr\/index.php\/urun\/gitmenin-psikolojisi\/","title":{"rendered":"Gitmenin Psikolojisi"},"content":{"rendered":"<p>Gitmek; insan\u0131n bulundu\u011fu yerden, ailesinden, sevgilisinden, \u00e7evresinden, duygu ve d\u00fc\u015f\u00fcncelerinden, ruh h\u00e2linden ayr\u0131lmas\u0131d\u0131r. Gitmek bir tav\u0131rd\u0131r, davran\u0131\u015f bi\u00e7imidir, mesajd\u0131r. \u0130nsan\u0131n olmay\u0131 istedi\u011fi ama bir t\u00fcrl\u00fc olamad\u0131\u011f\u0131, kendinden ve uzakla\u015fmak istedi\u011fi \u00f6z benli\u011finden ka\u00e7\u0131\u015f\u0131d\u0131r. Ruh d\u00fcnyas\u0131n\u0131n karma\u015fas\u0131ndan k\u00f6ken alan gitmek eyleminin bir\u00e7ok h\u00e2lini psikolojide, felsefede, edebiyatta, sinemada g\u00f6r\u00fcr\u00fcz.   Yaln\u0131zl\u0131k Psikolojisi ve Mutluluk Psikolojisi\u2019nden sonra serinin \u00fc\u00e7\u00fcnc\u00fc kitab\u0131 Gitmenin Psikolojisi\u2019ni kaleme alan Dr. Recai Yahyao\u011flu, gitmenin her h\u00e2lini \u015fairane bir tav\u0131rla aktar\u0131yor. \u201cBa\u015fka hayatlar m\u00fcmk\u00fcn\u201d diyerek gitmeye karar vermi\u015flerin psikolojisini anlamak ve giderken ne s\u00f6yledi\u011fini fark etmek i\u00e7in \u0131\u015f\u0131k tutuyor.   Gitmenin Psikolojisi\u2019nde sanattan edebiyata, sinemadan psikolojiye kadar gitmenin her motifini g\u00f6receksiniz.<\/p>\n","protected":false},"excerpt":{"rendered":"<p>Gitmek; insan\u0131n bulundu\u011fu yerden, ailesinden, sevgilisinden, \u00e7evresinden, duygu ve d\u00fc\u015f\u00fcncelerinden, ruh h\u00e2linden ayr\u0131lmas\u0131d\u0131r. Gitmek bir tav\u0131rd\u0131r, davran\u0131\u015f bi\u00e7imidir, mesajd\u0131r. \u0130nsan\u0131n olmay\u0131 istedi\u011fi ama bir t\u00fcrl\u00fc olamad\u0131\u011f\u0131,<span class=\"excerpt-hellip\"> [\u2026]<\/span><\/p>\n","protected":false},"featured_media":0,"template":"","meta":{"_monsterinsights_skip_tracking":false,"_monsterinsights_sitenote_active":false,"_monsterinsights_sitenote_note":"","_monsterinsights_sitenote_category":0},"product_brand":[],"product_cat":[12357],"product_tag":[],"class_list":{"0":"post-764934","1":"product","2":"type-product","3":"status-publish","5":"product_cat-psikoloji","6":"pa_cilt-ciltsiz","7":"pa_tur-kitap","8":"pa_yayinevi-hayat-yayinlari","9":"pa_yazar-recai-yahyaoglu","11":"first","12":"instock","13":"sale","14":"shipping-taxable","15":"purchasable","16":"product-type-simple"},"_links":{"self":[{"href":"https:\/\/roveyayinevi.com.tr\/index.php\/wp-json\/wp\/v2\/product\/764934","targetHints":{"allow":["GET"]}}],"collection":[{"href":"https:\/\/roveyayinevi.com.tr\/index.php\/wp-json\/wp\/v2\/product"}],"about":[{"href":"https:\/\/roveyayinevi.com.tr\/index.php\/wp-json\/wp\/v2\/types\/product"}],"wp:attachment":[{"href":"https:\/\/roveyayinevi.com.tr\/index.php\/wp-json\/wp\/v2\/media?parent=764934"}],"wp:term":[{"taxonomy":"product_brand","embeddable":true,"href":"https:\/\/roveyayinevi.com.tr\/index.php\/wp-json\/wp\/v2\/product_brand?post=764934"},{"taxonomy":"product_cat","embeddable":true,"href":"https:\/\/roveyayinevi.com.tr\/index.php\/wp-json\/wp\/v2\/product_cat?post=764934"},{"taxonomy":"product_tag","embeddable":true,"href":"https:\/\/roveyayinevi.com.tr\/index.php\/wp-json\/wp\/v2\/product_tag?post=764934"}],"curies":[{"name":"wp","href":"https:\/\/api.w.org\/{rel}","templated":true}]}}