{"id":764933,"date":"2025-08-28T11:26:15","date_gmt":"2025-08-28T08:26:15","guid":{"rendered":"https:\/\/roveyayinevi.com.tr\/index.php\/urun\/kendime-geldim\/"},"modified":"2026-04-11T14:33:14","modified_gmt":"2026-04-11T11:33:14","slug":"kendime-geldim","status":"publish","type":"product","link":"https:\/\/roveyayinevi.com.tr\/index.php\/urun\/kendime-geldim\/","title":{"rendered":"Kendime Geldim"},"content":{"rendered":"<p>Yazar Safiye \u00c7etinkaya, \u201cKendime Geldim\u201d kitab\u0131nda hepimizin ortak sorunlar\u0131na dikkat \u00e7ekiyor. Duygusal yorgunluktan, anla\u015f\u0131lamama problemlerinden, yaln\u0131zl\u0131k hissinden nas\u0131l kurtulaca\u011f\u0131m\u0131za dair yol haritas\u0131 sunuyor. Toplumsal geli\u015fimin \u00f6nemini ya\u015fanm\u0131\u015f hik\u00e2yelerin sat\u0131r aralar\u0131nda bizlere sunan \u00c7etinkaya, nas\u0131l kendimize gelece\u011fimizi anlat\u0131yor.   Her bir hik\u00e2ye tan\u0131d\u0131k, her bir sorun bilindik\u2026   \u201cKendime Geldim\u201d ile biraz senden biraz benden izler bulacaks\u0131n. Hayat\u0131n ger\u00e7ekli\u011finde mutlulu\u011fu yakalama yolunda ad\u0131m ad\u0131m ilerleyece\u011fiz. <\/p>\n","protected":false},"excerpt":{"rendered":"<p>Yazar Safiye \u00c7etinkaya, \u201cKendime Geldim\u201d kitab\u0131nda hepimizin ortak sorunlar\u0131na dikkat \u00e7ekiyor. Duygusal yorgunluktan, anla\u015f\u0131lamama problemlerinden, yaln\u0131zl\u0131k hissinden nas\u0131l kurtulaca\u011f\u0131m\u0131za dair yol haritas\u0131 sunuyor. Toplumsal geli\u015fimin \u00f6nemini<span class=\"excerpt-hellip\"> [\u2026]<\/span><\/p>\n","protected":false},"featured_media":0,"template":"","meta":{"_monsterinsights_skip_tracking":false,"_monsterinsights_sitenote_active":false,"_monsterinsights_sitenote_note":"","_monsterinsights_sitenote_category":0},"product_brand":[],"product_cat":[12364,12376],"product_tag":[],"class_list":{"0":"post-764933","1":"product","2":"type-product","3":"status-publish","5":"product_cat-genel-konular","6":"product_cat-kisisel-gelisim","7":"pa_cilt-ciltsiz","8":"pa_tur-kitap","9":"pa_yayinevi-hayat-yayinlari","10":"pa_yazar-safiye-cetinkaya","12":"first","13":"instock","14":"sale","15":"shipping-taxable","16":"purchasable","17":"product-type-simple"},"_links":{"self":[{"href":"https:\/\/roveyayinevi.com.tr\/index.php\/wp-json\/wp\/v2\/product\/764933","targetHints":{"allow":["GET"]}}],"collection":[{"href":"https:\/\/roveyayinevi.com.tr\/index.php\/wp-json\/wp\/v2\/product"}],"about":[{"href":"https:\/\/roveyayinevi.com.tr\/index.php\/wp-json\/wp\/v2\/types\/product"}],"wp:attachment":[{"href":"https:\/\/roveyayinevi.com.tr\/index.php\/wp-json\/wp\/v2\/media?parent=764933"}],"wp:term":[{"taxonomy":"product_brand","embeddable":true,"href":"https:\/\/roveyayinevi.com.tr\/index.php\/wp-json\/wp\/v2\/product_brand?post=764933"},{"taxonomy":"product_cat","embeddable":true,"href":"https:\/\/roveyayinevi.com.tr\/index.php\/wp-json\/wp\/v2\/product_cat?post=764933"},{"taxonomy":"product_tag","embeddable":true,"href":"https:\/\/roveyayinevi.com.tr\/index.php\/wp-json\/wp\/v2\/product_tag?post=764933"}],"curies":[{"name":"wp","href":"https:\/\/api.w.org\/{rel}","templated":true}]}}