{"id":764932,"date":"2025-08-28T11:26:14","date_gmt":"2025-08-28T08:26:14","guid":{"rendered":"https:\/\/roveyayinevi.com.tr\/index.php\/urun\/isra-ve-mirac-isiginda-tek-din-cagi\/"},"modified":"2026-04-15T03:30:49","modified_gmt":"2026-04-15T00:30:49","slug":"isra-ve-mirac-isiginda-tek-din-cagi","status":"publish","type":"product","link":"https:\/\/roveyayinevi.com.tr\/index.php\/urun\/isra-ve-mirac-isiginda-tek-din-cagi\/","title":{"rendered":"\u0130sra ve Mira\u00e7 I\u015f\u0131\u011f\u0131nda: Tek Din \u00c7a\u011f\u0131"},"content":{"rendered":"<p>Yazar Mehmet Ali Bulut, Kur\u2019an-\u0131 Kerim, \u0130ncil ve Tevrat\u2019a G\u00f6re Sonun Ba\u015flang\u0131c\u0131 eserinin devam\u0131 niteli\u011findeki bu kitapta, Hz. Muhammed (sav) etraf\u0131nda kurulacak olan ittifak\u0131 ve \u0130sra ve Mira\u00e7\u2019\u0131n bizlere sundu\u011fu derin anlamlar\u0131 g\u00f6zler \u00f6n\u00fcne seriyor. \u0130nsanl\u0131\u011f\u0131n \u201cTek Din \u00c7a\u011f\u0131\u201dna do\u011fru ilerledi\u011fine dikkat \u00e7eken Mehmet Ali Bulut, \u0130sra ve Mira\u00e7 hadisesinin sembolik ve manevi y\u00f6nlerini, g\u00fcn\u00fcm\u00fcz M\u00fcsl\u00fcmanlar\u0131n\u0131n g\u00f6revlerini ve insanl\u0131\u011f\u0131n kaderini ayd\u0131nlat\u0131yor.   \u0130sra ve Mira\u00e7, sadece bir mucize de\u011fil, ayn\u0131 zamanda M\u00fcsl\u00fcmanlar\u0131n iman\u0131n\u0131 peki\u015ftiren ve insanl\u0131k i\u00e7in \u00f6nemli mesajlar ta\u015f\u0131yan bir yolculuktur. Bu kutsal hadise, hem bireysel ruhsal geli\u015fim hem de t\u00fcm insanl\u0131k i\u00e7in bir ittifak \u00e7a\u011fr\u0131s\u0131d\u0131r.   Mehmet Ali Bulut, \u0130bn Abbas\u2019\u0131n \u201cEl-\u0130sra ve\u2019l-Mi\u2019rac Lil-\u0130mam \u0130bni Abbas\u201d metninin terc\u00fcmesi ve derinlemesine yorumlar\u0131yla okuyucuyu ittifak \u0131\u015f\u0131\u011f\u0131 ile bulu\u015fturuyor.   \u201cBe\u015feriyet i\u00e7in ittifak d\u00f6nemi yakla\u015f\u0131yor. Kur\u2019an\u2019\u0131n mutlak h\u00e2kimiyet \u00e7a\u011f\u0131na giriyoruz. Mira\u00e7\u2019ta t\u00fcm peygamberlerin Hz. Muhammed etraf\u0131nda toplanmas\u0131, bizlere bu ger\u00e7e\u011fi g\u00f6steriyor.\u201d <\/p>\n","protected":false},"excerpt":{"rendered":"<p>Yazar Mehmet Ali Bulut, Kur\u2019an-\u0131 Kerim, \u0130ncil ve Tevrat\u2019a G\u00f6re Sonun Ba\u015flang\u0131c\u0131 eserinin devam\u0131 niteli\u011findeki bu kitapta, Hz. Muhammed (sav) etraf\u0131nda kurulacak olan ittifak\u0131 ve \u0130sra<span class=\"excerpt-hellip\"> [\u2026]<\/span><\/p>\n","protected":false},"featured_media":0,"template":"","meta":{"_monsterinsights_skip_tracking":false,"_monsterinsights_sitenote_active":false,"_monsterinsights_sitenote_note":"","_monsterinsights_sitenote_category":0},"product_brand":[],"product_cat":[12718,12719],"product_tag":[],"class_list":{"0":"post-764932","1":"product","2":"type-product","3":"status-publish","5":"product_cat-din","6":"product_cat-islam","7":"pa_cilt-ciltsiz","8":"pa_tur-kitap","9":"pa_yayinevi-hayat-yayinlari","10":"pa_yazar-mehmet-ali-bulut","12":"first","13":"instock","14":"sale","15":"shipping-taxable","16":"purchasable","17":"product-type-simple"},"_links":{"self":[{"href":"https:\/\/roveyayinevi.com.tr\/index.php\/wp-json\/wp\/v2\/product\/764932","targetHints":{"allow":["GET"]}}],"collection":[{"href":"https:\/\/roveyayinevi.com.tr\/index.php\/wp-json\/wp\/v2\/product"}],"about":[{"href":"https:\/\/roveyayinevi.com.tr\/index.php\/wp-json\/wp\/v2\/types\/product"}],"wp:attachment":[{"href":"https:\/\/roveyayinevi.com.tr\/index.php\/wp-json\/wp\/v2\/media?parent=764932"}],"wp:term":[{"taxonomy":"product_brand","embeddable":true,"href":"https:\/\/roveyayinevi.com.tr\/index.php\/wp-json\/wp\/v2\/product_brand?post=764932"},{"taxonomy":"product_cat","embeddable":true,"href":"https:\/\/roveyayinevi.com.tr\/index.php\/wp-json\/wp\/v2\/product_cat?post=764932"},{"taxonomy":"product_tag","embeddable":true,"href":"https:\/\/roveyayinevi.com.tr\/index.php\/wp-json\/wp\/v2\/product_tag?post=764932"}],"curies":[{"name":"wp","href":"https:\/\/api.w.org\/{rel}","templated":true}]}}