{"id":764931,"date":"2025-08-28T11:26:12","date_gmt":"2025-08-28T08:26:12","guid":{"rendered":"https:\/\/roveyayinevi.com.tr\/index.php\/urun\/uygarlik-ardindaki-ahlak\/"},"modified":"2026-04-15T03:30:49","modified_gmt":"2026-04-15T00:30:49","slug":"uygarlik-ardindaki-ahlak","status":"publish","type":"product","link":"https:\/\/roveyayinevi.com.tr\/index.php\/urun\/uygarlik-ardindaki-ahlak\/","title":{"rendered":"Uygarl\u0131k Ard\u0131ndaki Ahlak"},"content":{"rendered":"<p>Bu kitap, yaz\u0131n\u0131m\u0131z\u0131n belki de hak etti\u011fi de\u011feri g\u00f6remeyen isimlerinden Orhan Burian\u2019\u0131n d\u00fcnya edebiyat\u0131, T\u00fcrk edebiyat\u0131, edebiyat tarihi ve edebiyat fikri \u00fczerine yazd\u0131\u011f\u0131 bir\u00e7ok yaz\u0131dan derlenmi\u015ftir. Ya\u015fam\u0131nda ve hatta \u00f6l\u00fcm\u00fcn\u00fcn ard\u0131ndan niteli\u011fini ve de\u011ferini koruyan bu yaz\u0131lar\u0131, kendi d\u00f6neminin yazarlar\u0131 ve edebiyat d\u00fc\u015f\u00fcncesi hakk\u0131nda \u00f6nemli fikirler vermektedir&#8230;.\u201cDe\u011fi\u015fi\u015fin hayat\u0131m\u0131za temel oldu\u011funu anlamakta neden isteksiziz? Bu bizi her an tetikte, her an deneye haz\u0131r durmaya zorlayacakt\u0131r da ondan. De\u011fi\u015fi\u015fin \u00f6z\u00fcne varan insandan, hayat\u0131n\u0131 veren g\u00fc\u00e7lere uyan\u0131k bulunmak beklenebilir. Bu da s\u00fcrekli bir \u00e7aba demektir. Akl\u0131n her an yeni ko\u015fullardan yeni bir ak\u0131l yoluna varmas\u0131 demektir. Bizse \u00f6mr\u00fcm\u00fczde d\u00f6nem d\u00f6nem kimi d\u00fc\u015f\u00fcnceleri, kimi bi\u00e7imleri tamamlanm\u0131\u015f birer b\u00fct\u00fcn olarak almaya ve ona g\u00f6re kuramlar, yasalar, yarg\u0131lar kurmaya bak\u0131yoruz. Hayat\u0131 hem insafs\u0131zcas\u0131na hem bo\u015funa ta\u015fla\u015ft\u0131r\u0131yoruz. Daha do\u011frusu ta\u015fla\u015ft\u0131rd\u0131k san\u0131yoruz&#8230;\u201dOrhan Burian <\/p>\n","protected":false},"excerpt":{"rendered":"<p>Bu kitap, yaz\u0131n\u0131m\u0131z\u0131n belki de hak etti\u011fi de\u011feri g\u00f6remeyen isimlerinden Orhan Burian\u2019\u0131n d\u00fcnya edebiyat\u0131, T\u00fcrk edebiyat\u0131, edebiyat tarihi ve edebiyat fikri \u00fczerine yazd\u0131\u011f\u0131 bir\u00e7ok yaz\u0131dan derlenmi\u015ftir.<span class=\"excerpt-hellip\"> [\u2026]<\/span><\/p>\n","protected":false},"featured_media":0,"template":"","meta":{"_monsterinsights_skip_tracking":false,"_monsterinsights_sitenote_active":false,"_monsterinsights_sitenote_note":"","_monsterinsights_sitenote_category":0},"product_brand":[],"product_cat":[12777,12291],"product_tag":[],"class_list":{"0":"post-764931","1":"product","2":"type-product","3":"status-publish","5":"product_cat-deneme","6":"product_cat-edebiyat","7":"pa_cilt-ciltsiz","8":"pa_tur-kitap","9":"pa_yayinevi-telgrafhane-yayinlari","10":"pa_yazar-orhan-burian","12":"first","13":"instock","14":"sale","15":"shipping-taxable","16":"purchasable","17":"product-type-simple"},"_links":{"self":[{"href":"https:\/\/roveyayinevi.com.tr\/index.php\/wp-json\/wp\/v2\/product\/764931","targetHints":{"allow":["GET"]}}],"collection":[{"href":"https:\/\/roveyayinevi.com.tr\/index.php\/wp-json\/wp\/v2\/product"}],"about":[{"href":"https:\/\/roveyayinevi.com.tr\/index.php\/wp-json\/wp\/v2\/types\/product"}],"wp:attachment":[{"href":"https:\/\/roveyayinevi.com.tr\/index.php\/wp-json\/wp\/v2\/media?parent=764931"}],"wp:term":[{"taxonomy":"product_brand","embeddable":true,"href":"https:\/\/roveyayinevi.com.tr\/index.php\/wp-json\/wp\/v2\/product_brand?post=764931"},{"taxonomy":"product_cat","embeddable":true,"href":"https:\/\/roveyayinevi.com.tr\/index.php\/wp-json\/wp\/v2\/product_cat?post=764931"},{"taxonomy":"product_tag","embeddable":true,"href":"https:\/\/roveyayinevi.com.tr\/index.php\/wp-json\/wp\/v2\/product_tag?post=764931"}],"curies":[{"name":"wp","href":"https:\/\/api.w.org\/{rel}","templated":true}]}}