{"id":764930,"date":"2025-08-28T11:26:10","date_gmt":"2025-08-28T08:26:10","guid":{"rendered":"https:\/\/roveyayinevi.com.tr\/index.php\/urun\/nazim-hikmetin-polemikleri\/"},"modified":"2026-04-15T03:30:49","modified_gmt":"2026-04-15T00:30:49","slug":"nazim-hikmetin-polemikleri","status":"publish","type":"product","link":"https:\/\/roveyayinevi.com.tr\/index.php\/urun\/nazim-hikmetin-polemikleri\/","title":{"rendered":"Naz\u0131m Hikmet\u2019in Polemikleri"},"content":{"rendered":"<p>T\u00fcrk edebiyat\u0131n\u0131n bug\u00fcnk\u00fc k\u0131van\u00e7 verici dinamizmine ve halk\u00e7\u0131 \u00f6z\u00fcne kavu\u015fmas\u0131, yazarlar\u0131m\u0131z\u0131n d\u00fcnyaca tan\u0131nmas\u0131, hep N\u00e2z\u0131m Hikmet\u2019le ba\u015flayan yenile\u015fme ak\u0131m\u0131n\u0131n sonucudur. Bug\u00fcn\u00fc iyi anlayabilmek i\u00e7in 40 y\u0131l \u00f6nce ba\u015flayan edebiyat kavgalar\u0131na e\u011filmek, onlar\u0131 bilmek gerek. Biz bu inan\u00e7la bu k\u00fc\u00e7\u00fck incelemeyi haz\u0131rlad\u0131k. B\u00f6ylece ta\u015flamada eri\u015filmemi\u015f bir zirve olan b\u00fcy\u00fck ustan\u0131n bu yan\u0131n\u0131, kar\u015f\u0131s\u0131ndakilerin ba\u015fvurduklar\u0131 taktikleri h\u00e2l\u00e2 bug\u00fcn de ge\u00e7er ak\u00e7e yapmaya \u00e7al\u0131\u015ft\u0131klar\u0131n\u0131 ibretle belirtmek istedik. Ge\u00e7mi\u015f y\u0131llar\u0131n edebi kavgalar\u0131na k\u00fc\u00e7\u00fck bir \u0131\u015f\u0131k tutabildikse, seviniriz.-Kemal S\u00dcLKER&#8211; B\u00fcy\u00fck harpte tereya\u011fl\u0131 ekmek yiyenler.- Ahmet Ha\u015fim, N\u00e2z\u0131m\u2019\u0131n geli\u015fini selaml\u0131yor.- Mehmet Emin\u2019in dili bir irticad\u0131r.- Bir anda N\u00e2z\u0131m Hikmet\u2019e d\u00fc\u015fman kesilenler.- N\u00e2z\u0131m Hikmet, milli putlar\u0131 k\u0131r\u0131yor.- Abd\u00fclhak Hamid\u2019in N\u00e2z\u0131m\u2019a ziyafeti.- Takdis edilen kelep\u00e7e ve ya\u011fl\u0131 ip.- Yakup Kadri, Edebiyat Mahkemesi\u2019nde.- Bir komik \u00e2deme (Hamdullah Suphi\u2019ye) hicviye.- Peyami Safa ve jurnalc\u0131l\u0131k.- Dr. Hikmet K\u0131v\u0131lc\u0131m\u2019a g\u00f6re N\u00e2z\u0131m Hikmet.- Orhan Selim\u2019in kimli\u011fi.- Cing\u00f6z Recai sahnede.- Nam\u0131k Kemal ve N\u00e2z\u0131m Hikmet.- Yahya Kemal\u2019in durumu.- N\u00e2z\u0131m Hikmet\u2019in \u201cmilli\u201dli\u011fi. <\/p>\n","protected":false},"excerpt":{"rendered":"<p>T\u00fcrk edebiyat\u0131n\u0131n bug\u00fcnk\u00fc k\u0131van\u00e7 verici dinamizmine ve halk\u00e7\u0131 \u00f6z\u00fcne kavu\u015fmas\u0131, yazarlar\u0131m\u0131z\u0131n d\u00fcnyaca tan\u0131nmas\u0131, hep N\u00e2z\u0131m Hikmet\u2019le ba\u015flayan yenile\u015fme ak\u0131m\u0131n\u0131n sonucudur. Bug\u00fcn\u00fc iyi anlayabilmek i\u00e7in 40 y\u0131l<span class=\"excerpt-hellip\"> [\u2026]<\/span><\/p>\n","protected":false},"featured_media":0,"template":"","meta":{"_monsterinsights_skip_tracking":false,"_monsterinsights_sitenote_active":false,"_monsterinsights_sitenote_note":"","_monsterinsights_sitenote_category":0},"product_brand":[],"product_cat":[12304],"product_tag":[],"class_list":{"0":"post-764930","1":"product","2":"type-product","3":"status-publish","5":"product_cat-tarih","6":"pa_cilt-ciltsiz","7":"pa_tur-kitap","8":"pa_yayinevi-telgrafhane-yayinlari","9":"pa_yazar-kemal-sulker","11":"first","12":"instock","13":"sale","14":"shipping-taxable","15":"purchasable","16":"product-type-simple"},"_links":{"self":[{"href":"https:\/\/roveyayinevi.com.tr\/index.php\/wp-json\/wp\/v2\/product\/764930","targetHints":{"allow":["GET"]}}],"collection":[{"href":"https:\/\/roveyayinevi.com.tr\/index.php\/wp-json\/wp\/v2\/product"}],"about":[{"href":"https:\/\/roveyayinevi.com.tr\/index.php\/wp-json\/wp\/v2\/types\/product"}],"wp:attachment":[{"href":"https:\/\/roveyayinevi.com.tr\/index.php\/wp-json\/wp\/v2\/media?parent=764930"}],"wp:term":[{"taxonomy":"product_brand","embeddable":true,"href":"https:\/\/roveyayinevi.com.tr\/index.php\/wp-json\/wp\/v2\/product_brand?post=764930"},{"taxonomy":"product_cat","embeddable":true,"href":"https:\/\/roveyayinevi.com.tr\/index.php\/wp-json\/wp\/v2\/product_cat?post=764930"},{"taxonomy":"product_tag","embeddable":true,"href":"https:\/\/roveyayinevi.com.tr\/index.php\/wp-json\/wp\/v2\/product_tag?post=764930"}],"curies":[{"name":"wp","href":"https:\/\/api.w.org\/{rel}","templated":true}]}}