{"id":764927,"date":"2025-08-28T11:26:06","date_gmt":"2025-08-28T08:26:06","guid":{"rendered":"https:\/\/roveyayinevi.com.tr\/index.php\/urun\/beethoven\/"},"modified":"2026-04-11T14:33:14","modified_gmt":"2026-04-11T11:33:14","slug":"beethoven","status":"publish","type":"product","link":"https:\/\/roveyayinevi.com.tr\/index.php\/urun\/beethoven\/","title":{"rendered":"Beethoven"},"content":{"rendered":"<p>Gen\u00e7 ya\u015f\u0131ndan itibaren i\u015fitme duyusunu yitirmeye ba\u015flayan ve \u00f6mr\u00fcn\u00fcn son on y\u0131l\u0131nda hemen hemen tamamen kaybeden Ludwig van Beethoven (1770-1827), bize arma\u011fan etti\u011fi bestelerin bir k\u0131sm\u0131n\u0131, \u00f6rne\u011fin Dokuzuncu Senfoni\u2019yi kendisi dinleyememi\u015ftir. Eserin ilk icras\u0131n\u0131n salonda yol a\u00e7t\u0131\u011f\u0131 alk\u0131\u015f tufan\u0131n\u0131 sahneden duyamam\u0131\u015f, ancak birisi onu kolundan tutup arkas\u0131na d\u00f6nd\u00fcrd\u00fc\u011f\u00fcnde g\u00f6rebilmi\u015ftir. Bu durumuyla bile insanl\u0131k tarihinin en g\u00fczel bestelerinden baz\u0131lar\u0131n\u0131 \u00fcreten ve m\u00fczikte b\u00fcy\u00fck bir de\u011fi\u015fim yaratan b\u00fcy\u00fck devrimci, dehan\u0131n beden bulmu\u015f halidir. D\u00fc\u015f\u00fcn\u00fclebilecek en pis ve da\u011f\u0131n\u0131k evlerde ya\u015fayan, \u00f6mr\u00fcn\u00fc huysuz, kaba, savruk, pasakl\u0131 bir adam olarak ge\u00e7iren Beethoven\u2019\u0131n beste \u00e7al\u0131\u015fmalar\u0131naysa b\u00fcy\u00fck bir titizlik, kesinlik ve ayr\u0131nt\u0131c\u0131l\u0131k hakimdir. Bu a\u00e7\u0131dan bireyin d\u00fcnya \u00fczerindeki s\u00fcfli varl\u0131\u011f\u0131yla \u00e7a\u011flar\u0131n \u00f6tesinden insan\u0131n ruhuna uzanan dehan\u0131n ulvi sanatsal varolu\u015fu aras\u0131ndaki kar\u015f\u0131tl\u0131\u011f\u0131n en dokunakl\u0131 \u00f6rne\u011fidir. Sitemk\u00e2r oldu\u011fu kaderini en az dehas\u0131 kadar b\u00fcy\u00fck irade g\u00fcc\u00fc sayesinde kabullenmi\u015f ama kurulu d\u00fczenin kendini konumland\u0131rd\u0131\u011f\u0131 yere hayat\u0131 boyunca raz\u0131 olmam\u0131\u015ft\u0131r. Nobranl\u0131k s\u0131n\u0131r\u0131n\u0131 zorlayan bir ger\u00e7ek\u00e7ilikle, \u00fcstelik y\u0131llarca kendisine maddi destek sa\u011flayan Prens Lichnowsky\u2019e, \u201cSiz do\u011fumunuzdaki rastlant\u0131yla bug\u00fcnk\u00fc siz oldunuz. Binlerce prens olmu\u015ftur ve olacakt\u0131r oysa yaln\u0131zca bir tek Beethoven vard\u0131r\u201d der. Kraliyet arabas\u0131n\u0131 g\u00f6rd\u00fc\u011f\u00fcnde e\u011filip selam veren Goethe\u2019nin tersine, s\u0131rt\u0131n\u0131 d\u00f6n\u00fcp uzakla\u015f\u0131r. Bir eserini ithaf etti\u011fi kral\u0131n kar\u015f\u0131l\u0131k olarak g\u00f6nderdi\u011fi m\u00fccevher sahte \u00e7\u0131k\u0131nca iade etmesine etraf\u0131ndakiler zor engel olur. Sadece aristokrasiye de\u011fil, sanat\u0131n\u0131n ticarile\u015fmesine, yay\u0131nc\u0131lar\u0131n iznini almadan ve yeterince telif \u00f6demeden eserlerini basmas\u0131na da itiraz eder: \u201c\u0130nsan beyni sat\u0131labilir bir mal de\u011fildir.\u201d 1958\u2019den itibaren Princeton, Harvard ve Boston \u00fcniversitelerinde ders veren ABD\u2019li m\u00fczikolog ve Beethoven uzman\u0131 Lewis Lockwood\u2019un kaleminden \u00e7\u0131kma elinizdeki biyografi, Beethoven\u2019\u0131n hayat\u0131n\u0131n ve m\u00fczi\u011finin, istenirse beraber, istenirse ayr\u0131 ayr\u0131 izlenebilece\u011fi bir \u015fekilde b\u00f6l\u00fcmlendirilmi\u015ftir. \u00d6zelikle 9. Senfoni\u2019yle ilgili b\u00f6l\u00fcm, bir yandan t\u00fcm hareketlerin, serimlerin, \u00f6l\u00e7\u00fclerin kitaptan izlenirken bir yandan da bu harika m\u00fczi\u011fin tad\u0131n\u0131n \u00e7\u0131kar\u0131labilece\u011fi \u00f6l\u00e7\u00fcde uzun, ayr\u0131nt\u0131l\u0131 ve a\u00e7\u0131klay\u0131c\u0131d\u0131r. <\/p>\n","protected":false},"excerpt":{"rendered":"<p>Gen\u00e7 ya\u015f\u0131ndan itibaren i\u015fitme duyusunu yitirmeye ba\u015flayan ve \u00f6mr\u00fcn\u00fcn son on y\u0131l\u0131nda hemen hemen tamamen kaybeden Ludwig van Beethoven (1770-1827), bize arma\u011fan etti\u011fi bestelerin bir k\u0131sm\u0131n\u0131,<span class=\"excerpt-hellip\"> [\u2026]<\/span><\/p>\n","protected":false},"featured_media":0,"template":"","meta":{"_monsterinsights_skip_tracking":false,"_monsterinsights_sitenote_active":false,"_monsterinsights_sitenote_note":"","_monsterinsights_sitenote_category":0},"product_brand":[],"product_cat":[14009,12291],"product_tag":[],"class_list":{"0":"post-764927","1":"product","2":"type-product","3":"status-publish","5":"product_cat-biyografi-otobiyografi-edebiyat","6":"product_cat-edebiyat","7":"pa_cilt-ciltsiz","8":"pa_tur-kitap","9":"pa_yayinevi-is-bankasi-kultur-yayinlari","10":"pa_yazar-lewis-lockwood","12":"first","13":"instock","14":"sale","15":"shipping-taxable","16":"purchasable","17":"product-type-simple"},"_links":{"self":[{"href":"https:\/\/roveyayinevi.com.tr\/index.php\/wp-json\/wp\/v2\/product\/764927","targetHints":{"allow":["GET"]}}],"collection":[{"href":"https:\/\/roveyayinevi.com.tr\/index.php\/wp-json\/wp\/v2\/product"}],"about":[{"href":"https:\/\/roveyayinevi.com.tr\/index.php\/wp-json\/wp\/v2\/types\/product"}],"wp:attachment":[{"href":"https:\/\/roveyayinevi.com.tr\/index.php\/wp-json\/wp\/v2\/media?parent=764927"}],"wp:term":[{"taxonomy":"product_brand","embeddable":true,"href":"https:\/\/roveyayinevi.com.tr\/index.php\/wp-json\/wp\/v2\/product_brand?post=764927"},{"taxonomy":"product_cat","embeddable":true,"href":"https:\/\/roveyayinevi.com.tr\/index.php\/wp-json\/wp\/v2\/product_cat?post=764927"},{"taxonomy":"product_tag","embeddable":true,"href":"https:\/\/roveyayinevi.com.tr\/index.php\/wp-json\/wp\/v2\/product_tag?post=764927"}],"curies":[{"name":"wp","href":"https:\/\/api.w.org\/{rel}","templated":true}]}}