{"id":764926,"date":"2025-08-28T11:26:04","date_gmt":"2025-08-28T08:26:04","guid":{"rendered":"https:\/\/roveyayinevi.com.tr\/index.php\/urun\/kierkegaard\/"},"modified":"2026-04-15T03:30:49","modified_gmt":"2026-04-15T00:30:49","slug":"kierkegaard","status":"publish","type":"product","link":"https:\/\/roveyayinevi.com.tr\/index.php\/urun\/kierkegaard\/","title":{"rendered":"Kierkegaard"},"content":{"rendered":"<p>Soren Aabye Kierkegaard\u2019un (1813-1855) eserleri, g\u00fcn\u00fcm\u00fczde h\u00e2l\u00e2 ilgi g\u00f6rmesine kar\u015f\u0131n bir ba\u011flama oturtulmam\u0131\u015f, ya\u015fad\u0131klar\u0131yla yazd\u0131klar\u0131 aras\u0131nda bir ba\u011flant\u0131 kurulmam\u0131\u015ft\u0131r. Halbuki bu yaz\u0131 faaliyetinin i\u00e7ine yerle\u015fti\u011fi genel bir felsefi \u015fema bulunmaktad\u0131r. Kierkegaard, hayat\u0131n\u0131, varolu\u015fun derin anlam\u0131na dair karma\u015f\u0131k ke\u015fiflere adam\u0131\u015f bir yazard\u0131r. Bu anlamda b\u00fct\u00fcn yazd\u0131klar\u0131, kendi hakk\u0131ndad\u0131r. \u00d6te yandan okurlar\u0131n\u0131 kendi varolu\u015flar\u0131yla y\u00fczle\u015ftirmek isteyen bir d\u00fc\u015f\u00fcn\u00fcr olarak yazd\u0131klar\u0131 sadece kendisiyle ilgili de\u011fildir; d\u00fcnyada birey olma m\u00fccadelesine kafa yormu\u015ftur \u00f6mr\u00fc boyunca. Pi\u015fman olmak ve bunun ac\u0131s\u0131yla hayat\u0131 boyunca ba\u011flanmak i\u00e7in ayr\u0131ld\u0131\u011f\u0131 sevgili ni\u015fanl\u0131s\u0131 Regine\u2019nin kendisinden tiksinmesini sa\u011flamak amac\u0131yla yazd\u0131\u011f\u0131 Ya\/Ya da, onun m\u00fcstear isimle yazd\u0131\u011f\u0131 ilk kitapt\u0131r. Sonu\u00e7ta \u00f6mr\u00fc boyunca hat\u0131ras\u0131na ba\u011fl\u0131 kald\u0131\u011f\u0131 Regine\u2019yi kendinden so\u011futmay\u0131 ba\u015faramam\u0131\u015f, bu arada okur nezdinde b\u00fcy\u00fck ilgi g\u00f6ren eser sayesinde tan\u0131nan bir yazar olmu\u015ftur. O da Ba\u015ftan \u00c7\u0131kar\u0131c\u0131n\u0131n G\u00fcnl\u00fc\u011f\u00fc, Korku ve Titreme, \u0130roni Kavram\u0131, Kayg\u0131 Kavram\u0131, Felsefe Par\u00e7alar\u0131 Ya Da Bir Par\u00e7a Felsefe gibi yap\u0131tlarla bu ilginin kar\u015f\u0131l\u0131\u011f\u0131n\u0131 vererek d\u00fcnya felsefe tarihi i\u00e7inde sa\u011flam bir yer edinmi\u015ftir. Kierkegaard, tutarl\u0131 ve zaman i\u00e7inde geli\u015fen bak\u0131\u015f a\u00e7\u0131lar\u0131 kazand\u0131rd\u0131\u011f\u0131 ondan fazla m\u00fcstear isimle yazd\u0131\u011f\u0131 kitaplarda, o karakterleri birbirleriyle ve kendisiyle tart\u0131\u015ft\u0131rmak gibi inan\u0131lmaz bir \u015fey yapacak kadar \u00f6zg\u00fcn d\u00fc\u015f\u00fcnce zenginli\u011fine sahip bir polemik\u00e7idir. \u201c\u0130nsanl\u0131\u011fa olan sevgisi nedeniyle\u201d g\u00f6revinin \u201cher yerde g\u00fc\u00e7l\u00fck \u00e7\u0131karmak\u201d oldu\u011funa karar verip bu yolda tek ba\u015f\u0131na azimle y\u00fcr\u00fcyen bu ilgin\u00e7 d\u00fc\u015f\u00fcn\u00fcr, \u00e7evresiyle giri\u015fti\u011fi m\u00fccadele ve rekabetten ibaret olan k\u0131sa \u00f6mr\u00fcn\u00fcn son deminde d\u00fcnyadaki mevcudiyetinin amac\u0131na ula\u015ft\u0131\u011f\u0131n\u0131 \u015f\u00f6yle dile getirmi\u015ftir: \u201cTinim o kadar g\u00fc\u00e7l\u00fc ki art\u0131k bedenimi bo\u011fuyor.\u201d Oslo \u00dcniversitesi Felsefe B\u00f6l\u00fcm\u00fc\u2019n\u00fcn k\u0131demli hocas\u0131 Alastair Hannay\u2019\u0131n, Kierkegaard d\u00fc\u015f\u00fcncesinin olu\u015fum evrelerine odaklanarak ilerledi\u011fi elinizdeki kitap, bu ilgin\u00e7 felsefecinin eserlerini hayat\u0131n\u0131n i\u00e7ine oturtan ve hayat\u0131yla felsefesinin \u00f6rt\u00fc\u015ft\u00fc\u011f\u00fcn\u00fc ortaya koyan ilk biyografidir<\/p>\n","protected":false},"excerpt":{"rendered":"<p>Soren Aabye Kierkegaard\u2019un (1813-1855) eserleri, g\u00fcn\u00fcm\u00fczde h\u00e2l\u00e2 ilgi g\u00f6rmesine kar\u015f\u0131n bir ba\u011flama oturtulmam\u0131\u015f, ya\u015fad\u0131klar\u0131yla yazd\u0131klar\u0131 aras\u0131nda bir ba\u011flant\u0131 kurulmam\u0131\u015ft\u0131r. Halbuki bu yaz\u0131 faaliyetinin i\u00e7ine yerle\u015fti\u011fi genel<span class=\"excerpt-hellip\"> [\u2026]<\/span><\/p>\n","protected":false},"featured_media":0,"template":"","meta":{"_monsterinsights_skip_tracking":false,"_monsterinsights_sitenote_active":false,"_monsterinsights_sitenote_note":"","_monsterinsights_sitenote_category":0},"product_brand":[],"product_cat":[14009,12291],"product_tag":[],"class_list":{"0":"post-764926","1":"product","2":"type-product","3":"status-publish","5":"product_cat-biyografi-otobiyografi-edebiyat","6":"product_cat-edebiyat","7":"pa_cilt-ciltsiz","8":"pa_tur-kitap","9":"pa_yayinevi-is-bankasi-kultur-yayinlari","10":"pa_yazar-alastair-hannay","12":"first","13":"instock","14":"sale","15":"shipping-taxable","16":"purchasable","17":"product-type-simple"},"_links":{"self":[{"href":"https:\/\/roveyayinevi.com.tr\/index.php\/wp-json\/wp\/v2\/product\/764926","targetHints":{"allow":["GET"]}}],"collection":[{"href":"https:\/\/roveyayinevi.com.tr\/index.php\/wp-json\/wp\/v2\/product"}],"about":[{"href":"https:\/\/roveyayinevi.com.tr\/index.php\/wp-json\/wp\/v2\/types\/product"}],"wp:attachment":[{"href":"https:\/\/roveyayinevi.com.tr\/index.php\/wp-json\/wp\/v2\/media?parent=764926"}],"wp:term":[{"taxonomy":"product_brand","embeddable":true,"href":"https:\/\/roveyayinevi.com.tr\/index.php\/wp-json\/wp\/v2\/product_brand?post=764926"},{"taxonomy":"product_cat","embeddable":true,"href":"https:\/\/roveyayinevi.com.tr\/index.php\/wp-json\/wp\/v2\/product_cat?post=764926"},{"taxonomy":"product_tag","embeddable":true,"href":"https:\/\/roveyayinevi.com.tr\/index.php\/wp-json\/wp\/v2\/product_tag?post=764926"}],"curies":[{"name":"wp","href":"https:\/\/api.w.org\/{rel}","templated":true}]}}