{"id":764925,"date":"2025-08-28T11:26:01","date_gmt":"2025-08-28T08:26:01","guid":{"rendered":"https:\/\/roveyayinevi.com.tr\/index.php\/urun\/caesar\/"},"modified":"2026-04-15T03:30:49","modified_gmt":"2026-04-15T00:30:49","slug":"caesar","status":"publish","type":"product","link":"https:\/\/roveyayinevi.com.tr\/index.php\/urun\/caesar\/","title":{"rendered":"Caesar"},"content":{"rendered":"<p>T\u00fcrkiye\u2019de daha \u00e7ok J\u00fcl Sezar olarak tan\u0131nan Gaius Iulius Caesar (M\u00d6 100- 44), dramatik \u00f6l\u00fcm\u00fcnden bu yana iki bin y\u0131ldan fazla s\u00fcre ge\u00e7ti\u011fi halde antik d\u00fcnya denince ad\u0131 akla ilk gelen ki\u015filerdendir. Roma\u2019n\u0131n bu \u00fcnl\u00fc komutan\u0131 ve y\u00f6neticisi, servetini yitirmi\u015f kadim bir ailenin gen\u00e7 mensubu olarak toplum i\u00e7ine \u00e7\u0131kt\u0131\u011f\u0131 ilk andan son g\u00fcn\u00fcne kadar k\u0131l\u0131\u011f\u0131, tarz\u0131, k\u0131vrak zek\u00e2s\u0131 ve \u00f6zg\u00fcveniyle ilgi \u00e7eken biriydi. Togay\u0131 kimse onun gibi giymedi, sa\u00e7lar\u0131n\u0131 kimse onun gibi taramad\u0131; kimse onun gibi y\u00fcr\u00fcy\u00fcp onun gibi konu\u015fmad\u0131 Roma\u2019da. \u015eehrin en tekinsiz d\u00f6neminde erken ya\u015fta kamu hizmetine girip ki\u015fisel \u00e7eki\u015fmelerin, siyasi suikastlar\u0131n, mali skandallar\u0131n, komplolar\u0131n aras\u0131ndan s\u0131yr\u0131larak en tepeye, kons\u00fcll\u00fc\u011fe ula\u015fmas\u0131nda, halk y\u0131\u011f\u0131nlar\u0131 yarar\u0131na politikalar\u0131 kadar bu karizmas\u0131n\u0131n da pay\u0131 vard\u0131. \u201cRoma\u2019daki her kad\u0131n\u0131n kocas\u0131\u201d gibisinden \u0131srarl\u0131 yak\u0131\u015ft\u0131rmalar, \u201ckel zampara geliyor, kar\u0131lar\u0131n\u0131z\u0131 saklay\u0131n Romal\u0131lar\u201d tarz\u0131 kaba espriler bile ki\u015fisel cazibesine ve siyasi kariyerine zarar veremedi. As\u0131l \u015fan\u0131n\u0131 ve zenginli\u011fini, bir milyondan fazla insan\u0131 \u00f6ld\u00fcr\u00fcp bir o kadar\u0131n\u0131 da esir ald\u0131\u011f\u0131 Galya\u2019daki valili\u011fi s\u0131ras\u0131nda kazanan Caesar, bundan sonra eski siyasi orta\u011f\u0131 Pompeius\u2019la i\u00e7sava\u015fa tutu\u015ftu. Onu da yendi\u011finde, \u00fclkesinin topraklar\u0131n\u0131 geni\u015fletmi\u015f, d\u00f6rt kez zafer alay\u0131 d\u00fczenleyip d\u00f6rt defa kons\u00fcl olmu\u015f, senato taraf\u0131ndan \u00f6m\u00fcr boyu diktat\u00f6rl\u00fck payesiyle \u00f6d\u00fcllendirilmi\u015f, takvime bir ay ekleyip o aya kendi ad\u0131n\u0131 vermi\u015f, d\u00f6neminin ba\u015fta gelen edebi eserleri aras\u0131nda say\u0131lan Gallia Sava\u015f\u0131 adl\u0131 kitab\u0131n\u0131 yazm\u0131\u015f biri olarak Roma\u2019daki en zengin, g\u00fc\u00e7l\u00fc ve etkili ki\u015fi haline geldi. Bu \u015fekilde hayat\u0131n\u0131n zirvesine ula\u015fm\u0131\u015fken cumhuriyeti yok edip krall\u0131\u011f\u0131n\u0131 ilan edece\u011fini d\u00fc\u015f\u00fcnen bir grup cumhuriyet\u00e7inin d\u00fczenledi\u011fi suikast sonucu \u00f6ld\u00fcr\u00fcld\u00fc. Tarih, siyasi bir \u015fahsiyet hakk\u0131ndaki h\u00fckm\u00fcn\u00fc verirken, \u00e7a\u011fda\u015flar\u0131n\u0131n ve sonraki ku\u015faklar\u0131n hayat\u0131n\u0131 ne derece etkiledi\u011finin yan\u0131 s\u0131ra hareketlerinin ba\u015fkas\u0131nda olmayan bir t\u0131ls\u0131mla y\u00fckl\u00fc olup olmad\u0131\u011f\u0131na da bakar. Antik Roma\u2019n\u0131n toplumsal hayat\u0131n\u0131 g\u00f6z\u00fcm\u00fczde ba\u015far\u0131yla canland\u0131ran uzman tarih\u00e7i ve yazar Adrian Goldsworthy\u2019nin harika biyografisi, d\u00fcnyada \u00e7ok az insana bah\u015fedilmi\u015f bu \u00f6zel b\u00fcy\u00fcye Caesar\u2019\u0131n da sahip oldu\u011funa dair en g\u00fczel anlat\u0131mlardan birini olu\u015fturuyor. <\/p>\n","protected":false},"excerpt":{"rendered":"<p>T\u00fcrkiye\u2019de daha \u00e7ok J\u00fcl Sezar olarak tan\u0131nan Gaius Iulius Caesar (M\u00d6 100- 44), dramatik \u00f6l\u00fcm\u00fcnden bu yana iki bin y\u0131ldan fazla s\u00fcre ge\u00e7ti\u011fi halde antik d\u00fcnya<span class=\"excerpt-hellip\"> [\u2026]<\/span><\/p>\n","protected":false},"featured_media":0,"template":"","meta":{"_monsterinsights_skip_tracking":false,"_monsterinsights_sitenote_active":false,"_monsterinsights_sitenote_note":"","_monsterinsights_sitenote_category":0},"product_brand":[],"product_cat":[14009,12291],"product_tag":[],"class_list":{"0":"post-764925","1":"product","2":"type-product","3":"status-publish","5":"product_cat-biyografi-otobiyografi-edebiyat","6":"product_cat-edebiyat","7":"pa_cilt-ciltsiz","8":"pa_tur-kitap","9":"pa_yayinevi-is-bankasi-kultur-yayinlari","10":"pa_yazar-adrian-goldsworthy","12":"first","13":"instock","14":"sale","15":"shipping-taxable","16":"purchasable","17":"product-type-simple"},"_links":{"self":[{"href":"https:\/\/roveyayinevi.com.tr\/index.php\/wp-json\/wp\/v2\/product\/764925","targetHints":{"allow":["GET"]}}],"collection":[{"href":"https:\/\/roveyayinevi.com.tr\/index.php\/wp-json\/wp\/v2\/product"}],"about":[{"href":"https:\/\/roveyayinevi.com.tr\/index.php\/wp-json\/wp\/v2\/types\/product"}],"wp:attachment":[{"href":"https:\/\/roveyayinevi.com.tr\/index.php\/wp-json\/wp\/v2\/media?parent=764925"}],"wp:term":[{"taxonomy":"product_brand","embeddable":true,"href":"https:\/\/roveyayinevi.com.tr\/index.php\/wp-json\/wp\/v2\/product_brand?post=764925"},{"taxonomy":"product_cat","embeddable":true,"href":"https:\/\/roveyayinevi.com.tr\/index.php\/wp-json\/wp\/v2\/product_cat?post=764925"},{"taxonomy":"product_tag","embeddable":true,"href":"https:\/\/roveyayinevi.com.tr\/index.php\/wp-json\/wp\/v2\/product_tag?post=764925"}],"curies":[{"name":"wp","href":"https:\/\/api.w.org\/{rel}","templated":true}]}}