{"id":764924,"date":"2025-08-28T11:25:59","date_gmt":"2025-08-28T08:25:59","guid":{"rendered":"https:\/\/roveyayinevi.com.tr\/index.php\/urun\/cok-tatli-pijama-partisi-surprizi\/"},"modified":"2026-04-15T03:30:49","modified_gmt":"2026-04-15T00:30:49","slug":"cok-tatli-pijama-partisi-surprizi","status":"publish","type":"product","link":"https:\/\/roveyayinevi.com.tr\/index.php\/urun\/cok-tatli-pijama-partisi-surprizi\/","title":{"rendered":"\u00c7ok Tatl\u0131 \u2013 Pijama Partisi S\u00fcrprizi"},"content":{"rendered":"<p>P\u0130JAMA PART\u0130C\u0130 BICIRIKLAR TULUMLARINI G\u0130YD\u0130LER! Tembel hayvan SAMMY, her zaman keyifle etrafta ko\u015fu\u015fturur ama bug\u00fcn onun i\u00e7in daha da heyecanl\u0131 bir g\u00fcn. Hazine av\u0131ndan b\u00fcy\u00fcleyici bir gece ziyafetine kadar bir s\u00fcr\u00fc \u00e7ok tatl\u0131 s\u00fcrprizle dolu \u00e7ok \u00d6ZEL bir pijama partisi verecek. Ama pek de dost canl\u0131s\u0131 olmayan s\u00fcrpriz bir misafir geldi\u011finde, pijama partisinin b\u00fct\u00fcn gece s\u00fcrd\u00fc\u011f\u00fcnden emin olmak i\u00e7in Sammy\u2019nin bir plana ihtiyac\u0131 olacak. Hepimizin farkl\u0131l\u0131klar\u0131n\u0131 kutlayan, kahkahalar att\u0131racak, kalpleri \u0131s\u0131tacak bir hik\u00e2ye! <\/p>\n","protected":false},"excerpt":{"rendered":"<p>P\u0130JAMA PART\u0130C\u0130 BICIRIKLAR TULUMLARINI G\u0130YD\u0130LER! Tembel hayvan SAMMY, her zaman keyifle etrafta ko\u015fu\u015fturur ama bug\u00fcn onun i\u00e7in daha da heyecanl\u0131 bir g\u00fcn. Hazine av\u0131ndan b\u00fcy\u00fcleyici bir<span class=\"excerpt-hellip\"> [\u2026]<\/span><\/p>\n","protected":false},"featured_media":0,"template":"","meta":{"_monsterinsights_skip_tracking":false,"_monsterinsights_sitenote_active":false,"_monsterinsights_sitenote_note":"","_monsterinsights_sitenote_category":0},"product_brand":[],"product_cat":[12274,12284],"product_tag":[],"class_list":{"0":"post-764924","1":"product","2":"type-product","3":"status-publish","5":"product_cat-cocuk-ve-genclik-kitaplari","6":"product_cat-hikayeler","7":"pa_cilt-ciltsiz","8":"pa_tur-kitap","9":"pa_yayinevi-is-bankasi-kultur-yayinlari","10":"pa_yazar-pip-bird","12":"first","13":"instock","14":"sale","15":"shipping-taxable","16":"purchasable","17":"product-type-simple"},"_links":{"self":[{"href":"https:\/\/roveyayinevi.com.tr\/index.php\/wp-json\/wp\/v2\/product\/764924","targetHints":{"allow":["GET"]}}],"collection":[{"href":"https:\/\/roveyayinevi.com.tr\/index.php\/wp-json\/wp\/v2\/product"}],"about":[{"href":"https:\/\/roveyayinevi.com.tr\/index.php\/wp-json\/wp\/v2\/types\/product"}],"wp:attachment":[{"href":"https:\/\/roveyayinevi.com.tr\/index.php\/wp-json\/wp\/v2\/media?parent=764924"}],"wp:term":[{"taxonomy":"product_brand","embeddable":true,"href":"https:\/\/roveyayinevi.com.tr\/index.php\/wp-json\/wp\/v2\/product_brand?post=764924"},{"taxonomy":"product_cat","embeddable":true,"href":"https:\/\/roveyayinevi.com.tr\/index.php\/wp-json\/wp\/v2\/product_cat?post=764924"},{"taxonomy":"product_tag","embeddable":true,"href":"https:\/\/roveyayinevi.com.tr\/index.php\/wp-json\/wp\/v2\/product_tag?post=764924"}],"curies":[{"name":"wp","href":"https:\/\/api.w.org\/{rel}","templated":true}]}}