{"id":764923,"date":"2025-08-28T11:25:57","date_gmt":"2025-08-28T08:25:57","guid":{"rendered":"https:\/\/roveyayinevi.com.tr\/index.php\/urun\/leibniz-3\/"},"modified":"2026-04-15T03:30:49","modified_gmt":"2026-04-15T00:30:49","slug":"leibniz-3","status":"publish","type":"product","link":"https:\/\/roveyayinevi.com.tr\/index.php\/urun\/leibniz-3\/","title":{"rendered":"Leibniz"},"content":{"rendered":"<p>Gottfried Wilhelm Leibniz (1646 \u2013 1716), hayat\u0131n\u0131 adayaca\u011f\u0131 projeyi gen\u00e7lik y\u0131llar\u0131nda belirleme bahtiyarl\u0131\u011f\u0131na sahip olmu\u015f ama geni\u015f ilgi alan\u0131 i\u00e7inde da\u011f\u0131lmas\u0131 nedeniyle ger\u00e7ekle\u015ftirememe bahts\u0131zl\u0131\u011f\u0131na u\u011fram\u0131\u015ft\u0131r: Kamu yarar\u0131n\u0131 ve Tanr\u0131\u2019n\u0131n \u015fan\u0131n\u0131 y\u00fcceltmek \u00fczere bilimlerin tespiti ve geli\u015ftirilmesi amac\u0131yla bir bilimler ansiklopedisi \u00e7\u0131karmak. Ansiklopedisini \u00e7\u0131karamam\u0131\u015f ama bu u\u011furda fizik, felsefe, tarih, etik, hukuk, jeoloji ve teolojiden \u00c7in diline kadar \u00e7ok \u00e7e\u015fitli alanlarda yapt\u0131\u011f\u0131 \u00e7al\u0131\u015fmalarla kendisini bilgi deposuna d\u00f6n\u00fc\u015ft\u00fcrm\u00fc\u015f ve Avrupa\u2019n\u0131n h\u00fck\u00fcmdarlar\u0131 taraf\u0131ndan \u201cy\u00fcr\u00fcyen ansiklopedi\u201d nam\u0131yla h\u00fcsn\u00fc kabul g\u00f6rm\u00fc\u015ft\u00fcr. \u201cYa\u015fad\u0131\u011f\u0131m\u0131z d\u00fcnya, olas\u0131 d\u00fcnyalar\u0131n en iyisidir\u201d d\u00fcsturunu ortaya atarak g\u00fcn\u00fcm\u00fczde insanlara umut a\u015f\u0131layan ki\u015fisel geli\u015fim literat\u00fcr\u00fcne kadar uzanacak yolu a\u00e7m\u0131\u015ft\u0131r. \u0130leri ya\u015flar\u0131nda eski usul giysileri ve peruklar\u0131yla gen\u00e7ler taraf\u0131ndan ge\u00e7mi\u015f zamanlardan kalan g\u00fcl\u00fcn\u00e7 bir fosil olarak g\u00f6r\u00fclse de ho\u015f sohbeti, cana yak\u0131nl\u0131\u011f\u0131, iyimserli\u011fi ve k\u00f6t\u00fc kokmamas\u0131 sayesinde \u00f6zellikle n\u00fcfuz sahibi kad\u0131nlar\u0131n vazge\u00e7emedi\u011fi bir ak\u0131l hocas\u0131 olmu\u015ftur. Latince, Almanca ve Frans\u0131zca yazd\u0131\u011f\u0131 eserleri, on binlerce mektubu ve yine on binlerce sayfay\u0131 bulan yay\u0131nlanmam\u0131\u015f taslaklar\u0131yla mant\u0131k, matematik, fizik ve metafizik alan\u0131na unutulmaz katk\u0131lar yapm\u0131\u015ft\u0131r. D\u00fcnyan\u0131n d\u00f6rt i\u015flem yapabilen ilk hesap makinesini icat eden odur. \u0130kili matematik sistemine kazand\u0131rd\u0131\u011f\u0131 i\u015flevsellikle bilgisayar\u0131n atas\u0131 say\u0131lmak gibi bir onura sahiptir. \u00d6l\u00fcm\u00fcnden sonra verilen bu payeye kar\u015f\u0131n hayattayken kalk\u00fcl\u00fcs\u00fc Newton\u2019dan \u00e7almad\u0131\u011f\u0131n\u0131, ba\u011f\u0131ms\u0131z olarak kendinin de geli\u015ftirdi\u011fini bir t\u00fcrl\u00fc ispatlayamam\u0131\u015f, bu y\u00fczden \u00f6mr\u00fcn\u00fcn son y\u0131llar\u0131nda \u00fclkesinin medar\u0131 iftihar\u0131 olarak de\u011fil, bir intihalci olarak g\u00f6r\u00fclm\u00fc\u015ft\u00fcr. Muhtemelen bunun etkisiyle tabutuna bir kehanet hakkettirmi\u015ftir: Inclinata resurget. Elinizdeki biyografinin yazar\u0131 din felsefesi uzman\u0131 Maria Rosa Antognazza\u2019ya g\u00f6re tarih, bu b\u00fcy\u00fck \u00e2limin son evrensel deha oldu\u011funa h\u00fckmederek itibar\u0131n\u0131 iade etmi\u015ftir. Yani tabuttaki kehanet do\u011fru \u00e7\u0131km\u0131\u015ft\u0131r: \u0130nen \u00e7izgi tekrar y\u00fckselecektir. <\/p>\n","protected":false},"excerpt":{"rendered":"<p>Gottfried Wilhelm Leibniz (1646 \u2013 1716), hayat\u0131n\u0131 adayaca\u011f\u0131 projeyi gen\u00e7lik y\u0131llar\u0131nda belirleme bahtiyarl\u0131\u011f\u0131na sahip olmu\u015f ama geni\u015f ilgi alan\u0131 i\u00e7inde da\u011f\u0131lmas\u0131 nedeniyle ger\u00e7ekle\u015ftirememe bahts\u0131zl\u0131\u011f\u0131na u\u011fram\u0131\u015ft\u0131r: Kamu<span class=\"excerpt-hellip\"> [\u2026]<\/span><\/p>\n","protected":false},"featured_media":0,"template":"","meta":{"_monsterinsights_skip_tracking":false,"_monsterinsights_sitenote_active":false,"_monsterinsights_sitenote_note":"","_monsterinsights_sitenote_category":0},"product_brand":[],"product_cat":[14009,12291],"product_tag":[],"class_list":{"0":"post-764923","1":"product","2":"type-product","3":"status-publish","5":"product_cat-biyografi-otobiyografi-edebiyat","6":"product_cat-edebiyat","7":"pa_cilt-ciltsiz","8":"pa_tur-kitap","9":"pa_yayinevi-is-bankasi-kultur-yayinlari","10":"pa_yazar-maria-rosa-antognazza","12":"first","13":"instock","14":"sale","15":"shipping-taxable","16":"purchasable","17":"product-type-simple"},"_links":{"self":[{"href":"https:\/\/roveyayinevi.com.tr\/index.php\/wp-json\/wp\/v2\/product\/764923","targetHints":{"allow":["GET"]}}],"collection":[{"href":"https:\/\/roveyayinevi.com.tr\/index.php\/wp-json\/wp\/v2\/product"}],"about":[{"href":"https:\/\/roveyayinevi.com.tr\/index.php\/wp-json\/wp\/v2\/types\/product"}],"wp:attachment":[{"href":"https:\/\/roveyayinevi.com.tr\/index.php\/wp-json\/wp\/v2\/media?parent=764923"}],"wp:term":[{"taxonomy":"product_brand","embeddable":true,"href":"https:\/\/roveyayinevi.com.tr\/index.php\/wp-json\/wp\/v2\/product_brand?post=764923"},{"taxonomy":"product_cat","embeddable":true,"href":"https:\/\/roveyayinevi.com.tr\/index.php\/wp-json\/wp\/v2\/product_cat?post=764923"},{"taxonomy":"product_tag","embeddable":true,"href":"https:\/\/roveyayinevi.com.tr\/index.php\/wp-json\/wp\/v2\/product_tag?post=764923"}],"curies":[{"name":"wp","href":"https:\/\/api.w.org\/{rel}","templated":true}]}}