{"id":764921,"date":"2025-08-28T11:25:52","date_gmt":"2025-08-28T08:25:52","guid":{"rendered":"https:\/\/roveyayinevi.com.tr\/index.php\/urun\/john-stuart-mill\/"},"modified":"2026-04-15T03:30:49","modified_gmt":"2026-04-15T00:30:49","slug":"john-stuart-mill","status":"publish","type":"product","link":"https:\/\/roveyayinevi.com.tr\/index.php\/urun\/john-stuart-mill\/","title":{"rendered":"John Stuart Mill"},"content":{"rendered":"<p>John Stuart Mill (1806-1873), 19. y\u00fczy\u0131l\u0131n en etkili \u0130ngiliz filozofu ve devrin b\u00fct\u00fcn \u00f6nemli konular\u0131 hakk\u0131nda ortalama insana bile hitap edecek tarzda yazan \u00f6rnek bir Victoria d\u00f6nemi entelekt\u00fceli idi. Parlamento \u00fcyeli\u011fi dahil, ya\u015fad\u0131\u011f\u0131 d\u00f6nemin olaylar\u0131 i\u00e7inde aktif yer alan bir d\u00fc\u015f\u00fcn\u00fcrd\u00fc ve bu rol i\u00e7in, babas\u0131 James Mill taraf\u0131ndan \u00f6zel olarak e\u011fitilmi\u015fti. Metafizik, epistemoloji, ahlak, sosyal felsefe, siyaset felsefesi, din felsefesi ve e\u011fitim felsefesine \u00f6nemli katk\u0131larda bulundu. \u00d6zg\u00fcrl\u00fck \u00dcst\u00fcne, System of Logic ve Principles of Political Economy adl\u0131 kitaplar\u0131yla etkili oldu ve \u00fcn kazand\u0131. Ki\u015fisel ba\u011f\u0131ms\u0131zl\u0131k \u00fczerinde durdu. Felsefi a\u00e7\u0131dan liberal k\u00fclt\u00fcr\u00fc en geni\u015f \u015fekilde a\u00e7\u0131klayan d\u00fc\u015f\u00fcn\u00fcrd\u00fcr. Siyasi a\u00e7\u0131dan bireysel yarar\u0131 ortak yararla ili\u015fkilendirmek i\u00e7in ba\u011f\u0131ms\u0131zl\u0131k kavram\u0131n\u0131 kulland\u0131. Ekonomik a\u00e7\u0131dansa giri\u015fimcili\u011fi evrensel hale getirerek i\u015f\u00e7i ve i\u015fveren aras\u0131ndaki ayr\u0131m\u0131 a\u015fmaya \u00e7al\u0131\u015ft\u0131. Demokrat tutumu nedeniyle kimilerince sosyalist olarak g\u00f6r\u00fcld\u00fc. Mill, karaktere ve ertelenmi\u015f hazza verdi\u011fi \u00f6nemle Viktoryen tarz\u0131 do\u011fruculu\u011fu simgeliyordu. Babas\u0131ndan sonra en \u00e7ok etkilendi\u011fi ki\u015fi olan Harriet Taylor\u2019la ili\u015fkisi, bu erdem anlay\u0131\u015f\u0131n\u0131n sadece d\u00fc\u015f\u00fcncede kalmay\u0131p ki\u015fisel hayat\u0131na ayn\u0131 tutarl\u0131l\u0131kla yans\u0131d\u0131\u011f\u0131n\u0131n g\u00f6stergesidir. Kad\u0131nlar i\u00e7in de ba\u011f\u0131ms\u0131zl\u0131\u011f\u0131 savundu; cinsiyet e\u015fitli\u011finin, liberal k\u00fclt\u00fcr sahibi ba\u011f\u0131ms\u0131z bireylerin hayatlar\u0131nda tatmine ula\u015fmalar\u0131na nas\u0131l katk\u0131da bulunaca\u011f\u0131 \u00fczerine kafa yordu. John Stuart Mill\u2019in liberalizmi ele al\u0131\u015f bi\u00e7imi, ard\u0131ndan gelen t\u00fcm tart\u0131\u015fmalar i\u00e7in \u00e7\u0131k\u0131\u015f noktas\u0131 olmaya devam ediyor. <\/p>\n","protected":false},"excerpt":{"rendered":"<p>John Stuart Mill (1806-1873), 19. y\u00fczy\u0131l\u0131n en etkili \u0130ngiliz filozofu ve devrin b\u00fct\u00fcn \u00f6nemli konular\u0131 hakk\u0131nda ortalama insana bile hitap edecek tarzda yazan \u00f6rnek bir Victoria<span class=\"excerpt-hellip\"> [\u2026]<\/span><\/p>\n","protected":false},"featured_media":0,"template":"","meta":{"_monsterinsights_skip_tracking":false,"_monsterinsights_sitenote_active":false,"_monsterinsights_sitenote_note":"","_monsterinsights_sitenote_category":0},"product_brand":[],"product_cat":[12291,12711],"product_tag":[],"class_list":{"0":"post-764921","1":"product","2":"type-product","3":"status-publish","5":"product_cat-edebiyat","6":"product_cat-roman-oyku","7":"pa_cilt-ciltsiz","8":"pa_tur-kitap","9":"pa_yayinevi-is-bankasi-kultur-yayinlari","10":"pa_yazar-nicholas-capaldi","12":"first","13":"instock","14":"sale","15":"shipping-taxable","16":"purchasable","17":"product-type-simple"},"_links":{"self":[{"href":"https:\/\/roveyayinevi.com.tr\/index.php\/wp-json\/wp\/v2\/product\/764921","targetHints":{"allow":["GET"]}}],"collection":[{"href":"https:\/\/roveyayinevi.com.tr\/index.php\/wp-json\/wp\/v2\/product"}],"about":[{"href":"https:\/\/roveyayinevi.com.tr\/index.php\/wp-json\/wp\/v2\/types\/product"}],"wp:attachment":[{"href":"https:\/\/roveyayinevi.com.tr\/index.php\/wp-json\/wp\/v2\/media?parent=764921"}],"wp:term":[{"taxonomy":"product_brand","embeddable":true,"href":"https:\/\/roveyayinevi.com.tr\/index.php\/wp-json\/wp\/v2\/product_brand?post=764921"},{"taxonomy":"product_cat","embeddable":true,"href":"https:\/\/roveyayinevi.com.tr\/index.php\/wp-json\/wp\/v2\/product_cat?post=764921"},{"taxonomy":"product_tag","embeddable":true,"href":"https:\/\/roveyayinevi.com.tr\/index.php\/wp-json\/wp\/v2\/product_tag?post=764921"}],"curies":[{"name":"wp","href":"https:\/\/api.w.org\/{rel}","templated":true}]}}