{"id":764920,"date":"2025-08-28T11:25:51","date_gmt":"2025-08-28T08:25:51","guid":{"rendered":"https:\/\/roveyayinevi.com.tr\/index.php\/urun\/uygulama-ornekleriyle-sinif-yonetimi\/"},"modified":"2026-04-06T03:31:36","modified_gmt":"2026-04-06T00:31:36","slug":"uygulama-ornekleriyle-sinif-yonetimi","status":"publish","type":"product","link":"https:\/\/roveyayinevi.com.tr\/index.php\/urun\/uygulama-ornekleriyle-sinif-yonetimi\/","title":{"rendered":"Uygulama \u00d6rnekleriyle S\u0131n\u0131f Y\u00f6netimi"},"content":{"rendered":"<p>E\u011fitim d\u00fcnyas\u0131, s\u00fcrekli de\u011fi\u015fen ve geli\u015fen dinamik bir aland\u0131r. Teknolojinin ve bilgiye eri\u015fimin h\u0131zla artt\u0131\u011f\u0131 bu \u00e7a\u011fda, \u00f6\u011fretmenlerin s\u0131n\u0131f y\u00f6netimi becerileri de b\u00fcy\u00fck bir \u00f6nem ta\u015f\u0131maktad\u0131r. Uygulama \u00d6rnekleriyle S\u0131n\u0131f Y\u00f6netimi kitab\u0131, e\u011fitimcilerin bu zorlu ama bir o kadar da keyifli yolculuklar\u0131nda onlara rehberlik etmek amac\u0131yla haz\u0131rlanm\u0131\u015ft\u0131r. Herhangi bir e\u011fitim sisteminde etkililik, b\u00fcy\u00fck \u00f6l\u00e7\u00fcde s\u0131n\u0131f y\u00f6netiminin niteli\u011fine ba\u011fl\u0131d\u0131r. Bu da s\u0131n\u0131f y\u00f6netimini \u00fczerinde \u00f6nemle durulan bir alan haline getirmektedir. Bu kapsamda s\u0131n\u0131f\u0131n etkili bir \u015fekilde y\u00f6netilmesi, h\u00e2lihaz\u0131rda bu mesle\u011fi icra eden \u00f6\u011fretmenler ile \u00f6\u011fretmenlik mesle\u011fine haz\u0131rlanan adaylar i\u00e7in olduk\u00e7a b\u00fcy\u00fck bir \u00f6nem arz etmektedir. S\u0131n\u0131f y\u00f6netimi, e\u011fitim-\u00f6\u011fretim s\u00fcre\u00e7lerinin etkili bir \u015fekilde y\u00fcr\u00fct\u00fclebilmesi bak\u0131m\u0131ndan olduk\u00e7a hassas bir konudur. Di\u011fer e\u011fitim kademelerine g\u00f6re \u00f6zellikle temel e\u011fitimde okul y\u0131llar\u0131n\u0131n \u00f6\u011frencilerin okula, \u00f6\u011frenmeye ve toplumsal ya\u015fama dair olumlu ya da olumsuz tutumlar\u0131n\u0131n \u015fekillenmesinde \u00f6nemli oldu\u011fu t\u00fcm e\u011fitim \u00e7evrelerince kabul edilmektedir. Bu durum s\u0131n\u0131f y\u00f6netimini daha da \u00f6nemli hale getirmektedir.<\/p>\n","protected":false},"excerpt":{"rendered":"<p>E\u011fitim d\u00fcnyas\u0131, s\u00fcrekli de\u011fi\u015fen ve geli\u015fen dinamik bir aland\u0131r. Teknolojinin ve bilgiye eri\u015fimin h\u0131zla artt\u0131\u011f\u0131 bu \u00e7a\u011fda, \u00f6\u011fretmenlerin s\u0131n\u0131f y\u00f6netimi becerileri de b\u00fcy\u00fck bir \u00f6nem ta\u015f\u0131maktad\u0131r.<span class=\"excerpt-hellip\"> [\u2026]<\/span><\/p>\n","protected":false},"featured_media":0,"template":"","meta":{"_monsterinsights_skip_tracking":false,"_monsterinsights_sitenote_active":false,"_monsterinsights_sitenote_note":"","_monsterinsights_sitenote_category":0},"product_brand":[],"product_cat":[12566],"product_tag":[],"class_list":{"0":"post-764920","1":"product","2":"type-product","3":"status-publish","5":"product_cat-egitim","6":"pa_cilt-ciltsiz","7":"pa_tur-kitap","8":"pa_yayinevi-ani-yayincilik","9":"pa_yazar-aydin-balyer","11":"first","12":"instock","13":"sale","14":"shipping-taxable","15":"purchasable","16":"product-type-simple"},"_links":{"self":[{"href":"https:\/\/roveyayinevi.com.tr\/index.php\/wp-json\/wp\/v2\/product\/764920","targetHints":{"allow":["GET"]}}],"collection":[{"href":"https:\/\/roveyayinevi.com.tr\/index.php\/wp-json\/wp\/v2\/product"}],"about":[{"href":"https:\/\/roveyayinevi.com.tr\/index.php\/wp-json\/wp\/v2\/types\/product"}],"wp:attachment":[{"href":"https:\/\/roveyayinevi.com.tr\/index.php\/wp-json\/wp\/v2\/media?parent=764920"}],"wp:term":[{"taxonomy":"product_brand","embeddable":true,"href":"https:\/\/roveyayinevi.com.tr\/index.php\/wp-json\/wp\/v2\/product_brand?post=764920"},{"taxonomy":"product_cat","embeddable":true,"href":"https:\/\/roveyayinevi.com.tr\/index.php\/wp-json\/wp\/v2\/product_cat?post=764920"},{"taxonomy":"product_tag","embeddable":true,"href":"https:\/\/roveyayinevi.com.tr\/index.php\/wp-json\/wp\/v2\/product_tag?post=764920"}],"curies":[{"name":"wp","href":"https:\/\/api.w.org\/{rel}","templated":true}]}}