{"id":764919,"date":"2025-08-28T11:25:50","date_gmt":"2025-08-28T08:25:50","guid":{"rendered":"https:\/\/roveyayinevi.com.tr\/index.php\/urun\/nadir-metaller-savasi\/"},"modified":"2026-04-15T03:30:49","modified_gmt":"2026-04-15T00:30:49","slug":"nadir-metaller-savasi","status":"publish","type":"product","link":"https:\/\/roveyayinevi.com.tr\/index.php\/urun\/nadir-metaller-savasi\/","title":{"rendered":"Nadir Metaller Sava\u015f\u0131"},"content":{"rendered":"<p>\u201cYenilenebilir\u201d diye bilinen kaynaklardan enerji sa\u011flamak ve teknolojik \u00fcr\u00fcnlerin imalat\u0131 i\u00e7in kayalarda ve di\u011fer yayg\u0131n metallerin i\u00e7inde eser miktarda bulunan nadir metallere muhtac\u0131z. Cep telefonlar\u0131, bilgisayarlar, elektrikli araba motorlar\u0131, jet u\u00e7aklar\u0131, uydular, r\u00fczg\u00e2r t\u00fcrbinleri, g\u00fcne\u015f panelleri bu nadir metaller olmadan imal edilemez. \u00d6te yandan, bu metallerin \u00e7\u0131kar\u0131lmas\u0131 sa\u011fl\u0131\u011fa ve \u00e7evreye zararl\u0131 kimyasallar\u0131n kullan\u0131ld\u0131\u011f\u0131, hi\u00e7 de yenilenebilir olmayan son derece enerji yo\u011fun bir s\u00fcre\u00e7. K\u0131sa s\u00fcrede \u00e7oksatar haline gelen ve on bir dile \u00e7evrilen kitab\u0131nda Guillaume Pitron bu hammaddelerin tedarikini sa\u011flaman\u0131n jeopolitik, ekonomik, \u00e7evresel ve toplumsal etkilerini ortaya koyuyor. K\u00fcresel iklim krizinin daha \u201cye\u015fil\u201d bir k\u00fcresel enerji \u00fcretimiyle \u00e7\u00f6z\u00fclece\u011fi varsay\u0131m\u0131na meydan okuyan kitap ayn\u0131 zamanda, bir d\u00fczine \u00fclkede alt\u0131 y\u0131l boyunca yap\u0131lan ara\u015ft\u0131rmalara dayanan titiz bir ara\u015ft\u0131rmac\u0131 gazetecilik \u00f6rne\u011fi.    <\/p>\n","protected":false},"excerpt":{"rendered":"<p>\u201cYenilenebilir\u201d diye bilinen kaynaklardan enerji sa\u011flamak ve teknolojik \u00fcr\u00fcnlerin imalat\u0131 i\u00e7in kayalarda ve di\u011fer yayg\u0131n metallerin i\u00e7inde eser miktarda bulunan nadir metallere muhtac\u0131z. Cep telefonlar\u0131, bilgisayarlar,<span class=\"excerpt-hellip\"> [\u2026]<\/span><\/p>\n","protected":false},"featured_media":0,"template":"","meta":{"_monsterinsights_skip_tracking":false,"_monsterinsights_sitenote_active":false,"_monsterinsights_sitenote_note":"","_monsterinsights_sitenote_category":0},"product_brand":[],"product_cat":[13005,18664],"product_tag":[],"class_list":{"0":"post-764919","1":"product","2":"type-product","3":"status-publish","5":"product_cat-bilim-muhendislik","6":"product_cat-muhendislik","7":"pa_cilt-ciltsiz","8":"pa_tur-kitap","9":"pa_yayinevi-is-bankasi-kultur-yayinlari","10":"pa_yazar-guillaume-pitron","12":"first","13":"instock","14":"sale","15":"shipping-taxable","16":"purchasable","17":"product-type-simple"},"_links":{"self":[{"href":"https:\/\/roveyayinevi.com.tr\/index.php\/wp-json\/wp\/v2\/product\/764919","targetHints":{"allow":["GET"]}}],"collection":[{"href":"https:\/\/roveyayinevi.com.tr\/index.php\/wp-json\/wp\/v2\/product"}],"about":[{"href":"https:\/\/roveyayinevi.com.tr\/index.php\/wp-json\/wp\/v2\/types\/product"}],"wp:attachment":[{"href":"https:\/\/roveyayinevi.com.tr\/index.php\/wp-json\/wp\/v2\/media?parent=764919"}],"wp:term":[{"taxonomy":"product_brand","embeddable":true,"href":"https:\/\/roveyayinevi.com.tr\/index.php\/wp-json\/wp\/v2\/product_brand?post=764919"},{"taxonomy":"product_cat","embeddable":true,"href":"https:\/\/roveyayinevi.com.tr\/index.php\/wp-json\/wp\/v2\/product_cat?post=764919"},{"taxonomy":"product_tag","embeddable":true,"href":"https:\/\/roveyayinevi.com.tr\/index.php\/wp-json\/wp\/v2\/product_tag?post=764919"}],"curies":[{"name":"wp","href":"https:\/\/api.w.org\/{rel}","templated":true}]}}