{"id":764917,"date":"2025-08-28T11:25:46","date_gmt":"2025-08-28T08:25:46","guid":{"rendered":"https:\/\/roveyayinevi.com.tr\/index.php\/urun\/yapay-zeka-eglenceli-etkinlikler\/"},"modified":"2026-02-03T03:32:03","modified_gmt":"2026-02-03T00:32:03","slug":"yapay-zeka-eglenceli-etkinlikler","status":"publish","type":"product","link":"https:\/\/roveyayinevi.com.tr\/index.php\/urun\/yapay-zeka-eglenceli-etkinlikler\/","title":{"rendered":"Yapay Zeka E\u011flenceli Etkinlikler"},"content":{"rendered":"<p>Yapay zek\u00e2, ya\u015fam\u0131n her alan\u0131nda gittik\u00e7e \u00f6nem kazan\u0131yor. Peki, yapay zek\u00e2 nedir? Bilgisayarlar problem \u00e7\u00f6zme becerilerini nas\u0131l geli\u015ftirirler? Gelece\u011fin yapay zek\u00e2 uzmanlar\u0131; bu kitapta dar yapay zek\u00e2, genel yapay zek\u00e2, makine \u00f6\u011frenmesi, karar a\u011fa\u00e7lar\u0131, girdiler, \u00e7\u0131kt\u0131lar ve \u00e7ok daha fazlas\u0131 hakk\u0131nda bilgi edinecek. E\u011flenceli etkinlikleri ve yal\u0131n anlat\u0131m\u0131yla bu kitap belki de \u00f6m\u00fcr boyu s\u00fcrecek bir yolculu\u011fun ilk ad\u0131m\u0131 olacak! STEM alanlar\u0131na derin bir tutku geli\u015ftirmek i\u00e7in en e\u011flenceli ba\u015flang\u0131\u00e7\u2026 <\/p>\n","protected":false},"excerpt":{"rendered":"<p>Yapay zek\u00e2, ya\u015fam\u0131n her alan\u0131nda gittik\u00e7e \u00f6nem kazan\u0131yor. Peki, yapay zek\u00e2 nedir? Bilgisayarlar problem \u00e7\u00f6zme becerilerini nas\u0131l geli\u015ftirirler? Gelece\u011fin yapay zek\u00e2 uzmanlar\u0131; bu kitapta dar yapay<span class=\"excerpt-hellip\"> [\u2026]<\/span><\/p>\n","protected":false},"featured_media":0,"template":"","meta":{"_monsterinsights_skip_tracking":false,"_monsterinsights_sitenote_active":false,"_monsterinsights_sitenote_note":"","_monsterinsights_sitenote_category":0},"product_brand":[],"product_cat":[13829,12274],"product_tag":[],"class_list":{"0":"post-764917","1":"product","2":"type-product","3":"status-publish","5":"product_cat-bilimsel-kitaplar","6":"product_cat-cocuk-ve-genclik-kitaplari","7":"pa_cilt-ciltsiz","8":"pa_tur-kitap","9":"pa_yayinevi-is-bankasi-kultur-yayinlari","10":"pa_yazar-sam-hutchinson","12":"first","13":"instock","14":"sale","15":"shipping-taxable","16":"purchasable","17":"product-type-simple"},"_links":{"self":[{"href":"https:\/\/roveyayinevi.com.tr\/index.php\/wp-json\/wp\/v2\/product\/764917","targetHints":{"allow":["GET"]}}],"collection":[{"href":"https:\/\/roveyayinevi.com.tr\/index.php\/wp-json\/wp\/v2\/product"}],"about":[{"href":"https:\/\/roveyayinevi.com.tr\/index.php\/wp-json\/wp\/v2\/types\/product"}],"wp:attachment":[{"href":"https:\/\/roveyayinevi.com.tr\/index.php\/wp-json\/wp\/v2\/media?parent=764917"}],"wp:term":[{"taxonomy":"product_brand","embeddable":true,"href":"https:\/\/roveyayinevi.com.tr\/index.php\/wp-json\/wp\/v2\/product_brand?post=764917"},{"taxonomy":"product_cat","embeddable":true,"href":"https:\/\/roveyayinevi.com.tr\/index.php\/wp-json\/wp\/v2\/product_cat?post=764917"},{"taxonomy":"product_tag","embeddable":true,"href":"https:\/\/roveyayinevi.com.tr\/index.php\/wp-json\/wp\/v2\/product_tag?post=764917"}],"curies":[{"name":"wp","href":"https:\/\/api.w.org\/{rel}","templated":true}]}}