{"id":764915,"date":"2025-08-28T11:25:42","date_gmt":"2025-08-28T08:25:42","guid":{"rendered":"https:\/\/roveyayinevi.com.tr\/index.php\/urun\/matematik-labirentleri-toplama-ve-cikarma\/"},"modified":"2026-04-15T03:30:49","modified_gmt":"2026-04-15T00:30:49","slug":"matematik-labirentleri-toplama-ve-cikarma","status":"publish","type":"product","link":"https:\/\/roveyayinevi.com.tr\/index.php\/urun\/matematik-labirentleri-toplama-ve-cikarma\/","title":{"rendered":"Matematik Labirentleri Toplama ve \u00c7\u0131karma"},"content":{"rendered":"<p>E\u011flenceli ve renkli labirentlerin yer ald\u0131\u011f\u0131 bu kitap, toplama ve \u00e7\u0131karmay\u0131 \u00f6\u011frenmek i\u00e7in farkl\u0131 bir y\u00f6ntem sunuyor. Gizemli piramidi ke\u015ffet, bat\u0131k gemiye dal\u0131\u015f yap, ejderhay\u0131 kaleye ula\u015ft\u0131r ve ayn\u0131 zamanda toplama ve \u00e7\u0131karma al\u0131\u015ft\u0131rmalar\u0131 yap! <\/p>\n","protected":false},"excerpt":{"rendered":"<p>E\u011flenceli ve renkli labirentlerin yer ald\u0131\u011f\u0131 bu kitap, toplama ve \u00e7\u0131karmay\u0131 \u00f6\u011frenmek i\u00e7in farkl\u0131 bir y\u00f6ntem sunuyor. Gizemli piramidi ke\u015ffet, bat\u0131k gemiye dal\u0131\u015f yap, ejderhay\u0131 kaleye<span class=\"excerpt-hellip\"> [\u2026]<\/span><\/p>\n","protected":false},"featured_media":0,"template":"","meta":{"_monsterinsights_skip_tracking":false,"_monsterinsights_sitenote_active":false,"_monsterinsights_sitenote_note":"","_monsterinsights_sitenote_category":0},"product_brand":[],"product_cat":[12274,15842],"product_tag":[],"class_list":{"0":"post-764915","1":"product","2":"type-product","3":"status-publish","5":"product_cat-cocuk-ve-genclik-kitaplari","6":"product_cat-egitici-kitaplar","7":"pa_cilt-ciltsiz","8":"pa_tur-kitap","9":"pa_yayinevi-is-bankasi-kultur-yayinlari","10":"pa_yazar-catherine-casey","12":"first","13":"instock","14":"sale","15":"shipping-taxable","16":"purchasable","17":"product-type-simple"},"_links":{"self":[{"href":"https:\/\/roveyayinevi.com.tr\/index.php\/wp-json\/wp\/v2\/product\/764915","targetHints":{"allow":["GET"]}}],"collection":[{"href":"https:\/\/roveyayinevi.com.tr\/index.php\/wp-json\/wp\/v2\/product"}],"about":[{"href":"https:\/\/roveyayinevi.com.tr\/index.php\/wp-json\/wp\/v2\/types\/product"}],"wp:attachment":[{"href":"https:\/\/roveyayinevi.com.tr\/index.php\/wp-json\/wp\/v2\/media?parent=764915"}],"wp:term":[{"taxonomy":"product_brand","embeddable":true,"href":"https:\/\/roveyayinevi.com.tr\/index.php\/wp-json\/wp\/v2\/product_brand?post=764915"},{"taxonomy":"product_cat","embeddable":true,"href":"https:\/\/roveyayinevi.com.tr\/index.php\/wp-json\/wp\/v2\/product_cat?post=764915"},{"taxonomy":"product_tag","embeddable":true,"href":"https:\/\/roveyayinevi.com.tr\/index.php\/wp-json\/wp\/v2\/product_tag?post=764915"}],"curies":[{"name":"wp","href":"https:\/\/api.w.org\/{rel}","templated":true}]}}