{"id":764914,"date":"2025-08-28T11:25:40","date_gmt":"2025-08-28T08:25:40","guid":{"rendered":"https:\/\/roveyayinevi.com.tr\/index.php\/urun\/mona-lisa-ciltli\/"},"modified":"2026-04-15T03:30:49","modified_gmt":"2026-04-15T00:30:49","slug":"mona-lisa-ciltli","status":"publish","type":"product","link":"https:\/\/roveyayinevi.com.tr\/index.php\/urun\/mona-lisa-ciltli\/","title":{"rendered":"Mona Lisa (Ciltli)"},"content":{"rendered":"<p>Y\u0131l 1502\u2026 Frans\u0131zlar\u0131n ikinci \u0130talya seferi i\u00e7in Kral XII. Louis taraf\u0131ndan bizzat g\u00f6revlendirilen Mare\u015fal La Tr\u00e9mouille bir ordu kurarak maiyetiyle birlikte yola \u00e7\u0131kar. Ordusu ilerlerken mare\u015fal, kral\u0131n emri \u00fczerine sanat eserleri sat\u0131n almak \u00fczere birka\u00e7 asilzadeyle birlikte Floransa\u2019da mola verir ve R\u00f6nesans\u2019\u0131n en etkili ressamlar\u0131ndan Leonardo da Vinci\u2019yi evinde ziyaret eder. Bu ziyaret s\u0131ras\u0131nda \u00fcstad\u0131n hen\u00fcz tamamlanmam\u0131\u015f tablosu Mona Lisa\u2019y\u0131 tesad\u00fcf eseri g\u00f6ren gen\u00e7 Bougainville Lordu, tablodaki kad\u0131na k\u00f6rk\u00fct\u00fck \u00e2\u015f\u0131k olur. Her ne kadar \u00f6ld\u00fc\u011f\u00fc s\u00f6ylense de, saplant\u0131 haline getirdi\u011fi bu kad\u0131n\u0131 bulmaya \u00e7al\u0131\u015fan gen\u00e7 asilzadenin ciddi sonu\u00e7lar do\u011furan beyhude aray\u0131\u015f\u0131, sanat\u0131n a\u015fka esin verme g\u00fcc\u00fcn\u00fc oldu\u011fu kadar, ger\u00e7eklik ile temsil aras\u0131ndaki fark\u0131 da a\u00e7\u0131k\u00e7a ortaya koyar. Lernet-Holenia, efsanevi tablonun etraf\u0131nda olu\u015fan mitlerden faydaland\u0131\u011f\u0131 bu yap\u0131t\u0131nda, bize insan\u0131n her t\u00fcrl\u00fc gizem etraf\u0131nda bir anlat\u0131 in\u015fa etme arzusu ve becerisi \u00fczerine \u00e7ok e\u011flenceli bir hik\u00e2ye anlat\u0131r. <\/p>\n","protected":false},"excerpt":{"rendered":"<p>Y\u0131l 1502\u2026 Frans\u0131zlar\u0131n ikinci \u0130talya seferi i\u00e7in Kral XII. Louis taraf\u0131ndan bizzat g\u00f6revlendirilen Mare\u015fal La Tr\u00e9mouille bir ordu kurarak maiyetiyle birlikte yola \u00e7\u0131kar. Ordusu ilerlerken mare\u015fal,<span class=\"excerpt-hellip\"> [\u2026]<\/span><\/p>\n","protected":false},"featured_media":0,"template":"","meta":{"_monsterinsights_skip_tracking":false,"_monsterinsights_sitenote_active":false,"_monsterinsights_sitenote_note":"","_monsterinsights_sitenote_category":0},"product_brand":[],"product_cat":[12291,12711],"product_tag":[],"class_list":{"0":"post-764914","1":"product","2":"type-product","3":"status-publish","5":"product_cat-edebiyat","6":"product_cat-roman-oyku","7":"pa_cilt-ciltli","8":"pa_tur-kitap","9":"pa_yayinevi-is-bankasi-kultur-yayinlari","10":"pa_yazar-alexander-lernet-holenia","12":"first","13":"instock","14":"sale","15":"shipping-taxable","16":"purchasable","17":"product-type-simple"},"_links":{"self":[{"href":"https:\/\/roveyayinevi.com.tr\/index.php\/wp-json\/wp\/v2\/product\/764914","targetHints":{"allow":["GET"]}}],"collection":[{"href":"https:\/\/roveyayinevi.com.tr\/index.php\/wp-json\/wp\/v2\/product"}],"about":[{"href":"https:\/\/roveyayinevi.com.tr\/index.php\/wp-json\/wp\/v2\/types\/product"}],"wp:attachment":[{"href":"https:\/\/roveyayinevi.com.tr\/index.php\/wp-json\/wp\/v2\/media?parent=764914"}],"wp:term":[{"taxonomy":"product_brand","embeddable":true,"href":"https:\/\/roveyayinevi.com.tr\/index.php\/wp-json\/wp\/v2\/product_brand?post=764914"},{"taxonomy":"product_cat","embeddable":true,"href":"https:\/\/roveyayinevi.com.tr\/index.php\/wp-json\/wp\/v2\/product_cat?post=764914"},{"taxonomy":"product_tag","embeddable":true,"href":"https:\/\/roveyayinevi.com.tr\/index.php\/wp-json\/wp\/v2\/product_tag?post=764914"}],"curies":[{"name":"wp","href":"https:\/\/api.w.org\/{rel}","templated":true}]}}