{"id":764910,"date":"2025-08-28T11:25:32","date_gmt":"2025-08-28T08:25:32","guid":{"rendered":"https:\/\/roveyayinevi.com.tr\/index.php\/urun\/lanetli-4\/"},"modified":"2026-04-15T03:30:49","modified_gmt":"2026-04-15T00:30:49","slug":"lanetli-4","status":"publish","type":"product","link":"https:\/\/roveyayinevi.com.tr\/index.php\/urun\/lanetli-4\/","title":{"rendered":"Lanetli"},"content":{"rendered":"<p>\u201cRaf\u0131n\u0131zda Alice ve Hobbit\u2019in aras\u0131nda yer a\u00e7\u0131n;Lanetli bu yeri tamamen hak ediyor.\u201dKirkus ReviewOz B\u00fcy\u00fcc\u00fcs\u00fc\u2019nde Dorothy, Bat\u0131n\u0131n K\u00f6t\u00fc Cad\u0131s\u0131\u2019na kar\u015f\u0131 zafer kazand\u0131\u011f\u0131nda hik\u00e2yeyi sadece ondan duyduk. Peki ya ba\u015fd\u00fc\u015fman\u0131 gizemli cad\u0131? Gregory Maguire o kadar zengin ve canl\u0131 bir fantastik d\u00fcnya yarat\u0131yor ki Oz\u2019a bir daha asla ayn\u0131 \u015fekilde bakamayaca\u011f\u0131z. Lanetli, hayvanlar\u0131n konu\u015ftu\u011fu ve birinci s\u0131n\u0131f vatanda\u015f muamelesi g\u00f6rmek i\u00e7in \u00e7abalad\u0131\u011f\u0131, Munchkinlerin orta s\u0131n\u0131f istikrar\u0131n\u0131n rahatl\u0131\u011f\u0131n\u0131 arad\u0131\u011f\u0131 ve Teneke Oduncu\u2019nun aile i\u00e7i \u015fiddetin kurban\u0131 oldu\u011fu bir diyar hakk\u0131nda. Oz B\u00fcy\u00fcc\u00fcs\u00fc\u2019nden \u00f6nceki d\u00fcnyay\u0131 ve Elphaba\u2019n\u0131n nas\u0131l Bat\u0131n\u0131n Lanetli Cad\u0131s\u0131\u2019na d\u00f6n\u00fc\u015ft\u00fc\u011f\u00fcn\u00fc anlatan Lanetli, bulan\u0131kla\u015fan s\u0131n\u0131rlara, yazar\u0131n yarat\u0131c\u0131 d\u00fcnyas\u0131 ve e\u011flenceli \u00fcslubuyla dokundurmalar yap\u0131yor. Milyonlarca ki\u015finin okudu\u011fu Lanetli, New York Times\u2019\u0131n en \u00e7ok satanlar\u0131 listesine girdi, ayn\u0131 zamanda Broadway tarihinde en uzun s\u00fcre oynanan m\u00fczikallerden biri oldu ve Tony \u00d6d\u00fcllerine lay\u0131k g\u00f6r\u00fcld\u00fc, 2024\u2019te filmi g\u00f6sterime giriyor.\u201c\u00dcst\u00fcn bir hayal g\u00fcc\u00fcn\u00fcn eseri.\u201dUSA Today<\/p>\n","protected":false},"excerpt":{"rendered":"<p>\u201cRaf\u0131n\u0131zda Alice ve Hobbit\u2019in aras\u0131nda yer a\u00e7\u0131n;Lanetli bu yeri tamamen hak ediyor.\u201dKirkus ReviewOz B\u00fcy\u00fcc\u00fcs\u00fc\u2019nde Dorothy, Bat\u0131n\u0131n K\u00f6t\u00fc Cad\u0131s\u0131\u2019na kar\u015f\u0131 zafer kazand\u0131\u011f\u0131nda hik\u00e2yeyi sadece ondan duyduk. Peki<span class=\"excerpt-hellip\"> [\u2026]<\/span><\/p>\n","protected":false},"featured_media":0,"template":"","meta":{"_monsterinsights_skip_tracking":false,"_monsterinsights_sitenote_active":false,"_monsterinsights_sitenote_note":"","_monsterinsights_sitenote_category":0},"product_brand":[],"product_cat":[12291,12711],"product_tag":[],"class_list":{"0":"post-764910","1":"product","2":"type-product","3":"status-publish","5":"product_cat-edebiyat","6":"product_cat-roman-oyku","7":"pa_cilt-ciltsiz","8":"pa_tur-kitap","9":"pa_yayinevi-alfa-yayinlari","10":"pa_yazar-gregory-maguireb","12":"first","13":"instock","14":"sale","15":"shipping-taxable","16":"purchasable","17":"product-type-simple"},"_links":{"self":[{"href":"https:\/\/roveyayinevi.com.tr\/index.php\/wp-json\/wp\/v2\/product\/764910","targetHints":{"allow":["GET"]}}],"collection":[{"href":"https:\/\/roveyayinevi.com.tr\/index.php\/wp-json\/wp\/v2\/product"}],"about":[{"href":"https:\/\/roveyayinevi.com.tr\/index.php\/wp-json\/wp\/v2\/types\/product"}],"wp:attachment":[{"href":"https:\/\/roveyayinevi.com.tr\/index.php\/wp-json\/wp\/v2\/media?parent=764910"}],"wp:term":[{"taxonomy":"product_brand","embeddable":true,"href":"https:\/\/roveyayinevi.com.tr\/index.php\/wp-json\/wp\/v2\/product_brand?post=764910"},{"taxonomy":"product_cat","embeddable":true,"href":"https:\/\/roveyayinevi.com.tr\/index.php\/wp-json\/wp\/v2\/product_cat?post=764910"},{"taxonomy":"product_tag","embeddable":true,"href":"https:\/\/roveyayinevi.com.tr\/index.php\/wp-json\/wp\/v2\/product_tag?post=764910"}],"curies":[{"name":"wp","href":"https:\/\/api.w.org\/{rel}","templated":true}]}}