{"id":764908,"date":"2025-08-28T11:25:29","date_gmt":"2025-08-28T08:25:29","guid":{"rendered":"https:\/\/roveyayinevi.com.tr\/index.php\/urun\/antik-romada-gunluk-hayat\/"},"modified":"2025-11-09T10:44:03","modified_gmt":"2025-11-09T07:44:03","slug":"antik-romada-gunluk-hayat","status":"publish","type":"product","link":"https:\/\/roveyayinevi.com.tr\/index.php\/urun\/antik-romada-gunluk-hayat\/","title":{"rendered":"Antik Roma\u2019da G\u00fcnl\u00fck Hayat"},"content":{"rendered":"<p>Tarihin, belki de en me\u015fhur uygarl\u0131\u011f\u0131nda g\u00fcnl\u00fck hayat nas\u0131ld\u0131? Romal\u0131lar\u0131n g\u00fcnl\u00fck rutinleri nelerdi? Al\u0131\u015fveri\u015fi nereden, nas\u0131l yap\u0131yorlard\u0131? Hangi yemekleri yiyorlard\u0131? Hangi etkinliklere kat\u0131l\u0131yorlard\u0131? Nas\u0131l evlerde kal\u0131yorlard\u0131? Antik Roma gibi bir uygarl\u0131\u011f\u0131 d\u00fc\u015f\u00fcn\u00fcrsek akl\u0131m\u0131za \u00e7ok daha fazla soru gelece\u011fi kesindir. Matz\u2019\u0131n ilk elden kaynaklara dayanarak sundu\u011fu bu anlat\u0131da, bir Romal\u0131n\u0131n evine girecek, onunla beraber yemek yiyecek, gerekli durumlarda mahkemeye gidecek, senatoda kanun maddesi tart\u0131\u015facak ve arenada gladyat\u00f6rleri izleyeceksiniz. Antik Roma\u2019da G\u00fcnl\u00fck Hayat, sizi Romal\u0131lar\u0131n g\u00fcnl\u00fck hayat\u0131nda bir yolculu\u011fa \u00e7\u0131kar\u0131yor. \u201cBu k\u0131sa, \u00f6z ve bilgilendirici kitap, ad\u0131n\u0131n \u00e7a\u011fr\u0131\u015ft\u0131rd\u0131\u011f\u0131 \u00fczre, akademik olmayan bir okur kitlesine y\u00f6neliktir ve Antik Roma ya\u015fam\u0131 konusunu, genellikle edebi kaynaklardaki anekdot niteli\u011findeki kan\u0131tlara at\u0131fta bulunarak tan\u0131t\u0131yor.\u201d \u2013Renate Kurzmann, University College Dublin<\/p>\n","protected":false},"excerpt":{"rendered":"<p>Tarihin, belki de en me\u015fhur uygarl\u0131\u011f\u0131nda g\u00fcnl\u00fck hayat nas\u0131ld\u0131? Romal\u0131lar\u0131n g\u00fcnl\u00fck rutinleri nelerdi? Al\u0131\u015fveri\u015fi nereden, nas\u0131l yap\u0131yorlard\u0131? Hangi yemekleri yiyorlard\u0131? Hangi etkinliklere kat\u0131l\u0131yorlard\u0131? Nas\u0131l evlerde kal\u0131yorlard\u0131?<span class=\"excerpt-hellip\"> [\u2026]<\/span><\/p>\n","protected":false},"featured_media":0,"template":"","meta":{"_monsterinsights_skip_tracking":false,"_monsterinsights_sitenote_active":false,"_monsterinsights_sitenote_note":"","_monsterinsights_sitenote_category":0},"product_brand":[],"product_cat":[12304],"product_tag":[],"class_list":{"0":"post-764908","1":"product","2":"type-product","3":"status-publish","5":"product_cat-tarih","6":"pa_cilt-ciltsiz","7":"pa_tur-kitap","8":"pa_yayinevi-alfa-yayinlari","9":"pa_yazar-david-matz","11":"first","12":"instock","13":"sale","14":"shipping-taxable","15":"purchasable","16":"product-type-simple"},"_links":{"self":[{"href":"https:\/\/roveyayinevi.com.tr\/index.php\/wp-json\/wp\/v2\/product\/764908","targetHints":{"allow":["GET"]}}],"collection":[{"href":"https:\/\/roveyayinevi.com.tr\/index.php\/wp-json\/wp\/v2\/product"}],"about":[{"href":"https:\/\/roveyayinevi.com.tr\/index.php\/wp-json\/wp\/v2\/types\/product"}],"wp:attachment":[{"href":"https:\/\/roveyayinevi.com.tr\/index.php\/wp-json\/wp\/v2\/media?parent=764908"}],"wp:term":[{"taxonomy":"product_brand","embeddable":true,"href":"https:\/\/roveyayinevi.com.tr\/index.php\/wp-json\/wp\/v2\/product_brand?post=764908"},{"taxonomy":"product_cat","embeddable":true,"href":"https:\/\/roveyayinevi.com.tr\/index.php\/wp-json\/wp\/v2\/product_cat?post=764908"},{"taxonomy":"product_tag","embeddable":true,"href":"https:\/\/roveyayinevi.com.tr\/index.php\/wp-json\/wp\/v2\/product_tag?post=764908"}],"curies":[{"name":"wp","href":"https:\/\/api.w.org\/{rel}","templated":true}]}}