{"id":764906,"date":"2025-08-28T11:25:25","date_gmt":"2025-08-28T08:25:25","guid":{"rendered":"https:\/\/roveyayinevi.com.tr\/index.php\/urun\/1-viyana-muhasarasi\/"},"modified":"2026-04-15T03:30:48","modified_gmt":"2026-04-15T00:30:48","slug":"1-viyana-muhasarasi","status":"publish","type":"product","link":"https:\/\/roveyayinevi.com.tr\/index.php\/urun\/1-viyana-muhasarasi\/","title":{"rendered":"1.Viyana Muhasaras\u0131"},"content":{"rendered":"<p>Viyana\u2026Viyana\u2026 Avrupan\u0131n ortas\u0131nda sadece bir \u015fehir Osmanl\u0131\u2019n\u0131n Bat\u0131ya y\u00fcr\u00fcy\u00fc\u015f\u00fcn\u00fcn hedeflerinden birisiydi. Bir kez olsun o g\u00f6kku\u015fa\u011f\u0131n\u0131n alt\u0131ndan ge\u00e7mek istediler. Viyana bir ufuk bir ideal bir alt\u0131n kap\u0131 gibi \u0131\u015f\u0131ld\u0131yordu. Oradan ge\u00e7mek \u00f6tesi daha da \u00f6tesi demekti. 1529\u2019\u0131n Eyl\u00fcl\u2019\u00fcnde ba\u015flam\u0131\u015ft\u0131 hikaye. Osmanl\u0131 Ordusu, Viyana yollar\u0131ndayd\u0131. Ya\u011fmur, so\u011fuk ve zorlu sefer \u015fartlar\u0131\u2026 En sonunda Osmanl\u0131 Ordusu Viyana\u2019y\u0131 \u00e7epe\u00e7evre saran surlar\u0131n \u00f6n\u00fcndeydi\u2026 Viyana ku\u015fatmas\u0131 g\u00fcnlerce devam etti. Viyana direndi. Viyana d\u00fc\u015fmedi fakat Osmanl\u0131 Ordusu bu ku\u015fatmadan \u00e7ok \u015fey \u00f6\u011frendi, tecr\u00fcbe etti. Ahmed Refik, yal\u0131n, i\u00e7erden ve co\u015fkuyla olup bitenlerin i\u00e7 y\u00fcz\u00fcne e\u011filiyor yine. <\/p>\n","protected":false},"excerpt":{"rendered":"<p>Viyana\u2026Viyana\u2026 Avrupan\u0131n ortas\u0131nda sadece bir \u015fehir Osmanl\u0131\u2019n\u0131n Bat\u0131ya y\u00fcr\u00fcy\u00fc\u015f\u00fcn\u00fcn hedeflerinden birisiydi. Bir kez olsun o g\u00f6kku\u015fa\u011f\u0131n\u0131n alt\u0131ndan ge\u00e7mek istediler. Viyana bir ufuk bir ideal bir alt\u0131n<span class=\"excerpt-hellip\"> [\u2026]<\/span><\/p>\n","protected":false},"featured_media":0,"template":"","meta":{"_monsterinsights_skip_tracking":false,"_monsterinsights_sitenote_active":false,"_monsterinsights_sitenote_note":"","_monsterinsights_sitenote_category":0},"product_brand":[],"product_cat":[12304],"product_tag":[],"class_list":{"0":"post-764906","1":"product","2":"type-product","3":"status-publish","5":"product_cat-tarih","6":"pa_cilt-ciltsiz","7":"pa_tur-kitap","8":"pa_yayinevi-kapi-yayinlari","9":"pa_yazar-ahmed-refik","11":"first","12":"instock","13":"sale","14":"shipping-taxable","15":"purchasable","16":"product-type-simple"},"_links":{"self":[{"href":"https:\/\/roveyayinevi.com.tr\/index.php\/wp-json\/wp\/v2\/product\/764906","targetHints":{"allow":["GET"]}}],"collection":[{"href":"https:\/\/roveyayinevi.com.tr\/index.php\/wp-json\/wp\/v2\/product"}],"about":[{"href":"https:\/\/roveyayinevi.com.tr\/index.php\/wp-json\/wp\/v2\/types\/product"}],"wp:attachment":[{"href":"https:\/\/roveyayinevi.com.tr\/index.php\/wp-json\/wp\/v2\/media?parent=764906"}],"wp:term":[{"taxonomy":"product_brand","embeddable":true,"href":"https:\/\/roveyayinevi.com.tr\/index.php\/wp-json\/wp\/v2\/product_brand?post=764906"},{"taxonomy":"product_cat","embeddable":true,"href":"https:\/\/roveyayinevi.com.tr\/index.php\/wp-json\/wp\/v2\/product_cat?post=764906"},{"taxonomy":"product_tag","embeddable":true,"href":"https:\/\/roveyayinevi.com.tr\/index.php\/wp-json\/wp\/v2\/product_tag?post=764906"}],"curies":[{"name":"wp","href":"https:\/\/api.w.org\/{rel}","templated":true}]}}