{"id":764905,"date":"2025-08-28T11:25:23","date_gmt":"2025-08-28T08:25:23","guid":{"rendered":"https:\/\/roveyayinevi.com.tr\/index.php\/urun\/duygusal-bir-katilin-gunlugu\/"},"modified":"2026-04-13T03:26:14","modified_gmt":"2026-04-13T00:26:14","slug":"duygusal-bir-katilin-gunlugu","status":"publish","type":"product","link":"https:\/\/roveyayinevi.com.tr\/index.php\/urun\/duygusal-bir-katilin-gunlugu\/","title":{"rendered":"Duygusal Bir Katilin G\u00fcnl\u00fc\u011f\u00fc"},"content":{"rendered":"<p>Tabiat\u0131n, Amazonlar\u0131n, ya\u015fam alanlar\u0131n\u0131 korumak i\u00e7in m\u00fccadele eden halklar\u0131n yazar\u0131 Luis Sep\u00falveda, Duygusal Bir Katilin G\u00fcnl\u00fc\u011f\u00fc\u2019nde bu kez iki uzun polisiye hik\u00e2yeyle kar\u015f\u0131m\u0131zda. \u0130lk hik\u00e2yede, a\u015fk ve vicdan azab\u0131 aras\u0131nda s\u0131k\u0131\u015f\u0131p giderek duygusalla\u015fan bir kiral\u0131k katilin ser\u00fcvenine e\u015flik ediyoruz. Kurban\u0131n\u0131n ger\u00e7ek kimli\u011fini merak edince, kendini \u0130stanbul, Madrid ve Meksika ekseninde ilerleyen bir kovalamacan\u0131n ortas\u0131nda buluveren katilin gitgide karma\u015f\u0131kla\u015fan hik\u00e2yesinde, katille kurban aras\u0131ndaki s\u0131n\u0131rlar da giderek bulan\u0131kla\u015f\u0131r. \u0130kinci hik\u00e2yede ise Brezilya\u2019n\u0131n batakl\u0131klar\u0131nda ya\u015fayan ve ge\u00e7imlerini timsahlar \u00fczerinden sa\u011flayan Anar\u00e9 yerlilerinin, Bat\u0131 d\u00fcnyas\u0131n\u0131n a\u00e7g\u00f6zl\u00fcl\u00fc\u011f\u00fc kar\u015f\u0131s\u0131nda verdikleri amans\u0131z m\u00fccadeleyi g\u00f6zler \u00f6n\u00fcne seriyor Sep\u00falveda. Anar\u00e9 yerlileri Brezilya\u2019dan Milano\u2019ya uzanan bir ka\u00e7ak\u00e7\u0131l\u0131k ser\u00fcvenine s\u00fcr\u00fcklenirken, \u00e7\u00f6z\u00fcm bulmak da eski bir polis memuru olan \u015eilili g\u00f6\u00e7men bir sigorta m\u00fcfetti\u015fine kalacakt\u0131r. Sep\u00falveda\u2019n\u0131n her zamanki s\u0131cak \u00fcslubu ve en trajik olaylar\u0131 anlat\u0131rken bile eksik etmedi\u011fi mizah\u0131yla&#8230;<\/p>\n","protected":false},"excerpt":{"rendered":"<p>Tabiat\u0131n, Amazonlar\u0131n, ya\u015fam alanlar\u0131n\u0131 korumak i\u00e7in m\u00fccadele eden halklar\u0131n yazar\u0131 Luis Sep\u00falveda, Duygusal Bir Katilin G\u00fcnl\u00fc\u011f\u00fc\u2019nde bu kez iki uzun polisiye hik\u00e2yeyle kar\u015f\u0131m\u0131zda. \u0130lk hik\u00e2yede, a\u015fk<span class=\"excerpt-hellip\"> [\u2026]<\/span><\/p>\n","protected":false},"featured_media":0,"template":"","meta":{"_monsterinsights_skip_tracking":false,"_monsterinsights_sitenote_active":false,"_monsterinsights_sitenote_note":"","_monsterinsights_sitenote_category":0},"product_brand":[],"product_cat":[12291,12711],"product_tag":[],"class_list":{"0":"post-764905","1":"product","2":"type-product","3":"status-publish","5":"product_cat-edebiyat","6":"product_cat-roman-oyku","7":"pa_cilt-ciltsiz","8":"pa_tur-kitap","9":"pa_yayinevi-everest-yayinlari","10":"pa_yazar-luis-sepulveda","12":"first","13":"instock","14":"sale","15":"shipping-taxable","16":"purchasable","17":"product-type-simple"},"_links":{"self":[{"href":"https:\/\/roveyayinevi.com.tr\/index.php\/wp-json\/wp\/v2\/product\/764905","targetHints":{"allow":["GET"]}}],"collection":[{"href":"https:\/\/roveyayinevi.com.tr\/index.php\/wp-json\/wp\/v2\/product"}],"about":[{"href":"https:\/\/roveyayinevi.com.tr\/index.php\/wp-json\/wp\/v2\/types\/product"}],"wp:attachment":[{"href":"https:\/\/roveyayinevi.com.tr\/index.php\/wp-json\/wp\/v2\/media?parent=764905"}],"wp:term":[{"taxonomy":"product_brand","embeddable":true,"href":"https:\/\/roveyayinevi.com.tr\/index.php\/wp-json\/wp\/v2\/product_brand?post=764905"},{"taxonomy":"product_cat","embeddable":true,"href":"https:\/\/roveyayinevi.com.tr\/index.php\/wp-json\/wp\/v2\/product_cat?post=764905"},{"taxonomy":"product_tag","embeddable":true,"href":"https:\/\/roveyayinevi.com.tr\/index.php\/wp-json\/wp\/v2\/product_tag?post=764905"}],"curies":[{"name":"wp","href":"https:\/\/api.w.org\/{rel}","templated":true}]}}