{"id":764900,"date":"2025-08-28T11:25:15","date_gmt":"2025-08-28T08:25:15","guid":{"rendered":"https:\/\/roveyayinevi.com.tr\/index.php\/urun\/kenet\/"},"modified":"2026-04-15T03:30:48","modified_gmt":"2026-04-15T00:30:48","slug":"kenet","status":"publish","type":"product","link":"https:\/\/roveyayinevi.com.tr\/index.php\/urun\/kenet\/","title":{"rendered":"Kenet"},"content":{"rendered":"<p>K\u0131rkl\u0131 ya\u015flar\u0131na ad\u0131m atan Ha\u015fmet, miras kalan pansiyonu devralmak i\u00e7in sevgilisi \u00d6zg\u00fcr ile ge\u00e7mi\u015fin izlerini s\u00fcrmek \u00fczere kasabas\u0131na d\u00f6ner. Ancak bu yolculuk, yaln\u0131zca bir m\u00fclk devri de\u011fil, ge\u00e7mi\u015fin yeniden y\u00fczeye \u00e7\u0131k\u0131\u015f\u0131d\u0131r. Gassal olan day\u0131s\u0131 Bahattin\u2019in, \u00f6l\u00fcleri y\u0131karken ailelerden ald\u0131\u011f\u0131 notlarla olu\u015fturdu\u011fu tuhaf d\u00fcnya, Ha\u015fmet\u2019in kay\u0131plar, zorbal\u0131k ve unutamad\u0131\u011f\u0131 a\u015fk\u0131yla y\u00fczle\u015fmesine neden olur. Roman, intihar, cinayet ve vicdan azab\u0131 etraf\u0131nda d\u00f6nerken, ge\u00e7mi\u015fin yank\u0131lar\u0131 g\u00fcn\u00fcm\u00fczdeki derin yaralar\u0131 a\u00e7\u0131\u011fa \u00e7\u0131kar\u0131yor. Kenet, ya\u015fam\u0131n ve \u00f6l\u00fcm\u00fcn i\u00e7 i\u00e7e ge\u00e7ti\u011fi bir yolculu\u011fa davet ediyor; okuyucuyu, kay\u0131plar\u0131n g\u00f6lgesinde sorgulay\u0131c\u0131 bir deneyime s\u00fcr\u00fckl\u00fcyor. <\/p>\n","protected":false},"excerpt":{"rendered":"<p>K\u0131rkl\u0131 ya\u015flar\u0131na ad\u0131m atan Ha\u015fmet, miras kalan pansiyonu devralmak i\u00e7in sevgilisi \u00d6zg\u00fcr ile ge\u00e7mi\u015fin izlerini s\u00fcrmek \u00fczere kasabas\u0131na d\u00f6ner. Ancak bu yolculuk, yaln\u0131zca bir m\u00fclk devri<span class=\"excerpt-hellip\"> [\u2026]<\/span><\/p>\n","protected":false},"featured_media":0,"template":"","meta":{"_monsterinsights_skip_tracking":false,"_monsterinsights_sitenote_active":false,"_monsterinsights_sitenote_note":"","_monsterinsights_sitenote_category":0},"product_brand":[],"product_cat":[12291,12711],"product_tag":[],"class_list":{"0":"post-764900","1":"product","2":"type-product","3":"status-publish","5":"product_cat-edebiyat","6":"product_cat-roman-oyku","7":"pa_cilt-ciltsiz","8":"pa_tur-kitap","9":"pa_yayinevi-eksik-parca-yayinlari","10":"pa_yazar-hakan-akdogan","12":"first","13":"instock","14":"sale","15":"shipping-taxable","16":"purchasable","17":"product-type-simple"},"_links":{"self":[{"href":"https:\/\/roveyayinevi.com.tr\/index.php\/wp-json\/wp\/v2\/product\/764900","targetHints":{"allow":["GET"]}}],"collection":[{"href":"https:\/\/roveyayinevi.com.tr\/index.php\/wp-json\/wp\/v2\/product"}],"about":[{"href":"https:\/\/roveyayinevi.com.tr\/index.php\/wp-json\/wp\/v2\/types\/product"}],"wp:attachment":[{"href":"https:\/\/roveyayinevi.com.tr\/index.php\/wp-json\/wp\/v2\/media?parent=764900"}],"wp:term":[{"taxonomy":"product_brand","embeddable":true,"href":"https:\/\/roveyayinevi.com.tr\/index.php\/wp-json\/wp\/v2\/product_brand?post=764900"},{"taxonomy":"product_cat","embeddable":true,"href":"https:\/\/roveyayinevi.com.tr\/index.php\/wp-json\/wp\/v2\/product_cat?post=764900"},{"taxonomy":"product_tag","embeddable":true,"href":"https:\/\/roveyayinevi.com.tr\/index.php\/wp-json\/wp\/v2\/product_tag?post=764900"}],"curies":[{"name":"wp","href":"https:\/\/api.w.org\/{rel}","templated":true}]}}