{"id":764898,"date":"2025-08-28T11:25:12","date_gmt":"2025-08-28T08:25:12","guid":{"rendered":"https:\/\/roveyayinevi.com.tr\/index.php\/urun\/egzersiz-bagimliligi-ve-tutku-duzeyinin-performansla-iliskisi\/"},"modified":"2026-04-15T03:30:48","modified_gmt":"2026-04-15T00:30:48","slug":"egzersiz-bagimliligi-ve-tutku-duzeyinin-performansla-iliskisi","status":"publish","type":"product","link":"https:\/\/roveyayinevi.com.tr\/index.php\/urun\/egzersiz-bagimliligi-ve-tutku-duzeyinin-performansla-iliskisi\/","title":{"rendered":"Egzersiz Ba\u011f\u0131ml\u0131l\u0131\u011f\u0131 Ve Tutku D\u00fczeyinin Performansla \u0130li\u015fkisi"},"content":{"rendered":"<p>\u0130\u00e7indekiler :         1. G\u0130R\u0130\u015e         2. GENEL B\u0130LG\u0130LER         3. ARA\u015eTIRMANIN YOL HAR\u0130TASI         4. \u00d6NE \u00c7IKAN G\u00d6ZLEMLER         5. YORUMLAR         6. GENEL DE\u011eERLEND\u0130RME         7. GEL\u0130\u015eT\u0130RME F\u0130K\u0130RLER\u0130 <\/p>\n","protected":false},"excerpt":{"rendered":"<p>\u0130\u00e7indekiler : 1. G\u0130R\u0130\u015e 2. GENEL B\u0130LG\u0130LER 3. ARA\u015eTIRMANIN YOL HAR\u0130TASI 4. \u00d6NE \u00c7IKAN G\u00d6ZLEMLER 5. YORUMLAR 6. GENEL DE\u011eERLEND\u0130RME 7. GEL\u0130\u015eT\u0130RME F\u0130K\u0130RLER\u0130<\/p>\n","protected":false},"featured_media":0,"template":"","meta":{"_monsterinsights_skip_tracking":false,"_monsterinsights_sitenote_active":false,"_monsterinsights_sitenote_note":"","_monsterinsights_sitenote_category":0},"product_brand":[],"product_cat":[15563,15564],"product_tag":[],"class_list":{"0":"post-764898","1":"product","2":"type-product","3":"status-publish","5":"product_cat-hobi","6":"product_cat-spor","7":"pa_cilt-ciltsiz","8":"pa_tur-kitap","9":"pa_yayinevi-gazi-kitabevi","10":"pa_yazar-ercan-ayilgan","12":"first","13":"instock","14":"sale","15":"shipping-taxable","16":"purchasable","17":"product-type-simple"},"_links":{"self":[{"href":"https:\/\/roveyayinevi.com.tr\/index.php\/wp-json\/wp\/v2\/product\/764898","targetHints":{"allow":["GET"]}}],"collection":[{"href":"https:\/\/roveyayinevi.com.tr\/index.php\/wp-json\/wp\/v2\/product"}],"about":[{"href":"https:\/\/roveyayinevi.com.tr\/index.php\/wp-json\/wp\/v2\/types\/product"}],"wp:attachment":[{"href":"https:\/\/roveyayinevi.com.tr\/index.php\/wp-json\/wp\/v2\/media?parent=764898"}],"wp:term":[{"taxonomy":"product_brand","embeddable":true,"href":"https:\/\/roveyayinevi.com.tr\/index.php\/wp-json\/wp\/v2\/product_brand?post=764898"},{"taxonomy":"product_cat","embeddable":true,"href":"https:\/\/roveyayinevi.com.tr\/index.php\/wp-json\/wp\/v2\/product_cat?post=764898"},{"taxonomy":"product_tag","embeddable":true,"href":"https:\/\/roveyayinevi.com.tr\/index.php\/wp-json\/wp\/v2\/product_tag?post=764898"}],"curies":[{"name":"wp","href":"https:\/\/api.w.org\/{rel}","templated":true}]}}