{"id":764897,"date":"2025-08-28T11:25:11","date_gmt":"2025-08-28T08:25:11","guid":{"rendered":"https:\/\/roveyayinevi.com.tr\/index.php\/urun\/ip-atlama-vs-pliometrik-antrenman-izokinetik-performans\/"},"modified":"2026-04-15T03:30:48","modified_gmt":"2026-04-15T00:30:48","slug":"ip-atlama-vs-pliometrik-antrenman-izokinetik-performans","status":"publish","type":"product","link":"https:\/\/roveyayinevi.com.tr\/index.php\/urun\/ip-atlama-vs-pliometrik-antrenman-izokinetik-performans\/","title":{"rendered":"\u0130p Atlama vs Pliometrik Antrenman (\u0130zokinetik Performans)"},"content":{"rendered":"<p>\u0130\u00e7indekiler :           B\u00d6L\u00dcM 1 : TEOR\u0130K \u00c7ER\u00c7EVE         B\u00d6L\u00dcM 2 : Y\u00d6NTEM         B\u00d6L\u00dcM 3 : BULGULAR VE TARTI\u015eMA         B\u00d6L\u00dcM 4. SONU\u00c7 VE \u00d6NER\u0130LER <\/p>\n","protected":false},"excerpt":{"rendered":"<p>\u0130\u00e7indekiler : B\u00d6L\u00dcM 1 : TEOR\u0130K \u00c7ER\u00c7EVE B\u00d6L\u00dcM 2 : Y\u00d6NTEM B\u00d6L\u00dcM 3 : BULGULAR VE TARTI\u015eMA B\u00d6L\u00dcM 4. SONU\u00c7 VE \u00d6NER\u0130LER<\/p>\n","protected":false},"featured_media":0,"template":"","meta":{"_monsterinsights_skip_tracking":false,"_monsterinsights_sitenote_active":false,"_monsterinsights_sitenote_note":"","_monsterinsights_sitenote_category":0},"product_brand":[],"product_cat":[15563,15564],"product_tag":[],"class_list":{"0":"post-764897","1":"product","2":"type-product","3":"status-publish","5":"product_cat-hobi","6":"product_cat-spor","7":"pa_cilt-ciltsiz","8":"pa_tur-kitap","9":"pa_yayinevi-gazi-kitabevi","10":"pa_yazar-kadir-diler","12":"first","13":"instock","14":"sale","15":"shipping-taxable","16":"purchasable","17":"product-type-simple"},"_links":{"self":[{"href":"https:\/\/roveyayinevi.com.tr\/index.php\/wp-json\/wp\/v2\/product\/764897","targetHints":{"allow":["GET"]}}],"collection":[{"href":"https:\/\/roveyayinevi.com.tr\/index.php\/wp-json\/wp\/v2\/product"}],"about":[{"href":"https:\/\/roveyayinevi.com.tr\/index.php\/wp-json\/wp\/v2\/types\/product"}],"wp:attachment":[{"href":"https:\/\/roveyayinevi.com.tr\/index.php\/wp-json\/wp\/v2\/media?parent=764897"}],"wp:term":[{"taxonomy":"product_brand","embeddable":true,"href":"https:\/\/roveyayinevi.com.tr\/index.php\/wp-json\/wp\/v2\/product_brand?post=764897"},{"taxonomy":"product_cat","embeddable":true,"href":"https:\/\/roveyayinevi.com.tr\/index.php\/wp-json\/wp\/v2\/product_cat?post=764897"},{"taxonomy":"product_tag","embeddable":true,"href":"https:\/\/roveyayinevi.com.tr\/index.php\/wp-json\/wp\/v2\/product_tag?post=764897"}],"curies":[{"name":"wp","href":"https:\/\/api.w.org\/{rel}","templated":true}]}}