{"id":764896,"date":"2025-08-28T11:25:10","date_gmt":"2025-08-28T08:25:10","guid":{"rendered":"https:\/\/roveyayinevi.com.tr\/index.php\/urun\/myart-4-ekim-kasim-aralik-2024\/"},"modified":"2026-04-15T03:30:48","modified_gmt":"2026-04-15T00:30:48","slug":"myart-4-ekim-kasim-aralik-2024","status":"publish","type":"product","link":"https:\/\/roveyayinevi.com.tr\/index.php\/urun\/myart-4-ekim-kasim-aralik-2024\/","title":{"rendered":"MYART-4 (Ekim-Kas\u0131m-Aral\u0131k 2024)"},"content":{"rendered":"<p>MYART\u2019\u0131n 4. Say\u0131s\u0131nda a\u015fa\u011f\u0131daki yazarlar\u0131n \u00e7al\u0131\u015fmalar\u0131 bulunmaktad\u0131r: Bir Sanat \u015eaheseri Olarak Antik \u00c7a\u011f Parf\u00fcm Kaplar\u0131 (Cenker AT\u0130LA) \/ 5, Antik \u00c7a\u011f Mezar Mimarisinde Bir Ba\u015fyap\u0131t: Halikarnassos Mausoleion\u2019u (Emre OKAN) \/ 9, Koro ve M\u00fczik (Muammer KORKMAZ) \/ 13, Soyut D\u0131\u015favurumcu Bir Metafor: Kurgan (\u015eebnem ATILGAN) \/ 17, Barok D\u00f6nemine \u0130z B\u0131rakan G\u00fc\u00e7l\u00fc Kad\u0131n: Artemisia Gentilesch (Yaren KOCA) \/ 21, Antik D\u00f6nemde Pi\u015fmi\u015f Toprak Oyuncaklar (Elif Zengin BI\u00c7AKKIRAN) \/ 24 , Ressam ve \u015eair Can Emre Da\u011f (Ecem \u00dcNER) \/ 28, Bo\u011funtulu Bir Zaman (Veysel \u00c7OLAK) \/ 31, Sanat Tarihi ve Edebiyat: K\u00fclt\u00fcrel Belle\u011fin \u0130ki Y\u00fcz\u00fc (Burcu \u00dcNL\u00dc) \/ 32, Boji (Ay\u00e7a ERDURA) \/ 34, Sabun K\u00f6p\u00fc\u011f\u00fc (Merve ADIN) \/ 35, At\u0131f Y\u0131lmaz (\u0130brahim TI\u011e) \/ 39, Ars\u0131z (Emine AYDO\u011eDU) \/ 40, \u015eaman Ayetleri-2 (Hacer YILMAZ) \/ 43, G\u00fcvercinler \u0130nerse (\u015eeyda APAYDIN) \/ 44, Yeni Bir Anlam (Aydanur SARA\u00c7) \/ 49, Denizden, Duvardan ve Ge\u00e7mi\u015ften (Umut \u00c7ET\u0130N) \/ 50 , Renklerin Reng\u00e2s\u0131 (Dilek DE\u011eERL\u0130 &amp; Asl\u0131han T\u00dcYL\u00dcO\u011eLU) \/ 52, Yar\u0131m (Co\u015fkun BAKIRCI) \/ 52, F\u0131st\u0131kl\u0131 Helva (Esra \u00c7AKIR) \/ 53,  Haikular (Fato\u015f AVCISOYU RUSO) \/ 56, Bir Filin Vurulmas\u0131 (George Orwell, \u00c7eviri: \u00d6zg\u00fcr \u015eiir \u00c7ET\u0130N) \/ 57, Ad\u0131n Dilimin Alt\u0131nda (Fatma ARAS) \/ 63, Kars (Sinan KABAN) \/ 63, \u00dcnl\u00fc Yazarlarla \u0130lgili Tuhaf Bilmeceler (Kerem KACAR) \/ 64, Toyluktan Ar\u0131nd\u0131ran Ge\u00e7itlerde (Hatice TARKAN DO\u011eANAY) \/ 65, Ta\u015f Balta (Veysel DA\u011e) <\/p>\n","protected":false},"excerpt":{"rendered":"<p>MYART\u2019\u0131n 4. Say\u0131s\u0131nda a\u015fa\u011f\u0131daki yazarlar\u0131n \u00e7al\u0131\u015fmalar\u0131 bulunmaktad\u0131r: Bir Sanat \u015eaheseri Olarak Antik \u00c7a\u011f Parf\u00fcm Kaplar\u0131 (Cenker AT\u0130LA) \/ 5, Antik \u00c7a\u011f Mezar Mimarisinde Bir Ba\u015fyap\u0131t: Halikarnassos<span class=\"excerpt-hellip\"> [\u2026]<\/span><\/p>\n","protected":false},"featured_media":0,"template":"","meta":{"_monsterinsights_skip_tracking":false,"_monsterinsights_sitenote_active":false,"_monsterinsights_sitenote_note":"","_monsterinsights_sitenote_category":0},"product_brand":[],"product_cat":[13527],"product_tag":[],"class_list":{"0":"post-764896","1":"product","2":"type-product","3":"status-publish","5":"product_cat-sureli-yayinlar","6":"pa_cilt-ciltsiz","7":"pa_tur-dergi","8":"pa_yayinevi-myrina-yayinlari","9":"pa_yazar-kolektif","11":"first","12":"instock","13":"sale","14":"shipping-taxable","15":"purchasable","16":"product-type-simple"},"_links":{"self":[{"href":"https:\/\/roveyayinevi.com.tr\/index.php\/wp-json\/wp\/v2\/product\/764896","targetHints":{"allow":["GET"]}}],"collection":[{"href":"https:\/\/roveyayinevi.com.tr\/index.php\/wp-json\/wp\/v2\/product"}],"about":[{"href":"https:\/\/roveyayinevi.com.tr\/index.php\/wp-json\/wp\/v2\/types\/product"}],"wp:attachment":[{"href":"https:\/\/roveyayinevi.com.tr\/index.php\/wp-json\/wp\/v2\/media?parent=764896"}],"wp:term":[{"taxonomy":"product_brand","embeddable":true,"href":"https:\/\/roveyayinevi.com.tr\/index.php\/wp-json\/wp\/v2\/product_brand?post=764896"},{"taxonomy":"product_cat","embeddable":true,"href":"https:\/\/roveyayinevi.com.tr\/index.php\/wp-json\/wp\/v2\/product_cat?post=764896"},{"taxonomy":"product_tag","embeddable":true,"href":"https:\/\/roveyayinevi.com.tr\/index.php\/wp-json\/wp\/v2\/product_tag?post=764896"}],"curies":[{"name":"wp","href":"https:\/\/api.w.org\/{rel}","templated":true}]}}