{"id":764894,"date":"2025-08-28T11:25:07","date_gmt":"2025-08-28T08:25:07","guid":{"rendered":"https:\/\/roveyayinevi.com.tr\/index.php\/urun\/cornell-not-defteri\/"},"modified":"2026-04-15T03:30:48","modified_gmt":"2026-04-15T00:30:48","slug":"cornell-not-defteri","status":"publish","type":"product","link":"https:\/\/roveyayinevi.com.tr\/index.php\/urun\/cornell-not-defteri\/","title":{"rendered":"Cornell Not Defteri"},"content":{"rendered":"<p>S\u0131radan not defterlerinden s\u0131k\u0131ld\u0131n\u0131z m\u0131? Derslerde, toplant\u0131larda veya kitap okurken ald\u0131\u011f\u0131n\u0131z notlar karmakar\u0131\u015f\u0131k ve d\u00fczensiz mi geliyor? \u00d6yleyse Cornell Not Defteri tam size g\u00f6re! Cornell \u00dcniversitesi&#8217;nde geli\u015ftirilen bu \u00f6zel not alma sistemi, \u00f6\u011frenme ve bilgiyi \u00f6z\u00fcmseme s\u00fcrecinizi tamamen de\u011fi\u015ftirecek. Peki, Cornell Not Defteri&#8217;ni bu kadar \u00f6zel k\u0131lan ne? \u0130\u015fte Cornell Not Defteri&#8217;nin size sundu\u011fu avantajlar: D\u00fczenli ve Yap\u0131land\u0131r\u0131lm\u0131\u015f Notlar: Sayfa d\u00fczeni sayesinde notlar\u0131n\u0131z\u0131, anahtar kelimeleri ve \u00f6zetleri belirli b\u00f6l\u00fcmlere ay\u0131rarak karma\u015f\u0131kl\u0131\u011fa son! Aktif \u00d6\u011frenmeyi Te\u015fvik Eder: Not alma s\u00fcrecine aktif olarak kat\u0131lman\u0131z\u0131 sa\u011flayarak bilgileri daha iyi anlaman\u0131za ve hat\u0131rlaman\u0131za yard\u0131mc\u0131 olur. Etkin Tekrar ve G\u00f6zden Ge\u00e7irme: &#8220;\u0130pucu&#8221; b\u00f6l\u00fcm\u00fc sayesinde konular\u0131 h\u0131zl\u0131ca tekrar edebilir ve s\u0131navlara daha etkili bir \u015fekilde haz\u0131rlanabilirsiniz. Zaman Tasarrufu: D\u00fczenli notlar sayesinde arad\u0131\u011f\u0131n\u0131z bilgiyi kolayca bulur, zaman kaybetmezsiniz. Her Alana Uygun: Dersler, toplant\u0131lar, kitap \u00f6zetleri, beyin f\u0131rt\u0131nas\u0131 ve daha fazlas\u0131 i\u00e7in idealdir. Daha fazla bilgi ve sipari\u015f i\u00e7in sitemizi ziyaret edin! <\/p>\n","protected":false},"excerpt":{"rendered":"<p>S\u0131radan not defterlerinden s\u0131k\u0131ld\u0131n\u0131z m\u0131? Derslerde, toplant\u0131larda veya kitap okurken ald\u0131\u011f\u0131n\u0131z notlar karmakar\u0131\u015f\u0131k ve d\u00fczensiz mi geliyor? \u00d6yleyse Cornell Not Defteri tam size g\u00f6re! Cornell \u00dcniversitesi&#8217;nde<span class=\"excerpt-hellip\"> [\u2026]<\/span><\/p>\n","protected":false},"featured_media":0,"template":"","meta":{"_monsterinsights_skip_tracking":false,"_monsterinsights_sitenote_active":false,"_monsterinsights_sitenote_note":"","_monsterinsights_sitenote_category":0},"product_brand":[],"product_cat":[28265,15563],"product_tag":[],"class_list":{"0":"post-764894","1":"product","2":"type-product","3":"status-publish","5":"product_cat-diger-hobi","6":"product_cat-hobi","7":"pa_cilt-ciltsiz","8":"pa_tur-defter","9":"pa_yayinevi-fa-yayinlari","10":"pa_yazar-kolektif","12":"first","13":"instock","14":"sale","15":"shipping-taxable","16":"purchasable","17":"product-type-simple"},"_links":{"self":[{"href":"https:\/\/roveyayinevi.com.tr\/index.php\/wp-json\/wp\/v2\/product\/764894","targetHints":{"allow":["GET"]}}],"collection":[{"href":"https:\/\/roveyayinevi.com.tr\/index.php\/wp-json\/wp\/v2\/product"}],"about":[{"href":"https:\/\/roveyayinevi.com.tr\/index.php\/wp-json\/wp\/v2\/types\/product"}],"wp:attachment":[{"href":"https:\/\/roveyayinevi.com.tr\/index.php\/wp-json\/wp\/v2\/media?parent=764894"}],"wp:term":[{"taxonomy":"product_brand","embeddable":true,"href":"https:\/\/roveyayinevi.com.tr\/index.php\/wp-json\/wp\/v2\/product_brand?post=764894"},{"taxonomy":"product_cat","embeddable":true,"href":"https:\/\/roveyayinevi.com.tr\/index.php\/wp-json\/wp\/v2\/product_cat?post=764894"},{"taxonomy":"product_tag","embeddable":true,"href":"https:\/\/roveyayinevi.com.tr\/index.php\/wp-json\/wp\/v2\/product_tag?post=764894"}],"curies":[{"name":"wp","href":"https:\/\/api.w.org\/{rel}","templated":true}]}}