{"id":764893,"date":"2025-08-28T11:25:05","date_gmt":"2025-08-28T08:25:05","guid":{"rendered":"https:\/\/roveyayinevi.com.tr\/index.php\/urun\/tarih-boyunca-istanbul-borsasi\/"},"modified":"2026-04-15T03:30:48","modified_gmt":"2026-04-15T00:30:48","slug":"tarih-boyunca-istanbul-borsasi","status":"publish","type":"product","link":"https:\/\/roveyayinevi.com.tr\/index.php\/urun\/tarih-boyunca-istanbul-borsasi\/","title":{"rendered":"Tarih Boyunca \u0130stanbul Borsas\u0131"},"content":{"rendered":"<p>Borsan\u0131n do\u011fu\u015fundan ba\u015flay\u0131p \u00f6nce Avrupa\u2019da, ard\u0131ndan da Osmanl\u0131\u2019daki geli\u015fimini inceledikten sonra, \u0130MKB\u2019nin kurulu\u015fu ve geli\u015fimini aktaran bu eser, kayna\u011f\u0131n yeterince az oldu\u011fu bir alanda, Prof. Dr. Haydar Kazgan\u2019\u0131n detayl\u0131 ara\u015ft\u0131rmalar\u0131 ve de\u011ferlendirmeleri sonucu ortaya \u00e7\u0131km\u0131\u015ft\u0131r. <\/p>\n","protected":false},"excerpt":{"rendered":"<p>Borsan\u0131n do\u011fu\u015fundan ba\u015flay\u0131p \u00f6nce Avrupa\u2019da, ard\u0131ndan da Osmanl\u0131\u2019daki geli\u015fimini inceledikten sonra, \u0130MKB\u2019nin kurulu\u015fu ve geli\u015fimini aktaran bu eser, kayna\u011f\u0131n yeterince az oldu\u011fu bir alanda, Prof. Dr.<span class=\"excerpt-hellip\"> [\u2026]<\/span><\/p>\n","protected":false},"featured_media":0,"template":"","meta":{"_monsterinsights_skip_tracking":false,"_monsterinsights_sitenote_active":false,"_monsterinsights_sitenote_note":"","_monsterinsights_sitenote_category":0},"product_brand":[],"product_cat":[17249,13043],"product_tag":[],"class_list":{"0":"post-764893","1":"product","2":"type-product","3":"status-publish","5":"product_cat-borsa-finans","6":"product_cat-ekonomi","7":"pa_cilt-ciltsiz","8":"pa_tur-kitap","9":"pa_yayinevi-efil-yayinevi","10":"pa_yazar-haydar-kazgan","12":"first","13":"instock","14":"sale","15":"shipping-taxable","16":"purchasable","17":"product-type-simple"},"_links":{"self":[{"href":"https:\/\/roveyayinevi.com.tr\/index.php\/wp-json\/wp\/v2\/product\/764893","targetHints":{"allow":["GET"]}}],"collection":[{"href":"https:\/\/roveyayinevi.com.tr\/index.php\/wp-json\/wp\/v2\/product"}],"about":[{"href":"https:\/\/roveyayinevi.com.tr\/index.php\/wp-json\/wp\/v2\/types\/product"}],"wp:attachment":[{"href":"https:\/\/roveyayinevi.com.tr\/index.php\/wp-json\/wp\/v2\/media?parent=764893"}],"wp:term":[{"taxonomy":"product_brand","embeddable":true,"href":"https:\/\/roveyayinevi.com.tr\/index.php\/wp-json\/wp\/v2\/product_brand?post=764893"},{"taxonomy":"product_cat","embeddable":true,"href":"https:\/\/roveyayinevi.com.tr\/index.php\/wp-json\/wp\/v2\/product_cat?post=764893"},{"taxonomy":"product_tag","embeddable":true,"href":"https:\/\/roveyayinevi.com.tr\/index.php\/wp-json\/wp\/v2\/product_tag?post=764893"}],"curies":[{"name":"wp","href":"https:\/\/api.w.org\/{rel}","templated":true}]}}