{"id":764892,"date":"2025-08-28T11:25:03","date_gmt":"2025-08-28T08:25:03","guid":{"rendered":"https:\/\/roveyayinevi.com.tr\/index.php\/urun\/bir-zamanlar-efemera\/"},"modified":"2026-04-14T03:27:06","modified_gmt":"2026-04-14T00:27:06","slug":"bir-zamanlar-efemera","status":"publish","type":"product","link":"https:\/\/roveyayinevi.com.tr\/index.php\/urun\/bir-zamanlar-efemera\/","title":{"rendered":"Bir Zamanlar Efemera"},"content":{"rendered":"<p>Hayat\u0131m\u0131zda ne kadar \u00f6nemli bir yer i\u015fgal etti\u011finin, onlars\u0131z bir ya\u015fam s\u00fcrd\u00fcrebilmemizin imkans\u0131zl\u0131\u011f\u0131n\u0131n fark\u0131nda bile olmad\u0131\u011f\u0131m\u0131z ka\u011f\u0131t par\u00e7alar\u0131n\u0131n, malzemelerin, belgelerin ki\u015fisel ve toplumsal \u00f6nemini okuyucuya g\u00f6rselleri, bilgileri ve ya\u015fanm\u0131\u015f an\u0131lar\u0131yla sunmay\u0131 ama\u00e7layan bir kitap. <\/p>\n","protected":false},"excerpt":{"rendered":"<p>Hayat\u0131m\u0131zda ne kadar \u00f6nemli bir yer i\u015fgal etti\u011finin, onlars\u0131z bir ya\u015fam s\u00fcrd\u00fcrebilmemizin imkans\u0131zl\u0131\u011f\u0131n\u0131n fark\u0131nda bile olmad\u0131\u011f\u0131m\u0131z ka\u011f\u0131t par\u00e7alar\u0131n\u0131n, malzemelerin, belgelerin ki\u015fisel ve toplumsal \u00f6nemini okuyucuya g\u00f6rselleri,<span class=\"excerpt-hellip\"> [\u2026]<\/span><\/p>\n","protected":false},"featured_media":0,"template":"","meta":{"_monsterinsights_skip_tracking":false,"_monsterinsights_sitenote_active":false,"_monsterinsights_sitenote_note":"","_monsterinsights_sitenote_category":0},"product_brand":[],"product_cat":[13701,12291],"product_tag":[],"class_list":{"0":"post-764892","1":"product","2":"type-product","3":"status-publish","5":"product_cat-ani-mektup-gunluk","6":"product_cat-edebiyat","7":"pa_cilt-ciltsiz","8":"pa_tur-kitap","9":"pa_yayinevi-soncag","10":"pa_yazar-mesut-cinetci","12":"first","13":"instock","14":"sale","15":"shipping-taxable","16":"purchasable","17":"product-type-simple"},"_links":{"self":[{"href":"https:\/\/roveyayinevi.com.tr\/index.php\/wp-json\/wp\/v2\/product\/764892","targetHints":{"allow":["GET"]}}],"collection":[{"href":"https:\/\/roveyayinevi.com.tr\/index.php\/wp-json\/wp\/v2\/product"}],"about":[{"href":"https:\/\/roveyayinevi.com.tr\/index.php\/wp-json\/wp\/v2\/types\/product"}],"wp:attachment":[{"href":"https:\/\/roveyayinevi.com.tr\/index.php\/wp-json\/wp\/v2\/media?parent=764892"}],"wp:term":[{"taxonomy":"product_brand","embeddable":true,"href":"https:\/\/roveyayinevi.com.tr\/index.php\/wp-json\/wp\/v2\/product_brand?post=764892"},{"taxonomy":"product_cat","embeddable":true,"href":"https:\/\/roveyayinevi.com.tr\/index.php\/wp-json\/wp\/v2\/product_cat?post=764892"},{"taxonomy":"product_tag","embeddable":true,"href":"https:\/\/roveyayinevi.com.tr\/index.php\/wp-json\/wp\/v2\/product_tag?post=764892"}],"curies":[{"name":"wp","href":"https:\/\/api.w.org\/{rel}","templated":true}]}}