{"id":764891,"date":"2025-08-28T11:25:02","date_gmt":"2025-08-28T08:25:02","guid":{"rendered":"https:\/\/roveyayinevi.com.tr\/index.php\/urun\/turk-samanizmi\/"},"modified":"2026-04-15T03:30:48","modified_gmt":"2026-04-15T00:30:48","slug":"turk-samanizmi","status":"publish","type":"product","link":"https:\/\/roveyayinevi.com.tr\/index.php\/urun\/turk-samanizmi\/","title":{"rendered":"T\u00fcrk \u015eamanizmi"},"content":{"rendered":"<p>T\u00fcrk \u015eamanizmi&#8217;nde T\u00fcrk\u00e7e olmayan hi\u00e7bir ifade yoktur.  Sihir s\u00f6zleri, semboller, dualar ve ibadetler hep T\u00fcrk\u00e7ede T\u00fcrklerden, ba\u015fka toplumlara bile ge\u00e7en dini terimler de hep T\u00fcrk\u00e7edir. Bu nedenle T\u00fcrklerin milli dini, T\u00fcrk \u015eamanizmi&#8217;dir. <\/p>\n","protected":false},"excerpt":{"rendered":"<p>T\u00fcrk \u015eamanizmi&#8217;nde T\u00fcrk\u00e7e olmayan hi\u00e7bir ifade yoktur. Sihir s\u00f6zleri, semboller, dualar ve ibadetler hep T\u00fcrk\u00e7ede T\u00fcrklerden, ba\u015fka toplumlara bile ge\u00e7en dini terimler de hep T\u00fcrk\u00e7edir. Bu<span class=\"excerpt-hellip\"> [\u2026]<\/span><\/p>\n","protected":false},"featured_media":0,"template":"","meta":{"_monsterinsights_skip_tracking":false,"_monsterinsights_sitenote_active":false,"_monsterinsights_sitenote_note":"","_monsterinsights_sitenote_category":0},"product_brand":[],"product_cat":[16382,12718],"product_tag":[],"class_list":{"0":"post-764891","1":"product","2":"type-product","3":"status-publish","5":"product_cat-diger-inanclar","6":"product_cat-din","7":"pa_cilt-ciltsiz","8":"pa_tur-kitap","9":"pa_yayinevi-soncag-akademik-kitaplar","10":"pa_yazar-hasan-bekiroglu","12":"first","13":"instock","14":"sale","15":"shipping-taxable","16":"purchasable","17":"product-type-simple"},"_links":{"self":[{"href":"https:\/\/roveyayinevi.com.tr\/index.php\/wp-json\/wp\/v2\/product\/764891","targetHints":{"allow":["GET"]}}],"collection":[{"href":"https:\/\/roveyayinevi.com.tr\/index.php\/wp-json\/wp\/v2\/product"}],"about":[{"href":"https:\/\/roveyayinevi.com.tr\/index.php\/wp-json\/wp\/v2\/types\/product"}],"wp:attachment":[{"href":"https:\/\/roveyayinevi.com.tr\/index.php\/wp-json\/wp\/v2\/media?parent=764891"}],"wp:term":[{"taxonomy":"product_brand","embeddable":true,"href":"https:\/\/roveyayinevi.com.tr\/index.php\/wp-json\/wp\/v2\/product_brand?post=764891"},{"taxonomy":"product_cat","embeddable":true,"href":"https:\/\/roveyayinevi.com.tr\/index.php\/wp-json\/wp\/v2\/product_cat?post=764891"},{"taxonomy":"product_tag","embeddable":true,"href":"https:\/\/roveyayinevi.com.tr\/index.php\/wp-json\/wp\/v2\/product_tag?post=764891"}],"curies":[{"name":"wp","href":"https:\/\/api.w.org\/{rel}","templated":true}]}}