{"id":764890,"date":"2025-08-28T11:25:00","date_gmt":"2025-08-28T08:25:00","guid":{"rendered":"https:\/\/roveyayinevi.com.tr\/index.php\/urun\/mai-ve-siyah-gunumuz-turkcesiyle-turk-klasikleri\/"},"modified":"2026-04-15T03:30:48","modified_gmt":"2026-04-15T00:30:48","slug":"mai-ve-siyah-gunumuz-turkcesiyle-turk-klasikleri","status":"publish","type":"product","link":"https:\/\/roveyayinevi.com.tr\/index.php\/urun\/mai-ve-siyah-gunumuz-turkcesiyle-turk-klasikleri\/","title":{"rendered":"Mai ve Siyah &#8211; G\u00fcn\u00fcm\u00fcz T\u00fcrk\u00e7esiyle T\u00fcrk Klasikleri"},"content":{"rendered":"<p>\u201cBak \u015fu g\u00f6ky\u00fcz\u00fcne, ne g\u00f6r\u00fcyorsun, mailiklerden olu\u015fan bir deniz&#8230; G\u00f6zlerinle onun i\u00e7ine girmeye \u00e7al\u0131\u015f; o mailikleri y\u0131rtmak i\u00e7in u\u011fra\u015f, ne g\u00f6r\u00fcyorsun? Mai&#8230; Daima mai&#8230; De\u011fil mi? Sonra bak aya\u011f\u0131m\u0131z\u0131n alt\u0131ndaki topra\u011fa, ne buluyorsun? Donmu\u015f, simsiyah bir renk&#8230; Of! O siyah tabakalar\u0131 par\u00e7alayarak i\u00e7eriye bak; in, in, in, ne kadar inebilmek m\u00fcmk\u00fcnse o kadar in; ne buluyorsun? O siyahl\u0131klar i\u00e7inde ne buluyorsun? Siyah&#8230; Daima siyah de\u011fil mi? \u0130\u015fte \u00f6yle bir \u015fey yazmak istiyorum ki yukar\u0131 bak\u0131lsa mai ve daima mai; a\u015fa\u011f\u0131 bak\u0131lsa siyah, daima siyah&#8230; Bir \u015fey ki mai ve siyah olsun.\u201d Halid Ziya U\u015fakl\u0131gil, T\u00fcrk edebiyat\u0131na dil, \u00fcslup ve roman tekni\u011fi itibariyle yenilik getiren, Edebiyat-\u0131 Cedide Toplulu\u011fu\u2019nun nesir sahas\u0131ndaki en \u00f6nemli temsilcisidir. Onun olgunluk d\u00f6nemi eserlerinden ilki Mai ve Siyah\u2019t\u0131r. Mai ve Siyah roman\u0131, hayatta istedi\u011fi hi\u00e7bir \u015feyi ba\u015faramam\u0131\u015f, hayalperest bir gen\u00e7 olan Ahmet Cemil\u2019in roman\u0131d\u0131r. Ahmet Cemil, t\u00fcm vaktini edebiyat d\u00fcnyas\u0131na yenilik getirece\u011fini d\u00fc\u015f\u00fcnd\u00fc\u011f\u00fc \u015fiiriyle ge\u00e7irmek isterken, ge\u00e7im derdiyle polisiye romanlar \u00e7evirir, zengin \u00e7ocuklar\u0131na \u00f6zel dersler verir. Gazete sahibi olmak isterken k\u0131z karde\u015fi \u0130kbal\u2019in \u00f6l\u00fcm\u00fcyle sars\u0131l\u0131r, babas\u0131ndan yadig\u00e2r kalan evin elinden gitmesi kar\u015f\u0131s\u0131nda \u00e7aresiz kal\u0131r. Son olarak maddi imk\u00e2ns\u0131zl\u0131klar nedeniyle duygular\u0131n\u0131 a\u00e7amad\u0131\u011f\u0131 Lamia\u2019n\u0131n bir subayla ni\u015fanland\u0131\u011f\u0131n\u0131 \u00f6\u011frenmesiyle y\u0131k\u0131l\u0131r. Sonu\u00e7 olarak hayata kar\u015f\u0131 yenik d\u00fc\u015fen Ahmet Cemil, bir ta\u015fra memuriyetiyle \u0130stanbul\u2019u terk etmekten ba\u015fka \u00e7are bulamaz. Mavi bir g\u00f6ky\u00fcz\u00fcn\u00fcn elmas ya\u011fmuru alt\u0131nda, do\u011fmas\u0131n\u0131 bekledi\u011fi \u00fcmit g\u00fcne\u015fini g\u00f6rmeye \u00e7al\u0131\u015fan Ahmet Cemil\u2019in nasipsiz ve bahts\u0131z \u00f6mr\u00fc siyah bir geceyle neticelenir. Yaz\u0131ld\u0131\u011f\u0131 d\u00f6nemin sosyal hayat\u0131na dair \u00f6nemli ayr\u0131nt\u0131lar i\u00e7eren Mai ve Siyah, T\u00fcrk roman\u0131n\u0131n babas\u0131 kabul edilen Halid Ziya\u2019n\u0131n kaleminden \u00e7\u0131km\u0131\u015f ger\u00e7ek bir klasiktir.<\/p>\n","protected":false},"excerpt":{"rendered":"<p>\u201cBak \u015fu g\u00f6ky\u00fcz\u00fcne, ne g\u00f6r\u00fcyorsun, mailiklerden olu\u015fan bir deniz&#8230; G\u00f6zlerinle onun i\u00e7ine girmeye \u00e7al\u0131\u015f; o mailikleri y\u0131rtmak i\u00e7in u\u011fra\u015f, ne g\u00f6r\u00fcyorsun? Mai&#8230; Daima mai&#8230; De\u011fil mi?<span class=\"excerpt-hellip\"> [\u2026]<\/span><\/p>\n","protected":false},"featured_media":0,"template":"","meta":{"_monsterinsights_skip_tracking":false,"_monsterinsights_sitenote_active":false,"_monsterinsights_sitenote_note":"","_monsterinsights_sitenote_category":0},"product_brand":[],"product_cat":[12291,12711],"product_tag":[],"class_list":{"0":"post-764890","1":"product","2":"type-product","3":"status-publish","5":"product_cat-edebiyat","6":"product_cat-roman-oyku","7":"pa_cilt-ciltsiz","8":"pa_tur-kitap","9":"pa_yayinevi-otuken-nesriyat","10":"pa_yazar-halid-ziya-usakligil","12":"first","13":"instock","14":"sale","15":"shipping-taxable","16":"purchasable","17":"product-type-simple"},"_links":{"self":[{"href":"https:\/\/roveyayinevi.com.tr\/index.php\/wp-json\/wp\/v2\/product\/764890","targetHints":{"allow":["GET"]}}],"collection":[{"href":"https:\/\/roveyayinevi.com.tr\/index.php\/wp-json\/wp\/v2\/product"}],"about":[{"href":"https:\/\/roveyayinevi.com.tr\/index.php\/wp-json\/wp\/v2\/types\/product"}],"wp:attachment":[{"href":"https:\/\/roveyayinevi.com.tr\/index.php\/wp-json\/wp\/v2\/media?parent=764890"}],"wp:term":[{"taxonomy":"product_brand","embeddable":true,"href":"https:\/\/roveyayinevi.com.tr\/index.php\/wp-json\/wp\/v2\/product_brand?post=764890"},{"taxonomy":"product_cat","embeddable":true,"href":"https:\/\/roveyayinevi.com.tr\/index.php\/wp-json\/wp\/v2\/product_cat?post=764890"},{"taxonomy":"product_tag","embeddable":true,"href":"https:\/\/roveyayinevi.com.tr\/index.php\/wp-json\/wp\/v2\/product_tag?post=764890"}],"curies":[{"name":"wp","href":"https:\/\/api.w.org\/{rel}","templated":true}]}}