{"id":764889,"date":"2025-08-28T11:24:57","date_gmt":"2025-08-28T08:24:57","guid":{"rendered":"https:\/\/roveyayinevi.com.tr\/index.php\/urun\/amak-i-hayal-gunumuz-turkcesiyle-turk-klasikleri\/"},"modified":"2026-04-15T03:30:48","modified_gmt":"2026-04-15T00:30:48","slug":"amak-i-hayal-gunumuz-turkcesiyle-turk-klasikleri","status":"publish","type":"product","link":"https:\/\/roveyayinevi.com.tr\/index.php\/urun\/amak-i-hayal-gunumuz-turkcesiyle-turk-klasikleri\/","title":{"rendered":"A&#8217;mak-\u0131 Hayal &#8211; G\u00fcn\u00fcm\u00fcz T\u00fcrk\u00e7esiyle T\u00fcrk Klasikleri"},"content":{"rendered":"<p>\u201c\u00c2lem nedir diye kendi kendime sordum, derinden gelen bir ses kahkahalarla g\u00fcld\u00fc, acaba bu bir cevap m\u0131yd\u0131?\u201d II. Me\u015frutiyet devrinin en ilgin\u00e7 fikir ve sanat adamlar\u0131ndan olan \u015eehbenderzade Filibeli Ahmed Hilmi\u2019nin kaleme ald\u0131\u011f\u0131 A\u2019mak-\u0131 Hayal, T\u00fcrk edebiyat\u0131n\u0131n uzun ser\u00fcveni i\u00e7erisinde kaleme alm\u0131\u015f en \u00f6zg\u00fcn \u00e7al\u0131\u015fmalardan biridir. Materyalist \u00f6\u011fretinin h\u00fck\u00fcm s\u00fcrd\u00fc\u011f\u00fc bir \u00e7a\u011fda vicdan\u0131 ile akl\u0131 aras\u0131ndaki \u00e7eli\u015fkilerin i\u00e7 s\u0131k\u0131nt\u0131s\u0131n\u0131 ya\u015fayan R\u00e2ci\u2019nin hayat\u0131 Aynal\u0131 Baba ad\u0131ndaki tuhaf g\u00f6r\u00fcn\u00fcml\u00fc bir bilgeyle kar\u015f\u0131la\u015ft\u0131ktan sonra alt\u00fcst olur. \u00d6n\u00fcnde hayalin derinliklerine do\u011fru uzanan geni\u015f bir yol a\u00e7\u0131lan R\u00e2ci, bu yolda say\u0131s\u0131z maceralara giri\u015fir, nice badireler atlat\u0131r. Aynal\u0131 Baba\u2019n\u0131n rehberli\u011finde \u00e7\u0131kt\u0131\u011f\u0131 bu yolculukta hem kendisine hem de evrene dair hakikatleri anlamaya \u00e7al\u0131\u015f\u0131r. \u0130nsan\u0131n nihayetinde kendisini anlamas\u0131n\u0131 sa\u011flayan bu yol uzun ve \u00e7etrefillidir. R\u00e2ci bu yolda kar\u015f\u0131s\u0131na \u00e7\u0131kan engeller, tuzaklar ve ayartmalarla ba\u015fa \u00e7\u0131kabilecek midir? \u015e\u00fcpheleri giderilecek, vicdan\u0131 tatmin olacak m\u0131d\u0131r? Bir bak\u0131ma nefis terbiyesi s\u00fcrecinin ve hakikat aray\u0131\u015f\u0131n\u0131n masals\u0131 bir anlat\u0131m\u0131n\u0131 sunan A\u2019mak-\u0131 Hayal gerek devrinin sorunlar\u0131na tasavvuf\u00ee \u00f6\u011freti \u0131\u015f\u0131\u011f\u0131nda \u00e7\u00f6z\u00fcmler aramas\u0131 gerekse bu aray\u0131\u015f\u0131n \u00f6yk\u00fcs\u00fcn\u00fc mesnevilerin, efsanelerin, menk\u0131belerin roman format\u0131na ta\u015f\u0131nm\u0131\u015f zengin d\u00fcnyas\u0131 i\u00e7inde aktarmas\u0131 bak\u0131m\u0131ndan T\u00fcrk edebiyat\u0131n\u0131n ilgi \u00e7ekici \u00e7al\u0131\u015fmalar\u0131 aras\u0131ndaki yerini korumay\u0131 s\u00fcrd\u00fcr\u00fcr. B\u00fct\u00fcn bu y\u00f6nleriyle A\u2019mak-\u0131 Hayal T\u00fcrk edebiyat\u0131n\u0131n klasikleri aras\u0131ndaki yer almay\u0131 hak etmektedir.<\/p>\n","protected":false},"excerpt":{"rendered":"<p>\u201c\u00c2lem nedir diye kendi kendime sordum, derinden gelen bir ses kahkahalarla g\u00fcld\u00fc, acaba bu bir cevap m\u0131yd\u0131?\u201d II. Me\u015frutiyet devrinin en ilgin\u00e7 fikir ve sanat adamlar\u0131ndan<span class=\"excerpt-hellip\"> [\u2026]<\/span><\/p>\n","protected":false},"featured_media":0,"template":"","meta":{"_monsterinsights_skip_tracking":false,"_monsterinsights_sitenote_active":false,"_monsterinsights_sitenote_note":"","_monsterinsights_sitenote_category":0},"product_brand":[],"product_cat":[12291,12711],"product_tag":[],"class_list":{"0":"post-764889","1":"product","2":"type-product","3":"status-publish","5":"product_cat-edebiyat","6":"product_cat-roman-oyku","7":"pa_cilt-ciltsiz","8":"pa_tur-kitap","9":"pa_yayinevi-otuken-nesriyat","10":"pa_yazar-sehbenderzade-filibeli-ahmed-hilmi","12":"first","13":"instock","14":"sale","15":"shipping-taxable","16":"purchasable","17":"product-type-simple"},"_links":{"self":[{"href":"https:\/\/roveyayinevi.com.tr\/index.php\/wp-json\/wp\/v2\/product\/764889","targetHints":{"allow":["GET"]}}],"collection":[{"href":"https:\/\/roveyayinevi.com.tr\/index.php\/wp-json\/wp\/v2\/product"}],"about":[{"href":"https:\/\/roveyayinevi.com.tr\/index.php\/wp-json\/wp\/v2\/types\/product"}],"wp:attachment":[{"href":"https:\/\/roveyayinevi.com.tr\/index.php\/wp-json\/wp\/v2\/media?parent=764889"}],"wp:term":[{"taxonomy":"product_brand","embeddable":true,"href":"https:\/\/roveyayinevi.com.tr\/index.php\/wp-json\/wp\/v2\/product_brand?post=764889"},{"taxonomy":"product_cat","embeddable":true,"href":"https:\/\/roveyayinevi.com.tr\/index.php\/wp-json\/wp\/v2\/product_cat?post=764889"},{"taxonomy":"product_tag","embeddable":true,"href":"https:\/\/roveyayinevi.com.tr\/index.php\/wp-json\/wp\/v2\/product_tag?post=764889"}],"curies":[{"name":"wp","href":"https:\/\/api.w.org\/{rel}","templated":true}]}}