{"id":764887,"date":"2025-08-28T11:24:53","date_gmt":"2025-08-28T08:24:53","guid":{"rendered":"https:\/\/roveyayinevi.com.tr\/index.php\/urun\/efsuncu-baba-gunumuz-turkcesiyle-turk-klasikleri\/"},"modified":"2026-04-13T03:26:14","modified_gmt":"2026-04-13T00:26:14","slug":"efsuncu-baba-gunumuz-turkcesiyle-turk-klasikleri","status":"publish","type":"product","link":"https:\/\/roveyayinevi.com.tr\/index.php\/urun\/efsuncu-baba-gunumuz-turkcesiyle-turk-klasikleri\/","title":{"rendered":"Efsuncu Baba &#8211; G\u00fcn\u00fcm\u00fcz T\u00fcrk\u00e7esiyle T\u00fcrk Klasikleri"},"content":{"rendered":"<p>\u201cEn ak\u0131ll\u0131lar\u0131m\u0131z her g\u00fcn aldan\u0131yorlar. En ak\u0131ls\u0131zlar\u0131m\u0131z her g\u00fcn aldat\u0131yorlar. Hepimiz daima aldan\u0131yoruz fakat f\u0131rsat d\u00fc\u015ft\u00fck\u00e7e aldat\u0131yoruz. Bu \u015fekilde ge\u00e7im dengesini biraz d\u00fczeltebiliyoruz. Aldan\u0131p da aldatmayanlar&#8230; \u0130\u015fte a\u00e7 kalan kimseler, bu zavall\u0131lard\u0131r. Hakikatin b\u00fcy\u00fckl\u00fc\u011f\u00fcn\u00fc tan\u0131y\u0131p da onunla dost olamayanlar&#8230; O k\u0131l\u0131\u011fa b\u00fcr\u00fcnm\u00fc\u015f yalanlarla oyalan\u0131rlar. Bu komedya sahnesinin en arka perdesini kald\u0131r\u0131p as\u0131rlardan, as\u0131rlardan beri insanlardan saklanan guguklar\u0131 apa\u00e7\u0131k insanl\u0131\u011fa g\u00f6stermek her memlekette kanunen yasakt\u0131r. Ahlak, gelenek ve ananelerimiz hayallere o kadar geni\u015f bir saha ay\u0131rm\u0131\u015ft\u0131r ki hakikat, ona en ziyade muhta\u00e7 olanlar\u0131n nazarlar\u0131nda bile daima a\u015fa\u011f\u0131lanm\u0131\u015f ve \u00e7ekici olmayan bir \u015fey olarak kal\u0131r.\u201d H\u00fcseyin Rahmi G\u00fcrp\u0131nar\u2019\u0131n ilk defa 1921 y\u0131l\u0131nda yay\u0131mlad\u0131\u011f\u0131 Efsuncu Baba, edebiyat tarihimizin en \u00f6nemli romanlar\u0131ndan biridir. Romanda, simyayla, b\u00fcy\u00fcyle, t\u0131ls\u0131mla u\u011fra\u015fan Efsuncu Baba tipi \u00f6rne\u011finde bat\u0131l inan\u00e7lar\u0131n sosyal hayat\u0131m\u0131z\u0131 nas\u0131l derinden etkiledi\u011finin \u00e7arp\u0131c\u0131 bir \u00f6rne\u011fi sunulur. Romanda Ebulfazl Enveri (Efsuncu Baba), \u201csofu\u201d g\u00f6r\u00fcn\u00fcml\u00fc \u201cahmak\u201d kimseleri temsil edecek \u015fekilde i\u015flenir. H\u00fcseyin Rahmi, keskin bir mizahla kaleme ald\u0131\u011f\u0131 roman\u0131nda bizleri bir yandan \u0130stanbul\u2019un arka sokaklar\u0131nda gezdirip zevkli bir yolculu\u011fa \u00e7\u0131kar\u0131rken di\u011fer taraftan roman boyunca merak duygusunu zirvede tutmay\u0131 ba\u015far\u0131r. Efsuncu Baba, argo y\u00fckl\u00fc bir dil ve ironiyle harmanlanm\u0131\u015f, edeb\u00ee bir \u00fcslupla kaleme al\u0131nm\u0131\u015f, H\u00fcseyin Rahmi\u2019nin roman anlay\u0131\u015f\u0131n\u0131 yans\u0131tan ger\u00e7ek bir klasiktir.<\/p>\n","protected":false},"excerpt":{"rendered":"<p>\u201cEn ak\u0131ll\u0131lar\u0131m\u0131z her g\u00fcn aldan\u0131yorlar. En ak\u0131ls\u0131zlar\u0131m\u0131z her g\u00fcn aldat\u0131yorlar. Hepimiz daima aldan\u0131yoruz fakat f\u0131rsat d\u00fc\u015ft\u00fck\u00e7e aldat\u0131yoruz. Bu \u015fekilde ge\u00e7im dengesini biraz d\u00fczeltebiliyoruz. Aldan\u0131p da aldatmayanlar&#8230;<span class=\"excerpt-hellip\"> [\u2026]<\/span><\/p>\n","protected":false},"featured_media":0,"template":"","meta":{"_monsterinsights_skip_tracking":false,"_monsterinsights_sitenote_active":false,"_monsterinsights_sitenote_note":"","_monsterinsights_sitenote_category":0},"product_brand":[],"product_cat":[12291,12711],"product_tag":[],"class_list":{"0":"post-764887","1":"product","2":"type-product","3":"status-publish","5":"product_cat-edebiyat","6":"product_cat-roman-oyku","7":"pa_cilt-ciltsiz","8":"pa_tur-kitap","9":"pa_yayinevi-otuken-nesriyat","10":"pa_yazar-huseyin-rahmi-gurpinar","12":"first","13":"instock","14":"sale","15":"shipping-taxable","16":"purchasable","17":"product-type-simple"},"_links":{"self":[{"href":"https:\/\/roveyayinevi.com.tr\/index.php\/wp-json\/wp\/v2\/product\/764887","targetHints":{"allow":["GET"]}}],"collection":[{"href":"https:\/\/roveyayinevi.com.tr\/index.php\/wp-json\/wp\/v2\/product"}],"about":[{"href":"https:\/\/roveyayinevi.com.tr\/index.php\/wp-json\/wp\/v2\/types\/product"}],"wp:attachment":[{"href":"https:\/\/roveyayinevi.com.tr\/index.php\/wp-json\/wp\/v2\/media?parent=764887"}],"wp:term":[{"taxonomy":"product_brand","embeddable":true,"href":"https:\/\/roveyayinevi.com.tr\/index.php\/wp-json\/wp\/v2\/product_brand?post=764887"},{"taxonomy":"product_cat","embeddable":true,"href":"https:\/\/roveyayinevi.com.tr\/index.php\/wp-json\/wp\/v2\/product_cat?post=764887"},{"taxonomy":"product_tag","embeddable":true,"href":"https:\/\/roveyayinevi.com.tr\/index.php\/wp-json\/wp\/v2\/product_tag?post=764887"}],"curies":[{"name":"wp","href":"https:\/\/api.w.org\/{rel}","templated":true}]}}