{"id":764884,"date":"2025-08-28T11:24:47","date_gmt":"2025-08-28T08:24:47","guid":{"rendered":"https:\/\/roveyayinevi.com.tr\/index.php\/urun\/alevini-kaybeden-ejderha\/"},"modified":"2026-04-15T03:30:48","modified_gmt":"2026-04-15T00:30:48","slug":"alevini-kaybeden-ejderha","status":"publish","type":"product","link":"https:\/\/roveyayinevi.com.tr\/index.php\/urun\/alevini-kaybeden-ejderha\/","title":{"rendered":"Alevini Kaybeden Ejderha"},"content":{"rendered":"<p>Ate\u015f Kusan Ejderha ate\u015fini kaybetti. Belki de SORUN yedikleri.   Neyse ki \u015e\u00f6valye\u2019nin akl\u0131na bir tarif geldi! Ama Ejderha GER\u00c7EKTEN hap\u015f\u0131r\u0131kla f\u0131rlam\u0131\u015f bir s\u00fcm\u00fck kadar ye\u015fil k\u00fcfl\u00fc peyniri yiyecek mi\u2026?   B\u00f6ylesine m\u00fckemmel bir planda ne ters gidebilir ki?   \u00dcnl\u00fc yazar ve \u00e7izer Beach\u2019ten d\u00fcnyay\u0131 yak\u0131p kavuran \u2013ve kahkahalara bo\u011fan\u2013 bir hik\u00e2ye. Onuncu okuyu\u015funuzda bile kahkahan\u0131za engel olamayacaks\u0131n\u0131z. <\/p>\n","protected":false},"excerpt":{"rendered":"<p>Ate\u015f Kusan Ejderha ate\u015fini kaybetti. Belki de SORUN yedikleri. Neyse ki \u015e\u00f6valye\u2019nin akl\u0131na bir tarif geldi! Ama Ejderha GER\u00c7EKTEN hap\u015f\u0131r\u0131kla f\u0131rlam\u0131\u015f bir s\u00fcm\u00fck kadar ye\u015fil k\u00fcfl\u00fc<span class=\"excerpt-hellip\"> [\u2026]<\/span><\/p>\n","protected":false},"featured_media":0,"template":"","meta":{"_monsterinsights_skip_tracking":false,"_monsterinsights_sitenote_active":false,"_monsterinsights_sitenote_note":"","_monsterinsights_sitenote_category":0},"product_brand":[],"product_cat":[12274,12284],"product_tag":[],"class_list":{"0":"post-764884","1":"product","2":"type-product","3":"status-publish","5":"product_cat-cocuk-ve-genclik-kitaplari","6":"product_cat-hikayeler","7":"pa_cilt-ciltsiz","8":"pa_tur-kitap","9":"pa_yayinevi-domingo-yayinevi","10":"pa_yazar-beach","12":"first","13":"instock","14":"sale","15":"shipping-taxable","16":"purchasable","17":"product-type-simple"},"_links":{"self":[{"href":"https:\/\/roveyayinevi.com.tr\/index.php\/wp-json\/wp\/v2\/product\/764884","targetHints":{"allow":["GET"]}}],"collection":[{"href":"https:\/\/roveyayinevi.com.tr\/index.php\/wp-json\/wp\/v2\/product"}],"about":[{"href":"https:\/\/roveyayinevi.com.tr\/index.php\/wp-json\/wp\/v2\/types\/product"}],"wp:attachment":[{"href":"https:\/\/roveyayinevi.com.tr\/index.php\/wp-json\/wp\/v2\/media?parent=764884"}],"wp:term":[{"taxonomy":"product_brand","embeddable":true,"href":"https:\/\/roveyayinevi.com.tr\/index.php\/wp-json\/wp\/v2\/product_brand?post=764884"},{"taxonomy":"product_cat","embeddable":true,"href":"https:\/\/roveyayinevi.com.tr\/index.php\/wp-json\/wp\/v2\/product_cat?post=764884"},{"taxonomy":"product_tag","embeddable":true,"href":"https:\/\/roveyayinevi.com.tr\/index.php\/wp-json\/wp\/v2\/product_tag?post=764884"}],"curies":[{"name":"wp","href":"https:\/\/api.w.org\/{rel}","templated":true}]}}