{"id":764883,"date":"2025-08-28T11:24:46","date_gmt":"2025-08-28T08:24:46","guid":{"rendered":"https:\/\/roveyayinevi.com.tr\/index.php\/urun\/cinsiyetiyle-barisik-cocuklar-yetistirmek\/"},"modified":"2026-01-28T03:53:36","modified_gmt":"2026-01-28T00:53:36","slug":"cinsiyetiyle-barisik-cocuklar-yetistirmek","status":"publish","type":"product","link":"https:\/\/roveyayinevi.com.tr\/index.php\/urun\/cinsiyetiyle-barisik-cocuklar-yetistirmek\/","title":{"rendered":"Cinsiyetiyle Bar\u0131\u015f\u0131k \u00c7ocuklar Yeti\u015ftirmek"},"content":{"rendered":"<p>G\u00fcn\u00fcm\u00fczde y\u00fcr\u00fct\u00fclen \u201ccinsiyetsizle\u015ftirme\u201d politikalar\u0131n\u0131n \u00e7ok tehlikeli bir proje oldu\u011funu kabul etmemiz gerekiyor. Bu projenin temel bir amac\u0131 var: Aile yap\u0131s\u0131n\u0131 bozmak!  Neden aile yap\u0131s\u0131 hedefleniyor? \u00c7\u00fcnk\u00fc aile olmazsa nesil olmaz. Nesil olmazsa insanl\u0131k ortadan kalkar. K\u00fcresel g\u00fc\u00e7lerin insanl\u0131\u011f\u0131n yok olu\u015fu i\u00e7in son kart\u0131, son kozu, son b\u00fcy\u00fck projesi \u015fu an b\u00fct\u00fcn ailelerin kuca\u011f\u0131nda; patlamay\u0131 bekleyen bir bomba gibi konu\u015flanm\u0131\u015f durumda. Bomba patlarsa ne olur? Alt\u0131nda t\u00fcm insanl\u0131k kal\u0131r! Prof. Dr. Nevzat Tarhan, \u00c7ocuklar\u0131m\u0131z\u0131n \u00fczerine p\u00fcsk\u00fcrt\u00fclmeye \u00e7al\u0131\u015f\u0131lan cinsiyetsizle\u015ftirme ak\u0131m\u0131n\u0131n kar\u015f\u0131s\u0131nda dimdik duruyor! \u201c\u00c7ocu\u011fuma cinsiyetini nas\u0131l sevdiririm?\u201d, \u201cCinsiyet geli\u015fimi d\u00f6nemini nas\u0131l desteklerim?\u201d, \u201cCinsiyetiyle uyumsuz davran\u0131\u015flar\u0131 varsa ne yapmal\u0131y\u0131m?\u201d gibi onlarca ebeveyn sorusuna a\u00e7\u0131k y\u00fcreklilikle cevaplar sunuyor. K\u0131zlar \u201ck\u0131z\u201d gibi, erkekler \u201cerkek\u201d gibi yeti\u015fsin diye\u2026 <\/p>\n","protected":false},"excerpt":{"rendered":"<p>G\u00fcn\u00fcm\u00fczde y\u00fcr\u00fct\u00fclen \u201ccinsiyetsizle\u015ftirme\u201d politikalar\u0131n\u0131n \u00e7ok tehlikeli bir proje oldu\u011funu kabul etmemiz gerekiyor. Bu projenin temel bir amac\u0131 var: Aile yap\u0131s\u0131n\u0131 bozmak! Neden aile yap\u0131s\u0131 hedefleniyor? \u00c7\u00fcnk\u00fc<span class=\"excerpt-hellip\"> [\u2026]<\/span><\/p>\n","protected":false},"featured_media":0,"template":"","meta":{"_monsterinsights_skip_tracking":false,"_monsterinsights_sitenote_active":false,"_monsterinsights_sitenote_note":"","_monsterinsights_sitenote_category":0},"product_brand":[],"product_cat":[12357],"product_tag":[],"class_list":{"0":"post-764883","1":"product","2":"type-product","3":"status-publish","5":"product_cat-psikoloji","6":"pa_cilt-ciltsiz","7":"pa_tur-kitap","8":"pa_yayinevi-aile-yayinlari","9":"pa_yazar-nevzat-tarhan","11":"first","12":"instock","13":"sale","14":"shipping-taxable","15":"purchasable","16":"product-type-simple"},"_links":{"self":[{"href":"https:\/\/roveyayinevi.com.tr\/index.php\/wp-json\/wp\/v2\/product\/764883","targetHints":{"allow":["GET"]}}],"collection":[{"href":"https:\/\/roveyayinevi.com.tr\/index.php\/wp-json\/wp\/v2\/product"}],"about":[{"href":"https:\/\/roveyayinevi.com.tr\/index.php\/wp-json\/wp\/v2\/types\/product"}],"wp:attachment":[{"href":"https:\/\/roveyayinevi.com.tr\/index.php\/wp-json\/wp\/v2\/media?parent=764883"}],"wp:term":[{"taxonomy":"product_brand","embeddable":true,"href":"https:\/\/roveyayinevi.com.tr\/index.php\/wp-json\/wp\/v2\/product_brand?post=764883"},{"taxonomy":"product_cat","embeddable":true,"href":"https:\/\/roveyayinevi.com.tr\/index.php\/wp-json\/wp\/v2\/product_cat?post=764883"},{"taxonomy":"product_tag","embeddable":true,"href":"https:\/\/roveyayinevi.com.tr\/index.php\/wp-json\/wp\/v2\/product_tag?post=764883"}],"curies":[{"name":"wp","href":"https:\/\/api.w.org\/{rel}","templated":true}]}}