{"id":764881,"date":"2025-08-28T11:24:44","date_gmt":"2025-08-28T08:24:44","guid":{"rendered":"https:\/\/roveyayinevi.com.tr\/index.php\/urun\/bir-genc-kizin-buyume-rehberi\/"},"modified":"2026-04-06T03:31:35","modified_gmt":"2026-04-06T00:31:35","slug":"bir-genc-kizin-buyume-rehberi","status":"publish","type":"product","link":"https:\/\/roveyayinevi.com.tr\/index.php\/urun\/bir-genc-kizin-buyume-rehberi\/","title":{"rendered":"Bir Gen\u00e7 K\u0131z\u0131n B\u00fcy\u00fcme Rehberi"},"content":{"rendered":"<p>Zurnan\u0131n \u201cz\u0131rt\u201d, yeti\u015fkinlerin \u201cergen\u201d, t\u0131p kitaplar\u0131n\u0131n \u201cb\u00fclu\u011f\u201d, arkada\u015flar\u0131n\u0131n sana \u201cgen\u00e7\u201d dedi\u011fi d\u00f6nem art\u0131k geldi: Gen\u00e7 k\u0131z oldun! Peki, \u015fimdi ne olacak? Bedenin nas\u0131l b\u00fcy\u00fcyecek? Duygular\u0131n nas\u0131l de\u011fi\u015fecek? Ya k\u0131yafetlerin? \u00c7ocuk giysilerinin yerine neler gelecek? Uzman Psikolog Hatice K\u00fcbra Tongar, gen\u00e7 k\u0131zlar\u0131n beyninden bedenine, cildinden menstural d\u00f6nemine, duygular\u0131ndan hormonal de\u011fi\u015fimlerine de\u011fin b\u00fclu\u011f \u00e7a\u011f\u0131n\u0131n getirdi\u011fi her bir s\u00fcreci tane tane anlat\u0131yor\u2026 Gen\u00e7 k\u0131zlar\u0131n t\u0131rt\u0131l olarak ba\u015flad\u0131\u011f\u0131 bu sanc\u0131l\u0131 yolculu\u011funun sonu, kanatlar\u0131 reng\u00e2renk, muhte\u015fem bir kelebe\u011fe \u00e7\u0131k\u0131yor! <\/p>\n","protected":false},"excerpt":{"rendered":"<p>Zurnan\u0131n \u201cz\u0131rt\u201d, yeti\u015fkinlerin \u201cergen\u201d, t\u0131p kitaplar\u0131n\u0131n \u201cb\u00fclu\u011f\u201d, arkada\u015flar\u0131n\u0131n sana \u201cgen\u00e7\u201d dedi\u011fi d\u00f6nem art\u0131k geldi: Gen\u00e7 k\u0131z oldun! Peki, \u015fimdi ne olacak? Bedenin nas\u0131l b\u00fcy\u00fcyecek? Duygular\u0131n nas\u0131l<span class=\"excerpt-hellip\"> [\u2026]<\/span><\/p>\n","protected":false},"featured_media":0,"template":"","meta":{"_monsterinsights_skip_tracking":false,"_monsterinsights_sitenote_active":false,"_monsterinsights_sitenote_note":"","_monsterinsights_sitenote_category":0},"product_brand":[],"product_cat":[12357],"product_tag":[],"class_list":{"0":"post-764881","1":"product","2":"type-product","3":"status-publish","5":"product_cat-psikoloji","6":"pa_cilt-ciltsiz","7":"pa_tur-kitap","8":"pa_yayinevi-aile-yayinlari","9":"pa_yazar-hatice-kubra-tongar","11":"first","12":"instock","13":"sale","14":"shipping-taxable","15":"purchasable","16":"product-type-simple"},"_links":{"self":[{"href":"https:\/\/roveyayinevi.com.tr\/index.php\/wp-json\/wp\/v2\/product\/764881","targetHints":{"allow":["GET"]}}],"collection":[{"href":"https:\/\/roveyayinevi.com.tr\/index.php\/wp-json\/wp\/v2\/product"}],"about":[{"href":"https:\/\/roveyayinevi.com.tr\/index.php\/wp-json\/wp\/v2\/types\/product"}],"wp:attachment":[{"href":"https:\/\/roveyayinevi.com.tr\/index.php\/wp-json\/wp\/v2\/media?parent=764881"}],"wp:term":[{"taxonomy":"product_brand","embeddable":true,"href":"https:\/\/roveyayinevi.com.tr\/index.php\/wp-json\/wp\/v2\/product_brand?post=764881"},{"taxonomy":"product_cat","embeddable":true,"href":"https:\/\/roveyayinevi.com.tr\/index.php\/wp-json\/wp\/v2\/product_cat?post=764881"},{"taxonomy":"product_tag","embeddable":true,"href":"https:\/\/roveyayinevi.com.tr\/index.php\/wp-json\/wp\/v2\/product_tag?post=764881"}],"curies":[{"name":"wp","href":"https:\/\/api.w.org\/{rel}","templated":true}]}}