{"id":764880,"date":"2025-08-28T11:24:42","date_gmt":"2025-08-28T08:24:42","guid":{"rendered":"https:\/\/roveyayinevi.com.tr\/index.php\/urun\/bulbullerin-sarki-soyledigi-yer\/"},"modified":"2026-04-08T03:27:04","modified_gmt":"2026-04-08T00:27:04","slug":"bulbullerin-sarki-soyledigi-yer","status":"publish","type":"product","link":"https:\/\/roveyayinevi.com.tr\/index.php\/urun\/bulbullerin-sarki-soyledigi-yer\/","title":{"rendered":"B\u00fclb\u00fcllerin \u015eark\u0131 S\u00f6yledi\u011fi Yer"},"content":{"rendered":"<p>&#8220;G\u00fcne\u015f, y\u00fcr\u00fc y\u00fcr\u00fcyebildi\u011fin kadar, diyor!&#8221; Yaz\u0131p resimledi\u011fi \u00f6zg\u00fcn \u00e7ocuk romanlar\u0131yla \u00e7ok sevilen Behi\u00e7 Ak, felsefi bir konuya yine mizahla yakla\u015f\u0131yor, kendimizle ve \u00e7evremizle kurdu\u011fumuz ili\u015fkilere e\u011filiyor. As\u0327\u0131r\u0131 h\u0131zl\u0131 s\u0327ehir hayat\u0131nda unutulan k\u0131rsal yas\u0327am\u0131n dinginlig\u0306inin deg\u0306erini; dog\u0306an\u0131n ahenginin, insan\u0131n kendini bulmas\u0131ndaki etkilerini duyumsat\u0131yor. \u015eehir ve k\u00f6y ya\u015fam\u0131 aras\u0131ndaki farklara ve etkile\u015fimlere dikkat \u00e7eken roman, \u00e7okrenkli karakterleriyle do\u011fa, sanat ve yetenek u\u0308zerine du\u0308\u015fu\u0308ndu\u0308ru\u0308yor. Kerem, babas\u0131ndan farkl\u0131 oldu\u011funu kan\u0131tlamak istiyordu. \u00c7\u0131kt\u0131\u011f\u0131 yu\u0308ru\u0308yu\u0308\u015fte \u00f6nce i\u00e7sesiyle tan\u0131\u015ft\u0131, sonra kendini bu\u0308lbu\u0308l seslerinin yank\u0131land\u0131\u011f\u0131 yemye\u015fil bir yaylada buldu. Yollarda, kavun heykeli yapan dev adam, ablas\u0131n\u0131n \u00e7okrenkli arkada\u015f\u0131 Dilan, \u00e7oban k\u00f6pe\u011fi Dost, ablas\u0131ndan \u00e7ello \u00e7almay\u0131 \u00f6\u011frenen E\u015fber ve moda tasar\u0131mc\u0131s\u0131 Feyza Han\u0131m&#8217;la tan\u0131\u015ft\u0131. Peki ya defile yapan korkuluklar, futbol topu dolu tarla ger\u00e7ek miydi? Kerem kendisiyle nas\u0131l bar\u0131\u015facak, ger\u00e7ek Kerem&#8217;i nas\u0131l bulacakt\u0131?..<\/p>\n","protected":false},"excerpt":{"rendered":"<p>&#8220;G\u00fcne\u015f, y\u00fcr\u00fc y\u00fcr\u00fcyebildi\u011fin kadar, diyor!&#8221; Yaz\u0131p resimledi\u011fi \u00f6zg\u00fcn \u00e7ocuk romanlar\u0131yla \u00e7ok sevilen Behi\u00e7 Ak, felsefi bir konuya yine mizahla yakla\u015f\u0131yor, kendimizle ve \u00e7evremizle kurdu\u011fumuz ili\u015fkilere e\u011filiyor.<span class=\"excerpt-hellip\"> [\u2026]<\/span><\/p>\n","protected":false},"featured_media":0,"template":"","meta":{"_monsterinsights_skip_tracking":false,"_monsterinsights_sitenote_active":false,"_monsterinsights_sitenote_note":"","_monsterinsights_sitenote_category":0},"product_brand":[],"product_cat":[12274,12284],"product_tag":[],"class_list":{"0":"post-764880","1":"product","2":"type-product","3":"status-publish","5":"product_cat-cocuk-ve-genclik-kitaplari","6":"product_cat-hikayeler","7":"pa_cilt-ciltsiz","8":"pa_tur-kitap","9":"pa_yayinevi-gunisigi-kitapligi","10":"pa_yazar-behic-ak","12":"first","13":"instock","14":"sale","15":"shipping-taxable","16":"purchasable","17":"product-type-simple"},"_links":{"self":[{"href":"https:\/\/roveyayinevi.com.tr\/index.php\/wp-json\/wp\/v2\/product\/764880","targetHints":{"allow":["GET"]}}],"collection":[{"href":"https:\/\/roveyayinevi.com.tr\/index.php\/wp-json\/wp\/v2\/product"}],"about":[{"href":"https:\/\/roveyayinevi.com.tr\/index.php\/wp-json\/wp\/v2\/types\/product"}],"wp:attachment":[{"href":"https:\/\/roveyayinevi.com.tr\/index.php\/wp-json\/wp\/v2\/media?parent=764880"}],"wp:term":[{"taxonomy":"product_brand","embeddable":true,"href":"https:\/\/roveyayinevi.com.tr\/index.php\/wp-json\/wp\/v2\/product_brand?post=764880"},{"taxonomy":"product_cat","embeddable":true,"href":"https:\/\/roveyayinevi.com.tr\/index.php\/wp-json\/wp\/v2\/product_cat?post=764880"},{"taxonomy":"product_tag","embeddable":true,"href":"https:\/\/roveyayinevi.com.tr\/index.php\/wp-json\/wp\/v2\/product_tag?post=764880"}],"curies":[{"name":"wp","href":"https:\/\/api.w.org\/{rel}","templated":true}]}}