{"id":764878,"date":"2025-08-28T11:24:38","date_gmt":"2025-08-28T08:24:38","guid":{"rendered":"https:\/\/roveyayinevi.com.tr\/index.php\/urun\/ciktigim-zivana\/"},"modified":"2026-04-15T03:30:48","modified_gmt":"2026-04-15T00:30:48","slug":"ciktigim-zivana","status":"publish","type":"product","link":"https:\/\/roveyayinevi.com.tr\/index.php\/urun\/ciktigim-zivana\/","title":{"rendered":"\u00c7\u0131kt\u0131\u011f\u0131m Z\u0131vana"},"content":{"rendered":"<p>\u201cSevmedi\u011fi ne varsa yok etmeye \u00e7al\u0131\u015f\u0131rken, o yok etmeye \u00e7al\u0131\u015ft\u0131\u011f\u0131 \u015feye benziyordu.\u201d Bir aradal\u0131k, ara yerdelik, yerini, dilini, anlam\u0131n\u0131 bulamam\u0131\u015fl\u0131k ve bundan do\u011fan yabanl\u0131k, yabanc\u0131l\u0131k ve tuhaf yaln\u0131zl\u0131klar: Zeynep Delav, \u00c7\u0131kt\u0131\u011f\u0131m Z\u0131vana\u2019da, d\u00fcnyada olman\u0131n a\u011f\u0131rl\u0131\u011f\u0131n\u0131, bu a\u011f\u0131rl\u0131kla ya\u015faman\u0131n zorlu\u011funu, insan\u0131n kendi olmaktan uzakla\u015fmas\u0131n\u0131, bununla ba\u015f etmenin hem bireysel hem toplumsal zorluklar\u0131n\u0131, sesi her ad\u0131mda daha g\u00fcr \u00e7\u0131kan \u00fcslubuyla dilin imk\u00e2nlar\u0131n\u0131 geni\u015fleterek \u00f6yk\u00fcle\u015ftiriyor; en \u00e7ok da t\u00fcrl\u00fc kad\u0131nl\u0131k halleriyle delirmenin, z\u0131vanadan \u00e7\u0131kman\u0131n e\u015fi\u011findeki k\u0131r\u0131lgan ruhlar\u0131n seslerini duyurarak&#8230;   \u201cNe oldu tamam m\u0131 kuzu kafas\u0131na yapt\u0131\u011f\u0131n b\u00fcy\u00fc?\u201d diye sordu kad\u0131n. G\u00fclseren, elinde bir tepsiyle \u201cYapt\u0131k ki \u00e7a\u011f\u0131rd\u0131k seni,\u201d diyerek kar\u015f\u0131s\u0131na oturdu. \u0130\u00e7inde bir koyun, G\u00fclseren\u2019in deyi\u015fiyle, kuzu kafas\u0131 vard\u0131 ama \u00fcst\u00fcne yaz\u0131lanlardan hayvan\u0131n etinin rengi bile g\u00f6r\u00fcnm\u00fcyordu. Mavi m\u00fcrekkeple yaz\u0131lan Arap harflerini okumak m\u00fcmk\u00fcn de\u011fildi. Sadece iki parlak g\u00f6z, iki kad\u0131na bak\u0131yordu. \u201cBu hayvan\u0131n g\u00f6zlerini niye \u00e7\u0131karmam\u0131\u015flar?\u201d dedi kad\u0131n \u00fcrkerek. \u201cKocan geri d\u00f6ns\u00fcn diye g\u00f6z\u00fcn\u00fc oymayaca\u011f\u0131n varl\u0131k yok. Senin g\u00f6zler ma\u015fallah f\u0131ld\u0131r f\u0131ld\u0131r, ne olur can\u0131 olmayan hayvan\u0131nki \u00fcst\u00fcnde dursa? Yok illa han\u0131m her \u015feyi kendisi g\u00f6recek!\u201d diye kalaylad\u0131 G\u00fclseren.<\/p>\n","protected":false},"excerpt":{"rendered":"<p>\u201cSevmedi\u011fi ne varsa yok etmeye \u00e7al\u0131\u015f\u0131rken, o yok etmeye \u00e7al\u0131\u015ft\u0131\u011f\u0131 \u015feye benziyordu.\u201d Bir aradal\u0131k, ara yerdelik, yerini, dilini, anlam\u0131n\u0131 bulamam\u0131\u015fl\u0131k ve bundan do\u011fan yabanl\u0131k, yabanc\u0131l\u0131k ve<span class=\"excerpt-hellip\"> [\u2026]<\/span><\/p>\n","protected":false},"featured_media":0,"template":"","meta":{"_monsterinsights_skip_tracking":false,"_monsterinsights_sitenote_active":false,"_monsterinsights_sitenote_note":"","_monsterinsights_sitenote_category":0},"product_brand":[],"product_cat":[12291,18202],"product_tag":[],"class_list":{"0":"post-764878","1":"product","2":"type-product","3":"status-publish","5":"product_cat-edebiyat","6":"product_cat-hikaye","7":"pa_cilt-ciltsiz","8":"pa_tur-kitap","9":"pa_yayinevi-everest-yayinlari","10":"pa_yazar-zeynep-delav","12":"first","13":"instock","14":"sale","15":"shipping-taxable","16":"purchasable","17":"product-type-simple"},"_links":{"self":[{"href":"https:\/\/roveyayinevi.com.tr\/index.php\/wp-json\/wp\/v2\/product\/764878","targetHints":{"allow":["GET"]}}],"collection":[{"href":"https:\/\/roveyayinevi.com.tr\/index.php\/wp-json\/wp\/v2\/product"}],"about":[{"href":"https:\/\/roveyayinevi.com.tr\/index.php\/wp-json\/wp\/v2\/types\/product"}],"wp:attachment":[{"href":"https:\/\/roveyayinevi.com.tr\/index.php\/wp-json\/wp\/v2\/media?parent=764878"}],"wp:term":[{"taxonomy":"product_brand","embeddable":true,"href":"https:\/\/roveyayinevi.com.tr\/index.php\/wp-json\/wp\/v2\/product_brand?post=764878"},{"taxonomy":"product_cat","embeddable":true,"href":"https:\/\/roveyayinevi.com.tr\/index.php\/wp-json\/wp\/v2\/product_cat?post=764878"},{"taxonomy":"product_tag","embeddable":true,"href":"https:\/\/roveyayinevi.com.tr\/index.php\/wp-json\/wp\/v2\/product_tag?post=764878"}],"curies":[{"name":"wp","href":"https:\/\/api.w.org\/{rel}","templated":true}]}}