{"id":764877,"date":"2025-08-28T11:24:36","date_gmt":"2025-08-28T08:24:36","guid":{"rendered":"https:\/\/roveyayinevi.com.tr\/index.php\/urun\/farkli-dunyalarin-insanlariyiz\/"},"modified":"2026-04-15T03:30:48","modified_gmt":"2026-04-15T00:30:48","slug":"farkli-dunyalarin-insanlariyiz","status":"publish","type":"product","link":"https:\/\/roveyayinevi.com.tr\/index.php\/urun\/farkli-dunyalarin-insanlariyiz\/","title":{"rendered":"Farkl\u0131 D\u00fcnyalar\u0131n \u0130nsanlar\u0131y\u0131z"},"content":{"rendered":"<p>Evet, a\u015fk g\u00fczel \u015feydir ama e\u011fer yanl\u0131\u015f a\u015fka denk geldiysek o yanl\u0131\u015f a\u015fktan hem sevmeyi hem de ac\u0131 \u00e7ekmeyi \u00f6\u011freniriz. Evet, Efe istedi\u011fin oldu art\u0131k seninle &#8220;Farkl\u0131 D\u00fcnyalar\u0131n \u0130nsanlar\u0131y\u0131z&#8221; ve b\u00f6yle olmam\u0131z\u0131n tek sebebi sensin kendinle gurur duy! <\/p>\n","protected":false},"excerpt":{"rendered":"<p>Evet, a\u015fk g\u00fczel \u015feydir ama e\u011fer yanl\u0131\u015f a\u015fka denk geldiysek o yanl\u0131\u015f a\u015fktan hem sevmeyi hem de ac\u0131 \u00e7ekmeyi \u00f6\u011freniriz. Evet, Efe istedi\u011fin oldu art\u0131k seninle<span class=\"excerpt-hellip\"> [\u2026]<\/span><\/p>\n","protected":false},"featured_media":0,"template":"","meta":{"_monsterinsights_skip_tracking":false,"_monsterinsights_sitenote_active":false,"_monsterinsights_sitenote_note":"","_monsterinsights_sitenote_category":0},"product_brand":[],"product_cat":[12291,12711],"product_tag":[],"class_list":{"0":"post-764877","1":"product","2":"type-product","3":"status-publish","5":"product_cat-edebiyat","6":"product_cat-roman-oyku","7":"pa_cilt-ciltsiz","8":"pa_tur-kitap","9":"pa_yayinevi-kitap-muptelasi-yayinlari","10":"pa_yazar-sevda-karavus","12":"first","13":"instock","14":"sale","15":"shipping-taxable","16":"purchasable","17":"product-type-simple"},"_links":{"self":[{"href":"https:\/\/roveyayinevi.com.tr\/index.php\/wp-json\/wp\/v2\/product\/764877","targetHints":{"allow":["GET"]}}],"collection":[{"href":"https:\/\/roveyayinevi.com.tr\/index.php\/wp-json\/wp\/v2\/product"}],"about":[{"href":"https:\/\/roveyayinevi.com.tr\/index.php\/wp-json\/wp\/v2\/types\/product"}],"wp:attachment":[{"href":"https:\/\/roveyayinevi.com.tr\/index.php\/wp-json\/wp\/v2\/media?parent=764877"}],"wp:term":[{"taxonomy":"product_brand","embeddable":true,"href":"https:\/\/roveyayinevi.com.tr\/index.php\/wp-json\/wp\/v2\/product_brand?post=764877"},{"taxonomy":"product_cat","embeddable":true,"href":"https:\/\/roveyayinevi.com.tr\/index.php\/wp-json\/wp\/v2\/product_cat?post=764877"},{"taxonomy":"product_tag","embeddable":true,"href":"https:\/\/roveyayinevi.com.tr\/index.php\/wp-json\/wp\/v2\/product_tag?post=764877"}],"curies":[{"name":"wp","href":"https:\/\/api.w.org\/{rel}","templated":true}]}}