{"id":764874,"date":"2025-08-28T11:24:29","date_gmt":"2025-08-28T08:24:29","guid":{"rendered":"https:\/\/roveyayinevi.com.tr\/index.php\/urun\/butimar-kusu-kanatlarinda\/"},"modified":"2026-04-15T03:30:48","modified_gmt":"2026-04-15T00:30:48","slug":"butimar-kusu-kanatlarinda","status":"publish","type":"product","link":"https:\/\/roveyayinevi.com.tr\/index.php\/urun\/butimar-kusu-kanatlarinda\/","title":{"rendered":"Butimar Ku\u015fu Kanatlar\u0131nda"},"content":{"rendered":"<p>Butimar Ku\u015fu Beklersin d\u00fc\u015flerinin k\u0131y\u0131s\u0131nda Uzaklardan \u00c7ok uzaklardan Gelir konar akl\u0131na Sevdas\u0131na mahkum Butimar ku\u015fu. Al\u0131r g\u00f6t\u00fcr\u00fcr seni kanatlar\u0131nda Seni sevdan\u0131n yurduna g\u00f6t\u00fcr\u00fcr Ve sen dolan\u0131rs\u0131n Dolan\u0131rs\u0131n sevdan\u0131n yurdunu Butimar Ku\u015fu kanatlar\u0131nda. <\/p>\n","protected":false},"excerpt":{"rendered":"<p>Butimar Ku\u015fu Beklersin d\u00fc\u015flerinin k\u0131y\u0131s\u0131nda Uzaklardan \u00c7ok uzaklardan Gelir konar akl\u0131na Sevdas\u0131na mahkum Butimar ku\u015fu. Al\u0131r g\u00f6t\u00fcr\u00fcr seni kanatlar\u0131nda Seni sevdan\u0131n yurduna g\u00f6t\u00fcr\u00fcr Ve sen dolan\u0131rs\u0131n<span class=\"excerpt-hellip\"> [\u2026]<\/span><\/p>\n","protected":false},"featured_media":0,"template":"","meta":{"_monsterinsights_skip_tracking":false,"_monsterinsights_sitenote_active":false,"_monsterinsights_sitenote_note":"","_monsterinsights_sitenote_category":0},"product_brand":[],"product_cat":[12291,12509],"product_tag":[],"class_list":{"0":"post-764874","1":"product","2":"type-product","3":"status-publish","5":"product_cat-edebiyat","6":"product_cat-siir","7":"pa_cilt-ciltsiz","8":"pa_tur-kitap","9":"pa_yayinevi-kmd-yayinlari","10":"pa_yazar-avni-yegin","12":"first","13":"instock","14":"sale","15":"shipping-taxable","16":"purchasable","17":"product-type-simple"},"_links":{"self":[{"href":"https:\/\/roveyayinevi.com.tr\/index.php\/wp-json\/wp\/v2\/product\/764874","targetHints":{"allow":["GET"]}}],"collection":[{"href":"https:\/\/roveyayinevi.com.tr\/index.php\/wp-json\/wp\/v2\/product"}],"about":[{"href":"https:\/\/roveyayinevi.com.tr\/index.php\/wp-json\/wp\/v2\/types\/product"}],"wp:attachment":[{"href":"https:\/\/roveyayinevi.com.tr\/index.php\/wp-json\/wp\/v2\/media?parent=764874"}],"wp:term":[{"taxonomy":"product_brand","embeddable":true,"href":"https:\/\/roveyayinevi.com.tr\/index.php\/wp-json\/wp\/v2\/product_brand?post=764874"},{"taxonomy":"product_cat","embeddable":true,"href":"https:\/\/roveyayinevi.com.tr\/index.php\/wp-json\/wp\/v2\/product_cat?post=764874"},{"taxonomy":"product_tag","embeddable":true,"href":"https:\/\/roveyayinevi.com.tr\/index.php\/wp-json\/wp\/v2\/product_tag?post=764874"}],"curies":[{"name":"wp","href":"https:\/\/api.w.org\/{rel}","templated":true}]}}