{"id":764863,"date":"2025-08-28T11:24:11","date_gmt":"2025-08-28T08:24:11","guid":{"rendered":"https:\/\/roveyayinevi.com.tr\/index.php\/urun\/genel-psikoloji-modern-zamanlarda-psikoloji\/"},"modified":"2026-01-30T03:59:43","modified_gmt":"2026-01-30T00:59:43","slug":"genel-psikoloji-modern-zamanlarda-psikoloji","status":"publish","type":"product","link":"https:\/\/roveyayinevi.com.tr\/index.php\/urun\/genel-psikoloji-modern-zamanlarda-psikoloji\/","title":{"rendered":"Genel Psikoloji \u2013 Modern Zamanlarda Psikoloji"},"content":{"rendered":"<p>Psikoloji, insan davran\u0131\u015flar\u0131n\u0131 ve zihinsel s\u00fcre\u00e7leri bilimsel y\u00f6ntemlerle inceleyen, bu incelemeleri sistemli bir \u015fekilde betimleyen ve a\u00e7\u0131klayan bir bilim dal\u0131d\u0131r. Disiplin, bireylerin d\u00fc\u015f\u00fcnce, duygu ve davran\u0131\u015flar\u0131n\u0131n yan\u0131 s\u0131ra bu s\u00fcre\u00e7lerin nas\u0131l geli\u015fti\u011fini, de\u011fi\u015fti\u011fini ve etkilendi\u011fini anlamaya y\u00f6nelik ara\u015ft\u0131rmalar yapar. Psikoloji, insan\u0131n bili\u015fsel, duygusal ve sosyal i\u015flevlerini anlamak ve iyile\u015ftirmek i\u00e7in kapsaml\u0131 bir \u00e7er\u00e7eve sunar. <\/p>\n","protected":false},"excerpt":{"rendered":"<p>Psikoloji, insan davran\u0131\u015flar\u0131n\u0131 ve zihinsel s\u00fcre\u00e7leri bilimsel y\u00f6ntemlerle inceleyen, bu incelemeleri sistemli bir \u015fekilde betimleyen ve a\u00e7\u0131klayan bir bilim dal\u0131d\u0131r. Disiplin, bireylerin d\u00fc\u015f\u00fcnce, duygu ve davran\u0131\u015flar\u0131n\u0131n<span class=\"excerpt-hellip\"> [\u2026]<\/span><\/p>\n","protected":false},"featured_media":0,"template":"","meta":{"_monsterinsights_skip_tracking":false,"_monsterinsights_sitenote_active":false,"_monsterinsights_sitenote_note":"","_monsterinsights_sitenote_category":0},"product_brand":[],"product_cat":[12357],"product_tag":[],"class_list":{"0":"post-764863","1":"product","2":"type-product","3":"status-publish","5":"product_cat-psikoloji","6":"pa_cilt-ciltsiz","7":"pa_tur-kitap","8":"pa_yayinevi-vova-yayinlari","9":"pa_yazar-yener-ozen","11":"first","12":"instock","13":"sale","14":"shipping-taxable","15":"purchasable","16":"product-type-simple"},"_links":{"self":[{"href":"https:\/\/roveyayinevi.com.tr\/index.php\/wp-json\/wp\/v2\/product\/764863","targetHints":{"allow":["GET"]}}],"collection":[{"href":"https:\/\/roveyayinevi.com.tr\/index.php\/wp-json\/wp\/v2\/product"}],"about":[{"href":"https:\/\/roveyayinevi.com.tr\/index.php\/wp-json\/wp\/v2\/types\/product"}],"wp:attachment":[{"href":"https:\/\/roveyayinevi.com.tr\/index.php\/wp-json\/wp\/v2\/media?parent=764863"}],"wp:term":[{"taxonomy":"product_brand","embeddable":true,"href":"https:\/\/roveyayinevi.com.tr\/index.php\/wp-json\/wp\/v2\/product_brand?post=764863"},{"taxonomy":"product_cat","embeddable":true,"href":"https:\/\/roveyayinevi.com.tr\/index.php\/wp-json\/wp\/v2\/product_cat?post=764863"},{"taxonomy":"product_tag","embeddable":true,"href":"https:\/\/roveyayinevi.com.tr\/index.php\/wp-json\/wp\/v2\/product_tag?post=764863"}],"curies":[{"name":"wp","href":"https:\/\/api.w.org\/{rel}","templated":true}]}}