{"id":764862,"date":"2025-08-28T11:24:10","date_gmt":"2025-08-28T08:24:10","guid":{"rendered":"https:\/\/roveyayinevi.com.tr\/index.php\/urun\/turkce-cecence-ingilizce-konusma-kilavuzu\/"},"modified":"2026-01-30T03:59:43","modified_gmt":"2026-01-30T00:59:43","slug":"turkce-cecence-ingilizce-konusma-kilavuzu","status":"publish","type":"product","link":"https:\/\/roveyayinevi.com.tr\/index.php\/urun\/turkce-cecence-ingilizce-konusma-kilavuzu\/","title":{"rendered":"T\u00fcrk\u00e7e \u00c7e\u00e7ence \u0130ngilizce Konu\u015fma K\u0131lavuzu"},"content":{"rendered":"<p>Diyasporadaki \u00c7e\u00e7enler aras\u0131nda kaybolmaya y\u00fcz tutmu\u015f olan \u00c7e\u00e7en dili ile ilgili T\u00fcrkiye ve d\u00fcnyadaki \u00fc\u00e7 dilde ilk konu\u015fma k\u0131lavuzu. T\u00fcrk\u00e7e &#8211; \u00c7e\u00e7ence ve \u0130ngilizce olarak haz\u0131rlanm\u0131\u015f bu konu\u015fma k\u0131lavuzunun \u00c7e\u00e7en dilini \u00f6\u011frenmek ve ya\u015fatmak isteyenlere yard\u0131mc\u0131 olmas\u0131n\u0131 diliyoruz. <\/p>\n","protected":false},"excerpt":{"rendered":"<p>Diyasporadaki \u00c7e\u00e7enler aras\u0131nda kaybolmaya y\u00fcz tutmu\u015f olan \u00c7e\u00e7en dili ile ilgili T\u00fcrkiye ve d\u00fcnyadaki \u00fc\u00e7 dilde ilk konu\u015fma k\u0131lavuzu. T\u00fcrk\u00e7e &#8211; \u00c7e\u00e7ence ve \u0130ngilizce olarak haz\u0131rlanm\u0131\u015f<span class=\"excerpt-hellip\"> [\u2026]<\/span><\/p>\n","protected":false},"featured_media":0,"template":"","meta":{"_monsterinsights_skip_tracking":false,"_monsterinsights_sitenote_active":false,"_monsterinsights_sitenote_note":"","_monsterinsights_sitenote_category":0},"product_brand":[],"product_cat":[14597,12566],"product_tag":[],"class_list":{"0":"post-764862","1":"product","2":"type-product","3":"status-publish","5":"product_cat-dil-ogrenimi","6":"product_cat-egitim","7":"pa_cilt-ciltsiz","8":"pa_tur-kitap","9":"pa_yayinevi-vova-yayinlari","10":"pa_yazar-ramazan-ozisin","12":"first","13":"instock","14":"sale","15":"shipping-taxable","16":"purchasable","17":"product-type-simple"},"_links":{"self":[{"href":"https:\/\/roveyayinevi.com.tr\/index.php\/wp-json\/wp\/v2\/product\/764862","targetHints":{"allow":["GET"]}}],"collection":[{"href":"https:\/\/roveyayinevi.com.tr\/index.php\/wp-json\/wp\/v2\/product"}],"about":[{"href":"https:\/\/roveyayinevi.com.tr\/index.php\/wp-json\/wp\/v2\/types\/product"}],"wp:attachment":[{"href":"https:\/\/roveyayinevi.com.tr\/index.php\/wp-json\/wp\/v2\/media?parent=764862"}],"wp:term":[{"taxonomy":"product_brand","embeddable":true,"href":"https:\/\/roveyayinevi.com.tr\/index.php\/wp-json\/wp\/v2\/product_brand?post=764862"},{"taxonomy":"product_cat","embeddable":true,"href":"https:\/\/roveyayinevi.com.tr\/index.php\/wp-json\/wp\/v2\/product_cat?post=764862"},{"taxonomy":"product_tag","embeddable":true,"href":"https:\/\/roveyayinevi.com.tr\/index.php\/wp-json\/wp\/v2\/product_tag?post=764862"}],"curies":[{"name":"wp","href":"https:\/\/api.w.org\/{rel}","templated":true}]}}