{"id":764859,"date":"2025-08-28T11:24:05","date_gmt":"2025-08-28T08:24:05","guid":{"rendered":"https:\/\/roveyayinevi.com.tr\/index.php\/urun\/antik-dunyada-su\/"},"modified":"2026-04-15T03:30:47","modified_gmt":"2026-04-15T00:30:47","slug":"antik-dunyada-su","status":"publish","type":"product","link":"https:\/\/roveyayinevi.com.tr\/index.php\/urun\/antik-dunyada-su\/","title":{"rendered":"Antik D\u00fcnyada Su"},"content":{"rendered":"<p>Do\u00e7. Dr. Deniz-O\u011fuz-K\u0131rca taraf\u0131ndan haz\u0131rlanan kitapta, insanlar\u0131n yerle\u015fik d\u00fczene ge\u00e7tikleri andan MS 1500 y\u0131l\u0131na de\u011fin b\u00fct\u00fcn k\u00fclt\u00fcrlerde su ve ve yaplar\u0131 ayr\u0131nt\u0131l\u0131 olarak incelenmi\u015ftir. Renkli ku\u015fe ka\u011f\u0131da bas\u0131l\u0131 olan \u00e7al\u0131\u015fma, bol resimler ve zengin bir kaynak\u00e7a ile desteklenmi\u015ftir. \u201cKimi yazarlar, su i\u00e7in \u201cata miras\u0131\u201d deyimini kullanmaktad\u0131r. Bu tan\u0131mda bir eksiklik var; suyun, toprak, atmosfer gibi yery\u00fcz\u00fcn\u00fcn bize en b\u00fcy\u00fck miraslar\u0131ndan biri, dolay\u0131s\u0131yla t\u00fcm zamanlar\u0131n miraslar\u0131ndan belki de en \u00f6nemlisi oldu\u011funun alt\u0131n\u0131n \u00e7izilmesi gerekiyor. Mars\u2019ta donmu\u015f \u015fekilde bulunan suyu d\u00f6n\u00fc\u015ft\u00fcrmek i\u00e7in teknoloji geli\u015ftirebilen insanl\u0131k, yery\u00fcz\u00fcnde i\u015fleri, \u201cyuvadaki, ana yurdumuzdaki suyumuz\u201d i\u00e7in daha da kolayla\u015ft\u0131rmal\u0131d\u0131r. Ge\u00e7mi\u015ften daha fazla esinlenerek gelece\u011fin \u201cs\u00fcper projelerini\u201d ve yeni hidrolik k\u00fclt\u00fcrlerini kurabiliriz. Suya borcumuz var\u2026\u201d <\/p>\n","protected":false},"excerpt":{"rendered":"<p>Do\u00e7. Dr. Deniz-O\u011fuz-K\u0131rca taraf\u0131ndan haz\u0131rlanan kitapta, insanlar\u0131n yerle\u015fik d\u00fczene ge\u00e7tikleri andan MS 1500 y\u0131l\u0131na de\u011fin b\u00fct\u00fcn k\u00fclt\u00fcrlerde su ve ve yaplar\u0131 ayr\u0131nt\u0131l\u0131 olarak incelenmi\u015ftir. Renkli ku\u015fe<span class=\"excerpt-hellip\"> [\u2026]<\/span><\/p>\n","protected":false},"featured_media":0,"template":"","meta":{"_monsterinsights_skip_tracking":false,"_monsterinsights_sitenote_active":false,"_monsterinsights_sitenote_note":"","_monsterinsights_sitenote_category":0},"product_brand":[],"product_cat":[52477,52478],"product_tag":[],"class_list":{"0":"post-764859","1":"product","2":"type-product","3":"status-publish","5":"product_cat-arastirma","6":"product_cat-arkeoloji","7":"pa_cilt-ciltsiz","8":"pa_tur-kitap","9":"pa_yayinevi-myrina-yayinlari","10":"pa_yazar-deniz-oguz-kirca","12":"first","13":"instock","14":"sale","15":"shipping-taxable","16":"purchasable","17":"product-type-simple"},"_links":{"self":[{"href":"https:\/\/roveyayinevi.com.tr\/index.php\/wp-json\/wp\/v2\/product\/764859","targetHints":{"allow":["GET"]}}],"collection":[{"href":"https:\/\/roveyayinevi.com.tr\/index.php\/wp-json\/wp\/v2\/product"}],"about":[{"href":"https:\/\/roveyayinevi.com.tr\/index.php\/wp-json\/wp\/v2\/types\/product"}],"wp:attachment":[{"href":"https:\/\/roveyayinevi.com.tr\/index.php\/wp-json\/wp\/v2\/media?parent=764859"}],"wp:term":[{"taxonomy":"product_brand","embeddable":true,"href":"https:\/\/roveyayinevi.com.tr\/index.php\/wp-json\/wp\/v2\/product_brand?post=764859"},{"taxonomy":"product_cat","embeddable":true,"href":"https:\/\/roveyayinevi.com.tr\/index.php\/wp-json\/wp\/v2\/product_cat?post=764859"},{"taxonomy":"product_tag","embeddable":true,"href":"https:\/\/roveyayinevi.com.tr\/index.php\/wp-json\/wp\/v2\/product_tag?post=764859"}],"curies":[{"name":"wp","href":"https:\/\/api.w.org\/{rel}","templated":true}]}}