{"id":764858,"date":"2025-08-28T11:24:03","date_gmt":"2025-08-28T08:24:03","guid":{"rendered":"https:\/\/roveyayinevi.com.tr\/index.php\/urun\/bir-nokta-arasi\/"},"modified":"2026-04-15T03:30:47","modified_gmt":"2026-04-15T00:30:47","slug":"bir-nokta-arasi","status":"publish","type":"product","link":"https:\/\/roveyayinevi.com.tr\/index.php\/urun\/bir-nokta-arasi\/","title":{"rendered":"Bir Nokta Aras\u0131"},"content":{"rendered":"<p>Oysa saza dald\u0131k, sepeti \u00f6rd\u00fck ilmek ilmek. A\u015fk ad\u0131na ne kazand\u0131ysak sepetin i\u00e7erisine koyduk. Umudu koyduk, sevgiyi koyduk, merhameti koyduk, edebi koyduk. Sepet de sepetmi\u015f hani ne koyduysak ald\u0131 b\u00fct\u00fcn bereketiyle. S\u00f6zlere vurduk t\u00fcm d\u00fc\u015f\u00fcncelerimizi. Zaman zaman kalemimiz titredi. Bir nokta aras\u0131nda kald\u0131 c\u00fcmleler. Oysa yazd\u0131k\u00e7a \u00f6\u011freniyor, yazd\u0131k\u00e7a ya\u015f\u0131yorduk. Bir nokta kadar uzak, bir nokta kadar yak\u0131n&#8230; <\/p>\n","protected":false},"excerpt":{"rendered":"<p>Oysa saza dald\u0131k, sepeti \u00f6rd\u00fck ilmek ilmek. A\u015fk ad\u0131na ne kazand\u0131ysak sepetin i\u00e7erisine koyduk. Umudu koyduk, sevgiyi koyduk, merhameti koyduk, edebi koyduk. Sepet de sepetmi\u015f hani<span class=\"excerpt-hellip\"> [\u2026]<\/span><\/p>\n","protected":false},"featured_media":0,"template":"","meta":{"_monsterinsights_skip_tracking":false,"_monsterinsights_sitenote_active":false,"_monsterinsights_sitenote_note":"","_monsterinsights_sitenote_category":0},"product_brand":[],"product_cat":[12777,12291],"product_tag":[],"class_list":{"0":"post-764858","1":"product","2":"type-product","3":"status-publish","5":"product_cat-deneme","6":"product_cat-edebiyat","7":"pa_cilt-ciltsiz","8":"pa_tur-kitap","9":"pa_yayinevi-cinaralti-yayinlari","10":"pa_yazar-ismail-zorba","12":"first","13":"instock","14":"sale","15":"shipping-taxable","16":"purchasable","17":"product-type-simple"},"_links":{"self":[{"href":"https:\/\/roveyayinevi.com.tr\/index.php\/wp-json\/wp\/v2\/product\/764858","targetHints":{"allow":["GET"]}}],"collection":[{"href":"https:\/\/roveyayinevi.com.tr\/index.php\/wp-json\/wp\/v2\/product"}],"about":[{"href":"https:\/\/roveyayinevi.com.tr\/index.php\/wp-json\/wp\/v2\/types\/product"}],"wp:attachment":[{"href":"https:\/\/roveyayinevi.com.tr\/index.php\/wp-json\/wp\/v2\/media?parent=764858"}],"wp:term":[{"taxonomy":"product_brand","embeddable":true,"href":"https:\/\/roveyayinevi.com.tr\/index.php\/wp-json\/wp\/v2\/product_brand?post=764858"},{"taxonomy":"product_cat","embeddable":true,"href":"https:\/\/roveyayinevi.com.tr\/index.php\/wp-json\/wp\/v2\/product_cat?post=764858"},{"taxonomy":"product_tag","embeddable":true,"href":"https:\/\/roveyayinevi.com.tr\/index.php\/wp-json\/wp\/v2\/product_tag?post=764858"}],"curies":[{"name":"wp","href":"https:\/\/api.w.org\/{rel}","templated":true}]}}