{"id":764855,"date":"2025-08-28T11:23:57","date_gmt":"2025-08-28T08:23:57","guid":{"rendered":"https:\/\/roveyayinevi.com.tr\/index.php\/urun\/romantik-baglanma\/"},"modified":"2026-04-15T03:30:47","modified_gmt":"2026-04-15T00:30:47","slug":"romantik-baglanma","status":"publish","type":"product","link":"https:\/\/roveyayinevi.com.tr\/index.php\/urun\/romantik-baglanma\/","title":{"rendered":"Romantik Ba\u011flanma"},"content":{"rendered":"<p>Kimimiz ya\u015fad\u0131\u011f\u0131 ili\u015fkilerden kimimiz ise bir ba\u015fkas\u0131n\u0131n ya\u015fad\u0131\u011f\u0131 ili\u015fkilerden yola \u00e7\u0131karak \u00e7e\u015fitli a\u015fk mitleri olu\u015fturmu\u015fuzdur. \u201c\u0130lk g\u00f6r\u00fc\u015fte a\u015fka inan\u0131r\u0131m.\u201d \u201cA\u015fk engel tan\u0131maz.\u201d \u201cA\u015fk diye bir \u015fey yoktur.\u201d \u201cKad\u0131nlar erkeklere g\u00f6re daha h\u0131zl\u0131 \u00e2\u015f\u0131k olur.\u201d \u201cKimseye \u00e2\u015f\u0131k olabilece\u011fimi d\u00fc\u015f\u00fcnemiyorum.\u201d \u201cA\u015fk\u0131n \u00f6mr\u00fc 4 y\u0131lm\u0131\u015f. Bence a\u015fk\u0131n \u00f6mr\u00fc 4 y\u0131ldan da az.\u201d Bu kitap; sa\u011fl\u0131kl\u0131 romantik ili\u015fkinin nas\u0131l olmas\u0131 gerekti\u011fini, bunun i\u00e7in nelere ihtiyac\u0131n\u0131z\u0131n oldu\u011funu, davran\u0131\u015flar\u0131n alt\u0131nda yatan sebepleri ve ya\u015fad\u0131\u011f\u0131n\u0131z problemlere y\u00f6nelik \u00e7\u00f6z\u00fcm \u00f6nerilerini bilimsel temellere dayand\u0131rarak anlatmaktad\u0131r. \u201cEvlili\u011fim sorunlu\u2026\u201d, \u201cE\u015fimin neden b\u00f6yle davrand\u0131\u011f\u0131n\u0131 \u00e7o\u011fu zaman anlam\u0131yorum.\u201d, \u201c\u0130li\u015fkimi kurtarmak i\u00e7in neler yapabilirim.\u201d ya da \u201cOnun neden b\u00f6yle davrand\u0131\u011f\u0131n\u0131 anlam\u0131yorum.\u201d diyorsan\u0131z bu kitab\u0131 okuman\u0131z\u0131 tavsiye ederiz. <\/p>\n","protected":false},"excerpt":{"rendered":"<p>Kimimiz ya\u015fad\u0131\u011f\u0131 ili\u015fkilerden kimimiz ise bir ba\u015fkas\u0131n\u0131n ya\u015fad\u0131\u011f\u0131 ili\u015fkilerden yola \u00e7\u0131karak \u00e7e\u015fitli a\u015fk mitleri olu\u015fturmu\u015fuzdur. \u201c\u0130lk g\u00f6r\u00fc\u015fte a\u015fka inan\u0131r\u0131m.\u201d \u201cA\u015fk engel tan\u0131maz.\u201d \u201cA\u015fk diye bir \u015fey<span class=\"excerpt-hellip\"> [\u2026]<\/span><\/p>\n","protected":false},"featured_media":0,"template":"","meta":{"_monsterinsights_skip_tracking":false,"_monsterinsights_sitenote_active":false,"_monsterinsights_sitenote_note":"","_monsterinsights_sitenote_category":0},"product_brand":[],"product_cat":[12357],"product_tag":[],"class_list":{"0":"post-764855","1":"product","2":"type-product","3":"status-publish","5":"product_cat-psikoloji","6":"pa_cilt-ciltsiz","7":"pa_tur-kitap","8":"pa_yayinevi-cinaralti-yayinlari","9":"pa_yazar-aylin-mihci","11":"first","12":"instock","13":"sale","14":"shipping-taxable","15":"purchasable","16":"product-type-simple"},"_links":{"self":[{"href":"https:\/\/roveyayinevi.com.tr\/index.php\/wp-json\/wp\/v2\/product\/764855","targetHints":{"allow":["GET"]}}],"collection":[{"href":"https:\/\/roveyayinevi.com.tr\/index.php\/wp-json\/wp\/v2\/product"}],"about":[{"href":"https:\/\/roveyayinevi.com.tr\/index.php\/wp-json\/wp\/v2\/types\/product"}],"wp:attachment":[{"href":"https:\/\/roveyayinevi.com.tr\/index.php\/wp-json\/wp\/v2\/media?parent=764855"}],"wp:term":[{"taxonomy":"product_brand","embeddable":true,"href":"https:\/\/roveyayinevi.com.tr\/index.php\/wp-json\/wp\/v2\/product_brand?post=764855"},{"taxonomy":"product_cat","embeddable":true,"href":"https:\/\/roveyayinevi.com.tr\/index.php\/wp-json\/wp\/v2\/product_cat?post=764855"},{"taxonomy":"product_tag","embeddable":true,"href":"https:\/\/roveyayinevi.com.tr\/index.php\/wp-json\/wp\/v2\/product_tag?post=764855"}],"curies":[{"name":"wp","href":"https:\/\/api.w.org\/{rel}","templated":true}]}}