{"id":764853,"date":"2025-08-28T11:23:54","date_gmt":"2025-08-28T08:23:54","guid":{"rendered":"https:\/\/roveyayinevi.com.tr\/index.php\/urun\/adab-i-muaseret-sozlugu\/"},"modified":"2026-04-15T03:30:47","modified_gmt":"2026-04-15T00:30:47","slug":"adab-i-muaseret-sozlugu","status":"publish","type":"product","link":"https:\/\/roveyayinevi.com.tr\/index.php\/urun\/adab-i-muaseret-sozlugu\/","title":{"rendered":"Adab-\u0131 Mua\u015feret S\u00f6zl\u00fc\u011f\u00fc"},"content":{"rendered":"<p>\u0130nsan ili\u015fkileri ve \u00e2d\u00e2b-\u0131 mu\u00e2\u015feret konular\u0131na dair kelime, deyim, kavram ve atas\u00f6zlerinden olu\u015fan bu s\u00f6zl\u00fck; konuya ilgi duyan okuyucular i\u00e7in bir kaynak, ortaokul ve lise \u00f6\u011frencileri i\u00e7in yard\u0131mc\u0131 kaynak olarak haz\u0131rlanm\u0131\u015ft\u0131r. Milli E\u011fitim Bakanl\u0131\u011f\u0131 m\u00fcfredat\u0131na g\u00f6re haz\u0131rlanan bu \u00e7al\u0131\u015fma hem detayl\u0131 i\u00e7eri\u011fi hem de konuyla ilgili bilgiye daha kolay ula\u015fabilme imkan\u0131 sunmas\u0131 a\u00e7\u0131s\u0131ndan alan\u0131nda bir ilk olma \u00f6zelli\u011fine sahiptir. <\/p>\n","protected":false},"excerpt":{"rendered":"<p>\u0130nsan ili\u015fkileri ve \u00e2d\u00e2b-\u0131 mu\u00e2\u015feret konular\u0131na dair kelime, deyim, kavram ve atas\u00f6zlerinden olu\u015fan bu s\u00f6zl\u00fck; konuya ilgi duyan okuyucular i\u00e7in bir kaynak, ortaokul ve lise \u00f6\u011frencileri<span class=\"excerpt-hellip\"> [\u2026]<\/span><\/p>\n","protected":false},"featured_media":0,"template":"","meta":{"_monsterinsights_skip_tracking":false,"_monsterinsights_sitenote_active":false,"_monsterinsights_sitenote_note":"","_monsterinsights_sitenote_category":0},"product_brand":[],"product_cat":[12566],"product_tag":[],"class_list":{"0":"post-764853","1":"product","2":"type-product","3":"status-publish","5":"product_cat-egitim","6":"pa_cilt-ciltsiz","7":"pa_tur-kitap","8":"pa_yayinevi-cinaralti-yayinlari","9":"pa_yazar-idris-koc","11":"first","12":"instock","13":"sale","14":"shipping-taxable","15":"purchasable","16":"product-type-simple"},"_links":{"self":[{"href":"https:\/\/roveyayinevi.com.tr\/index.php\/wp-json\/wp\/v2\/product\/764853","targetHints":{"allow":["GET"]}}],"collection":[{"href":"https:\/\/roveyayinevi.com.tr\/index.php\/wp-json\/wp\/v2\/product"}],"about":[{"href":"https:\/\/roveyayinevi.com.tr\/index.php\/wp-json\/wp\/v2\/types\/product"}],"wp:attachment":[{"href":"https:\/\/roveyayinevi.com.tr\/index.php\/wp-json\/wp\/v2\/media?parent=764853"}],"wp:term":[{"taxonomy":"product_brand","embeddable":true,"href":"https:\/\/roveyayinevi.com.tr\/index.php\/wp-json\/wp\/v2\/product_brand?post=764853"},{"taxonomy":"product_cat","embeddable":true,"href":"https:\/\/roveyayinevi.com.tr\/index.php\/wp-json\/wp\/v2\/product_cat?post=764853"},{"taxonomy":"product_tag","embeddable":true,"href":"https:\/\/roveyayinevi.com.tr\/index.php\/wp-json\/wp\/v2\/product_tag?post=764853"}],"curies":[{"name":"wp","href":"https:\/\/api.w.org\/{rel}","templated":true}]}}