{"id":764850,"date":"2025-08-28T11:23:48","date_gmt":"2025-08-28T08:23:48","guid":{"rendered":"https:\/\/roveyayinevi.com.tr\/index.php\/urun\/bir-ahtapotun-otobiyografisi-ve-oteki-ongoru-hikayeleri\/"},"modified":"2026-04-15T03:30:47","modified_gmt":"2026-04-15T00:30:47","slug":"bir-ahtapotun-otobiyografisi-ve-oteki-ongoru-hikayeleri","status":"publish","type":"product","link":"https:\/\/roveyayinevi.com.tr\/index.php\/urun\/bir-ahtapotun-otobiyografisi-ve-oteki-ongoru-hikayeleri\/","title":{"rendered":"Bir Ahtapotun Otobiyografisi ve \u00d6teki \u00d6ng\u00f6r\u00fc Hikayeleri"},"content":{"rendered":"<p>\u0130nsanl\u0131\u011f\u0131n kibri \u00e7o\u011fu zaman hayvanlar\u0131 \u00e7ok fazla hafife almas\u0131na, kendini \u00fcst\u00fcn, onlar\u0131 de\u011fersiz g\u00f6rmesine sebep oldu. Hayvanlar\u0131n d\u00fcnyas\u0131n\u0131n ve ileti\u015fim yeteneklerinin ne kadar geli\u015fkin oldu\u011funu fark edebilmemiz i\u00e7in 21. y\u00fczy\u0131l\u0131 beklememiz gerekti. Vinciane Despret bu kitab\u0131yla hayvanlar\u0131n d\u00fcnyas\u0131na bamba\u015fka bir pencere a\u00e7\u0131yor; bilimsel tart\u0131\u015fmalar\u0131n ve yeni yeni geli\u015fen teroleng\u00fcistik alan\u0131n\u0131n \u0131\u015f\u0131\u011f\u0131nda bizi bamba\u015fka tasavvurlara s\u00fcr\u00fckl\u00fcyor. Anlat\u0131lar olu\u015fturmakta farkl\u0131 farkl\u0131 y\u00f6ntemleri olan hayvanlar\u0131n sesine kulak vermeye davet ediyor. \u00d6r\u00fcmcekler belki makinelerimizin g\u00fcr\u00fclt\u00fcs\u00fcnden rahats\u0131z olduklar\u0131n\u0131 a\u00e7\u0131k\u00e7a ifade ediyor. Vombatlar d\u0131\u015fk\u0131lar\u0131yla \u00f6rd\u00fckleri duvarlarla kendi i\u00e7inde son derece tutarl\u0131 bir kozmoloji yarat\u0131yor. K\u0131sa \u00f6m\u00fcrl\u00fc ahtapotlar belki \u00f6l\u00fcmden sonras\u0131n\u0131 hayal ediyor ve fark\u0131nda olmad\u0131\u011f\u0131m\u0131z bir yaz\u0131yla metinler b\u0131rak\u0131yor. Bilimden felsefi d\u00fc\u015f\u00fcnceye ge\u00e7en, insan canl\u0131larla insan olmayan canl\u0131lar aras\u0131ndaki s\u0131n\u0131rlar\u0131 bulan\u0131kla\u015ft\u0131ran bir \u00e7al\u0131\u015fma\u2026 <\/p>\n","protected":false},"excerpt":{"rendered":"<p>\u0130nsanl\u0131\u011f\u0131n kibri \u00e7o\u011fu zaman hayvanlar\u0131 \u00e7ok fazla hafife almas\u0131na, kendini \u00fcst\u00fcn, onlar\u0131 de\u011fersiz g\u00f6rmesine sebep oldu. Hayvanlar\u0131n d\u00fcnyas\u0131n\u0131n ve ileti\u015fim yeteneklerinin ne kadar geli\u015fkin oldu\u011funu fark<span class=\"excerpt-hellip\"> [\u2026]<\/span><\/p>\n","protected":false},"featured_media":0,"template":"","meta":{"_monsterinsights_skip_tracking":false,"_monsterinsights_sitenote_active":false,"_monsterinsights_sitenote_note":"","_monsterinsights_sitenote_category":0},"product_brand":[],"product_cat":[12291,18202],"product_tag":[],"class_list":{"0":"post-764850","1":"product","2":"type-product","3":"status-publish","5":"product_cat-edebiyat","6":"product_cat-hikaye","7":"pa_cilt-ciltsiz","8":"pa_tur-kitap","9":"pa_yayinevi-kirmizi-kedi-yayinevi","10":"pa_yazar-vinciane-despert","12":"first","13":"instock","14":"sale","15":"shipping-taxable","16":"purchasable","17":"product-type-simple"},"_links":{"self":[{"href":"https:\/\/roveyayinevi.com.tr\/index.php\/wp-json\/wp\/v2\/product\/764850","targetHints":{"allow":["GET"]}}],"collection":[{"href":"https:\/\/roveyayinevi.com.tr\/index.php\/wp-json\/wp\/v2\/product"}],"about":[{"href":"https:\/\/roveyayinevi.com.tr\/index.php\/wp-json\/wp\/v2\/types\/product"}],"wp:attachment":[{"href":"https:\/\/roveyayinevi.com.tr\/index.php\/wp-json\/wp\/v2\/media?parent=764850"}],"wp:term":[{"taxonomy":"product_brand","embeddable":true,"href":"https:\/\/roveyayinevi.com.tr\/index.php\/wp-json\/wp\/v2\/product_brand?post=764850"},{"taxonomy":"product_cat","embeddable":true,"href":"https:\/\/roveyayinevi.com.tr\/index.php\/wp-json\/wp\/v2\/product_cat?post=764850"},{"taxonomy":"product_tag","embeddable":true,"href":"https:\/\/roveyayinevi.com.tr\/index.php\/wp-json\/wp\/v2\/product_tag?post=764850"}],"curies":[{"name":"wp","href":"https:\/\/api.w.org\/{rel}","templated":true}]}}