{"id":764849,"date":"2025-08-28T11:23:46","date_gmt":"2025-08-28T08:23:46","guid":{"rendered":"https:\/\/roveyayinevi.com.tr\/index.php\/urun\/kucuk-dev-kadin-azra\/"},"modified":"2026-04-15T03:30:47","modified_gmt":"2026-04-15T00:30:47","slug":"kucuk-dev-kadin-azra","status":"publish","type":"product","link":"https:\/\/roveyayinevi.com.tr\/index.php\/urun\/kucuk-dev-kadin-azra\/","title":{"rendered":"K\u00fc\u00e7\u00fck Dev Kad\u0131n Azra"},"content":{"rendered":"<p>Osmanl\u0131 \u0130mparatorlu\u011fu\u2019nun son y\u0131llar\u0131nda d\u00fcnyaya gelmi\u015f ve gen\u00e7 Cumhuriyet\u2019te b\u00fcy\u00fcy\u00fcp onun \u00fclk\u00fclerine inanarak \u00e7al\u0131\u015fan, inand\u0131\u011f\u0131 \u00fclk\u00fclerin toplumun daha geni\u015f kesimlerince benimsenmesi i\u00e7in \u00fcreten bir ad&#8230; Akademisyen, \u00e7evirmen, yazar, bir d\u00f6nem gazeteci, en sad\u0131k \u201cmavi yolcu\u201d, Mavi Anadoluculuk tezinin kurucu ve savunucular\u0131ndan. Sadece ku\u015fa\u011f\u0131n\u0131n de\u011fil bug\u00fcn i\u00e7in bile bu topraklar\u0131n yeti\u015ftirdi\u011fi nadir R\u00f6nesans insanlar\u0131ndan. H\u00fcmanist ve \u00e7a\u011f\u0131n\u0131n tan\u0131\u011f\u0131 bir ayd\u0131n. T\u00fcm bunlar\u0131n kar\u015f\u0131l\u0131\u011f\u0131 tek bir isme \u00e7\u0131k\u0131yor: Azra Erhat\u2026 Bug\u00fcne kadar birbirinden \u00f6zg\u00fcn ve \u00f6nemli adlar\u0131n biyografilerine imza atan Liz Behmoaras, bu kez Azra Erhat\u2019\u0131n hik\u00e2yesini kaleme al\u0131yor. Benzersiz bir kad\u0131n\u0131n hayat boyu t\u00fcm durak ve d\u00f6neme\u00e7leriyle yolculu\u011funu anlat\u0131rken, asl\u0131nda \u00e7ok daha \u00f6nce giderilmesi gereken bir eksi\u011fi kapat\u0131yor. K\u00fc\u00e7\u00fck Dev Kad\u0131n Azra kitab\u0131nda Behmoaras, Selanik\u2019ten \u0130stanbul\u2019a, \u00e7ocuklu\u011fundan akademik kariyerine, yapt\u0131\u011f\u0131 \u00e7evirilerden mavi yolculuklara, Bal\u0131k\u00e7\u0131\u2019yla olan a\u015fk\u0131ndan di\u011fer \u00f6l\u00fcms\u00fcz dostluklar\u0131na eksiksiz bir Azra Erhat biyografisine imza at\u0131yor. <\/p>\n","protected":false},"excerpt":{"rendered":"<p>Osmanl\u0131 \u0130mparatorlu\u011fu\u2019nun son y\u0131llar\u0131nda d\u00fcnyaya gelmi\u015f ve gen\u00e7 Cumhuriyet\u2019te b\u00fcy\u00fcy\u00fcp onun \u00fclk\u00fclerine inanarak \u00e7al\u0131\u015fan, inand\u0131\u011f\u0131 \u00fclk\u00fclerin toplumun daha geni\u015f kesimlerince benimsenmesi i\u00e7in \u00fcreten bir ad&#8230; Akademisyen,<span class=\"excerpt-hellip\"> [\u2026]<\/span><\/p>\n","protected":false},"featured_media":0,"template":"","meta":{"_monsterinsights_skip_tracking":false,"_monsterinsights_sitenote_active":false,"_monsterinsights_sitenote_note":"","_monsterinsights_sitenote_category":0},"product_brand":[],"product_cat":[14009,12291],"product_tag":[],"class_list":{"0":"post-764849","1":"product","2":"type-product","3":"status-publish","5":"product_cat-biyografi-otobiyografi-edebiyat","6":"product_cat-edebiyat","7":"pa_cilt-ciltsiz","8":"pa_tur-kitap","9":"pa_yayinevi-kirmizi-kedi-yayinevi","10":"pa_yazar-liz-behmoaras","12":"first","13":"instock","14":"sale","15":"shipping-taxable","16":"purchasable","17":"product-type-simple"},"_links":{"self":[{"href":"https:\/\/roveyayinevi.com.tr\/index.php\/wp-json\/wp\/v2\/product\/764849","targetHints":{"allow":["GET"]}}],"collection":[{"href":"https:\/\/roveyayinevi.com.tr\/index.php\/wp-json\/wp\/v2\/product"}],"about":[{"href":"https:\/\/roveyayinevi.com.tr\/index.php\/wp-json\/wp\/v2\/types\/product"}],"wp:attachment":[{"href":"https:\/\/roveyayinevi.com.tr\/index.php\/wp-json\/wp\/v2\/media?parent=764849"}],"wp:term":[{"taxonomy":"product_brand","embeddable":true,"href":"https:\/\/roveyayinevi.com.tr\/index.php\/wp-json\/wp\/v2\/product_brand?post=764849"},{"taxonomy":"product_cat","embeddable":true,"href":"https:\/\/roveyayinevi.com.tr\/index.php\/wp-json\/wp\/v2\/product_cat?post=764849"},{"taxonomy":"product_tag","embeddable":true,"href":"https:\/\/roveyayinevi.com.tr\/index.php\/wp-json\/wp\/v2\/product_tag?post=764849"}],"curies":[{"name":"wp","href":"https:\/\/api.w.org\/{rel}","templated":true}]}}