{"id":764846,"date":"2025-08-28T11:23:40","date_gmt":"2025-08-28T08:23:40","guid":{"rendered":"https:\/\/roveyayinevi.com.tr\/index.php\/urun\/cicek-asisi\/"},"modified":"2026-04-15T03:30:47","modified_gmt":"2026-04-15T00:30:47","slug":"cicek-asisi","status":"publish","type":"product","link":"https:\/\/roveyayinevi.com.tr\/index.php\/urun\/cicek-asisi\/","title":{"rendered":"\u00c7i\u00e7ek A\u015f\u0131s\u0131"},"content":{"rendered":"<p>R. Louis Stevenson, \u201c\u015earap \u015fi\u015felenmi\u015f \u015fiirdir,\u201d der.   Bu s\u00f6z\u00fc ilk duydu\u011fumda i\u00e7imden bir ses \u201cNeden c\u00fcmlesini yar\u0131m b\u0131rakt\u0131?\u201d diye sormu\u015ftu. Zira \u201c\u015earap \u015fi\u015felenmi\u015f \u015fiirdir, \u015fiirse dam\u0131t\u0131lm\u0131\u015f A\u015fk\u2019t\u0131r\u2026\u201d   K\u00f6t\u00fcr\u00fcm bir kur\u015funa yolda\u015fl\u0131k eden \u015fair Can K\u0131r\u0131klar\u0131\u2019n\u0131n \u00fczerinde, yal\u0131n ayak y\u00fcr\u00fcrken Birden omzundaki s\u0131z\u0131yla irkiliyor Ve \u00c7i\u00e7ek A\u015f\u0131s\u0131\u2019n\u0131n hik\u00e2yesi b\u00f6ylece ba\u015fl\u0131yor\u2026<\/p>\n","protected":false},"excerpt":{"rendered":"<p>R. Louis Stevenson, \u201c\u015earap \u015fi\u015felenmi\u015f \u015fiirdir,\u201d der. Bu s\u00f6z\u00fc ilk duydu\u011fumda i\u00e7imden bir ses \u201cNeden c\u00fcmlesini yar\u0131m b\u0131rakt\u0131?\u201d diye sormu\u015ftu. Zira \u201c\u015earap \u015fi\u015felenmi\u015f \u015fiirdir, \u015fiirse dam\u0131t\u0131lm\u0131\u015f<span class=\"excerpt-hellip\"> [\u2026]<\/span><\/p>\n","protected":false},"featured_media":0,"template":"","meta":{"_monsterinsights_skip_tracking":false,"_monsterinsights_sitenote_active":false,"_monsterinsights_sitenote_note":"","_monsterinsights_sitenote_category":0},"product_brand":[],"product_cat":[12291,12509],"product_tag":[],"class_list":{"0":"post-764846","1":"product","2":"type-product","3":"status-publish","5":"product_cat-edebiyat","6":"product_cat-siir","7":"pa_cilt-ciltsiz","8":"pa_tur-kitap","9":"pa_yayinevi-luna-yayinlari","10":"pa_yazar-sadik-ozkan","12":"first","13":"instock","14":"sale","15":"shipping-taxable","16":"purchasable","17":"product-type-simple"},"_links":{"self":[{"href":"https:\/\/roveyayinevi.com.tr\/index.php\/wp-json\/wp\/v2\/product\/764846","targetHints":{"allow":["GET"]}}],"collection":[{"href":"https:\/\/roveyayinevi.com.tr\/index.php\/wp-json\/wp\/v2\/product"}],"about":[{"href":"https:\/\/roveyayinevi.com.tr\/index.php\/wp-json\/wp\/v2\/types\/product"}],"wp:attachment":[{"href":"https:\/\/roveyayinevi.com.tr\/index.php\/wp-json\/wp\/v2\/media?parent=764846"}],"wp:term":[{"taxonomy":"product_brand","embeddable":true,"href":"https:\/\/roveyayinevi.com.tr\/index.php\/wp-json\/wp\/v2\/product_brand?post=764846"},{"taxonomy":"product_cat","embeddable":true,"href":"https:\/\/roveyayinevi.com.tr\/index.php\/wp-json\/wp\/v2\/product_cat?post=764846"},{"taxonomy":"product_tag","embeddable":true,"href":"https:\/\/roveyayinevi.com.tr\/index.php\/wp-json\/wp\/v2\/product_tag?post=764846"}],"curies":[{"name":"wp","href":"https:\/\/api.w.org\/{rel}","templated":true}]}}