{"id":764845,"date":"2025-08-28T11:23:38","date_gmt":"2025-08-28T08:23:38","guid":{"rendered":"https:\/\/roveyayinevi.com.tr\/index.php\/urun\/yasantinin-kalin-duvarlari\/"},"modified":"2026-04-15T03:30:47","modified_gmt":"2026-04-15T00:30:47","slug":"yasantinin-kalin-duvarlari","status":"publish","type":"product","link":"https:\/\/roveyayinevi.com.tr\/index.php\/urun\/yasantinin-kalin-duvarlari\/","title":{"rendered":"Ya\u015fant\u0131n\u0131n Kal\u0131n Duvarlar\u0131"},"content":{"rendered":"<p>Bulutlara \u00e7\u0131kmay\u0131 \u00e7ok istedim; Yerine geldi dile\u011fim. Bulutlar pamuktan yatak, Yast\u0131\u011f\u0131m da elbette buluttan!   D\u00fcnyan\u0131n \u00fcst\u00fcnde dald\u0131m uykuya, Buluttan yorgan\u0131ma sar\u0131ld\u0131m. En g\u00fczel gece saatlerinde Hap\u015f\u0131ran bulut, oldu nezle!   Beni, G\u00f6ktepe\u2019den para\u015f\u00fcts\u00fcz Anlamadan, a\u015fa\u011f\u0131 att\u0131! \u00d6lmedim ama dirse\u011fim, kafam ac\u0131d\u0131.Uyurken, yata\u011f\u0131mdan d\u00fc\u015fm\u00fc\u015f\u00fcm.<\/p>\n","protected":false},"excerpt":{"rendered":"<p>Bulutlara \u00e7\u0131kmay\u0131 \u00e7ok istedim; Yerine geldi dile\u011fim. Bulutlar pamuktan yatak, Yast\u0131\u011f\u0131m da elbette buluttan! D\u00fcnyan\u0131n \u00fcst\u00fcnde dald\u0131m uykuya, Buluttan yorgan\u0131ma sar\u0131ld\u0131m. En g\u00fczel gece saatlerinde Hap\u015f\u0131ran<span class=\"excerpt-hellip\"> [\u2026]<\/span><\/p>\n","protected":false},"featured_media":0,"template":"","meta":{"_monsterinsights_skip_tracking":false,"_monsterinsights_sitenote_active":false,"_monsterinsights_sitenote_note":"","_monsterinsights_sitenote_category":0},"product_brand":[],"product_cat":[12291,12509],"product_tag":[],"class_list":{"0":"post-764845","1":"product","2":"type-product","3":"status-publish","5":"product_cat-edebiyat","6":"product_cat-siir","7":"pa_cilt-ciltsiz","8":"pa_tur-kitap","9":"pa_yayinevi-luna-yayinlari","10":"pa_yazar-adem-ali-komurcu","12":"first","13":"instock","14":"sale","15":"shipping-taxable","16":"purchasable","17":"product-type-simple"},"_links":{"self":[{"href":"https:\/\/roveyayinevi.com.tr\/index.php\/wp-json\/wp\/v2\/product\/764845","targetHints":{"allow":["GET"]}}],"collection":[{"href":"https:\/\/roveyayinevi.com.tr\/index.php\/wp-json\/wp\/v2\/product"}],"about":[{"href":"https:\/\/roveyayinevi.com.tr\/index.php\/wp-json\/wp\/v2\/types\/product"}],"wp:attachment":[{"href":"https:\/\/roveyayinevi.com.tr\/index.php\/wp-json\/wp\/v2\/media?parent=764845"}],"wp:term":[{"taxonomy":"product_brand","embeddable":true,"href":"https:\/\/roveyayinevi.com.tr\/index.php\/wp-json\/wp\/v2\/product_brand?post=764845"},{"taxonomy":"product_cat","embeddable":true,"href":"https:\/\/roveyayinevi.com.tr\/index.php\/wp-json\/wp\/v2\/product_cat?post=764845"},{"taxonomy":"product_tag","embeddable":true,"href":"https:\/\/roveyayinevi.com.tr\/index.php\/wp-json\/wp\/v2\/product_tag?post=764845"}],"curies":[{"name":"wp","href":"https:\/\/api.w.org\/{rel}","templated":true}]}}